{"id":9981,"date":"2025-08-20T12:04:41","date_gmt":"2025-08-20T11:04:41","guid":{"rendered":"https:\/\/www.extensionmania.com\/tienda\/?post_type=product&#038;p=9981"},"modified":"2026-03-01T23:27:44","modified_gmt":"2026-03-01T22:27:44","slug":"new-rizador-ghd-chronos-curve-conical","status":"publish","type":"product","link":"https:\/\/www.extensionmania.com\/tienda\/producto\/new-rizador-ghd-chronos-curve-conical\/","title":{"rendered":"(new) Rizador Ghd Chronos Curve Conical"},"content":{"rendered":"<p data-start=\"208\" data-end=\"281\"><strong data-start=\"208\" data-end=\"279\">Rizador Ghd Chronos Curve Conical \u2013 Rizos definidos con acabado profesional<\/strong><\/p>\n<p data-start=\"283\" data-end=\"640\">El rizador Ghd Chronos Curve Conical es un rizador profesional con dise\u00f1o c\u00f3nico que permite crear rizos definidos, ondas glamorosas o looks m\u00e1s naturales con facilidad. Su avanzada tecnolog\u00eda <strong data-start=\"468\" data-end=\"482\">ultrazone\u2122<\/strong> mantiene una temperatura constante y \u00f3ptima de <strong data-start=\"530\" data-end=\"539\">185\u00baC<\/strong>, adapt\u00e1ndose a las necesidades de tu cabello para conseguir un peinado duradero sin calor extremo.<\/p>\n<p data-start=\"642\" data-end=\"955\">Su barril c\u00f3nico de 23\u201328 mm ofrece versatilidad total: desde rizos compactos y definidos hasta ondas suaves y sueltas, siempre con un acabado brillante y sin encrespamiento. Adem\u00e1s, su punta fr\u00eda, soporte de seguridad integrado y cable profesional giratorio de 2,7 m garantizan comodidad y control en cada uso. V\u00e1lido para <a href=\"https:\/\/www.extensionmania.com\/tienda\/\">extensiones de cabello natural.<\/a><\/p>\n<p data-start=\"957\" data-end=\"985\"><strong data-start=\"957\" data-end=\"983\">Caracter\u00edsticas clave:<\/strong><\/p>\n<ul data-start=\"986\" data-end=\"1376\">\n<li data-start=\"986\" data-end=\"1046\">\n<p data-start=\"988\" data-end=\"1046\">Barril c\u00f3nico de 23\u201328 mm para rizos y ondas vers\u00e1tiles.<\/p>\n<\/li>\n<li data-start=\"1047\" data-end=\"1104\">\n<p data-start=\"1049\" data-end=\"1104\">Tecnolog\u00eda <strong data-start=\"1060\" data-end=\"1074\">ultrazone\u2122<\/strong> con calor uniforme a 185\u00baC.<\/p>\n<\/li>\n<li data-start=\"1105\" data-end=\"1161\">\n<p data-start=\"1107\" data-end=\"1161\">Acabados duraderos, brillantes y sin encrespamiento.<\/p>\n<\/li>\n<li data-start=\"1162\" data-end=\"1202\">\n<p data-start=\"1164\" data-end=\"1202\">Calentamiento r\u00e1pido en 25 segundos.<\/p>\n<\/li>\n<li data-start=\"1203\" data-end=\"1262\">\n<p data-start=\"1205\" data-end=\"1262\">Punta fr\u00eda y soporte de seguridad para un uso sencillo.<\/p>\n<\/li>\n<li data-start=\"1263\" data-end=\"1304\">\n<p data-start=\"1265\" data-end=\"1304\">Cable profesional giratorio de 2,7 m.<\/p>\n<\/li>\n<li data-start=\"1305\" data-end=\"1352\">\n<p data-start=\"1307\" data-end=\"1352\">Modo suspensi\u00f3n autom\u00e1tico tras 30 minutos.<\/p>\n<\/li>\n<li data-start=\"1353\" data-end=\"1376\">\n<p data-start=\"1355\" data-end=\"1376\">3 a\u00f1os de garant\u00eda.<\/p>\n<\/li>\n<\/ul>\n<p data-start=\"1378\" data-end=\"1536\">Con el ghd Chronos Curve Conical transformar\u00e1s tu estilo con rizos y ondas impecables que duran todo el d\u00eda, sin esfuerzo y con resultados de sal\u00f3n en casa.<\/p>\n","protected":false},"excerpt":{"rendered":"<p data-start=\"1570\" data-end=\"1834\">El <strong data-start=\"1573\" data-end=\"1602\">ghd Chronos Curve Conical<\/strong> es un rizador profesional con barril c\u00f3nico de 23\u201328 mm que crea rizos definidos y ondas naturales con acabado brillante.<\/p>\n<p data-start=\"1570\" data-end=\"1834\">Con tecnolog\u00eda <strong data-start=\"1740\" data-end=\"1754\">ultrazone\u2122<\/strong> y calor constante de 185\u00baC, ofrece resultados duraderos sin da\u00f1ar tu cabello.<\/p>\n","protected":false},"featured_media":9994,"comment_status":"open","ping_status":"closed","template":"","meta":[],"product_brand":[],"product_cat":[33,224],"product_tag":[],"class_list":{"0":"post-9981","1":"product","2":"type-product","3":"status-publish","4":"has-post-thumbnail","6":"product_cat-ghd","7":"product_cat-rizadores-ghd","9":"first","10":"instock","11":"taxable","12":"shipping-taxable","13":"purchasable","14":"product-type-simple"},"_links":{"self":[{"href":"https:\/\/www.extensionmania.com\/tienda\/wp-json\/wp\/v2\/product\/9981","targetHints":{"allow":["GET"]}}],"collection":[{"href":"https:\/\/www.extensionmania.com\/tienda\/wp-json\/wp\/v2\/product"}],"about":[{"href":"https:\/\/www.extensionmania.com\/tienda\/wp-json\/wp\/v2\/types\/product"}],"replies":[{"embeddable":true,"href":"https:\/\/www.extensionmania.com\/tienda\/wp-json\/wp\/v2\/comments?post=9981"}],"version-history":[{"count":0,"href":"https:\/\/www.extensionmania.com\/tienda\/wp-json\/wp\/v2\/product\/9981\/revisions"}],"wp:featuredmedia":[{"embeddable":true,"href":"https:\/\/www.extensionmania.com\/tienda\/wp-json\/wp\/v2\/media\/9994"}],"wp:attachment":[{"href":"https:\/\/www.extensionmania.com\/tienda\/wp-json\/wp\/v2\/media?parent=9981"}],"wp:term":[{"taxonomy":"product_brand","embeddable":true,"href":"https:\/\/www.extensionmania.com\/tienda\/wp-json\/wp\/v2\/product_brand?post=9981"},{"taxonomy":"product_cat","embeddable":true,"href":"https:\/\/www.extensionmania.com\/tienda\/wp-json\/wp\/v2\/product_cat?post=9981"},{"taxonomy":"product_tag","embeddable":true,"href":"https:\/\/www.extensionmania.com\/tienda\/wp-json\/wp\/v2\/product_tag?post=9981"}],"curies":[{"name":"wp","href":"https:\/\/api.w.org\/{rel}","templated":true}]}}