{"id":912,"date":"2022-05-02T11:50:16","date_gmt":"2022-05-02T10:50:16","guid":{"rendered":"https:\/\/www.extensionmania.com\/?post_type=product&#038;p=912"},"modified":"2026-03-31T09:17:06","modified_gmt":"2026-03-31T07:17:06","slug":"extensiones-adhesivas-3d-35-cms","status":"publish","type":"product","link":"https:\/\/www.extensionmania.com\/tienda\/producto\/extensiones-adhesivas-3d-35-cms\/","title":{"rendered":"Extensiones adhesivas de cabello natural 35 cm 3D"},"content":{"rendered":"<p>Realizadas con cabello premium, las\u00a0<strong>extensiones adhesivas de cabello natural <\/strong>de 35 cm de largo se caracterizan por ser ultra finas e imperceptibles por lo que podr\u00e1s hacerte recogidos, mo\u00f1os y coletas sin que se noten. Los resultados son excelentes, consiguen dar un extra de volumen a cabellos finos, m\u00e1s longitud a las melenas cortas e incluso cubren las zonas despobladas. Tambi\u00e9n son ideales en cabellos que por alg\u00fan motivo han sufrido la agresi\u00f3n de productos qu\u00edmicos como decoloraciones, tintes y permanentes. Sin duda, es la mejor opci\u00f3n para no tener que cortar toda la melena y s\u00f3lo sanear la parte estropeada.<\/p>\n<p>Las <strong>extensiones 3D<\/strong> de EXTENSIONmania aportan cantidad, cuerpo y permiten una mayor durabilidad del peinado. Si prefieres otro tipo de t\u00e9cnica, puedes elegir entre los diferentes <a href=\"https:\/\/www.extensionmania.com\/tienda\/categoria-producto\/extensiones\/\">tipos de extensiones<\/a> que ofrecemos en EXTENSIONmania.<\/p>\n<p>Con una banda plana y flexible, las tiras adhesivas de 4 cm de ancho y 35 cm de largo, se adaptan a la melena haciendo que resulten imperceptibles tanto a la vista como al tacto. El adhesivo se coloca entre medio del cabello y se sella mediante una suave presi\u00f3n. En ning\u00fan caso contiene sustancias qu\u00edmicas que da\u00f1an el cabello por lo que podemos asegurarte un resultado natural.<\/p>\n<p>Complementa tu melena con las extensiones adhesivas de cabello natural de 35 cm 3D, te dar\u00e1n ese volumen y densidad de m\u00e1s que buscas en tu d\u00eda a d\u00eda o ese nuevo look que deseas conseguir en tu d\u00eda a d\u00eda. Recomendamos un m\u00ednimo de 20 unidades para volumen y densidad.<\/p>\n<p>* No incluye la colocaci\u00f3n en un sal\u00f3n.<br \/>\n** Incluye el adhesivo. Deben aplicarse por un profesional. Acude a un <a href=\"https:\/\/www.extensionmania.com\/salones-extensiones\/\">sal\u00f3n EXTENSIONmania<\/a>, precio de colocaci\u00f3n a parte. Busca y consulta precios de colocaci\u00f3n a tu sal\u00f3n EXTENSIONmania m\u00e1s pr\u00f3ximo.<\/p>\n<hr \/>\n<p style=\"font-size: 18px;\"><strong>Ficha t\u00e9cnica<\/strong><\/p>\n<p><span style=\"color: #9e8b66;\"><strong>COMPOSICI\u00d3N:<\/strong><\/span> Cabello natural premium calidad EXTENSIONmania<\/p>\n<p><span style=\"color: #9e8b66;\"><strong>SISTEMA:<\/strong><\/span> Adhesivo<\/p>\n<p><span style=\"color: #9e8b66;\"><strong>LARGO:<\/strong><\/span> 35 cent\u00edmetros<\/p>\n<p><span style=\"color: #9e8b66;\"><strong>ANCHO:<\/strong><\/span> 4 cent\u00edmetros<\/p>\n<p><span style=\"color: #9e8b66;\"><strong>GARANT\u00cdA:<\/strong><\/span><br \/>\n<strong>M\u00e1xima calidad:<\/strong> Cada a\u00f1o recorremos el mundo buscando el mejor cabello natural, as\u00ed que tienes en tus manos una pieza \u00fanica seleccionada con los m\u00e1ximos est\u00e1ndares para que tus extensiones se mantengan sedosos y brillantes en el tiempo. <strong>Cabellos largos:<\/strong> El peso no es sin\u00f3nimo de calidad (a m\u00e1s cabellos cortos, m\u00e1s gramos). En EXTENSIONmania aseguramos que cada accesorio ha sido perfectamente dise\u00f1ado y testado para superar tus expectativas, as\u00ed que todos los cabellos son largos de ra\u00edces a puntas.<\/p>\n<p><span style=\"color: #9e8b66;\"><strong>DURABILIDAD:<\/strong><\/span> La durabilidad del cabello adquirido depender\u00e1 del cuidado y manejo diario que realices, por lo que cuanto m\u00e1s sigas nuestros consejos de cuidado m\u00e1s posibilidades tendr\u00e1s de alargar la vida de tus extensiones naturales.<\/p>\n<p><span style=\"color: #9e8b66;\"><strong>CUIDADOS:<\/strong><\/span><br \/>\n<b>Cepillado:<\/b>\u00a0Desenreda y cepilla el cabello frecuentemente. Es aconsejable desenredar el cabello de medios a puntas cuando est\u00e9 completamente seco y antes de lavarlo. Para evitar tirones, desenreda siempre tu melena con el cepillo EXTENSIONmania\u00a0<b><a style=\"box-sizing: border-box; color: var( --e-global-color-accent ); box-shadow: none;\" href=\"https:\/\/www.extensionmania.com\/tienda\/producto\/cepillo-extensiones-profesional-06-vortice-tamano-grande\/\"><span style=\"color: windowtext; font-weight: normal; text-decoration: none; text-underline: none;\">06.V\u00d3RTICE\u00a0<\/span><\/a><\/b>ya que es el \u00fanico que permite cepillar desde la ra\u00edz.<br style=\"box-sizing: border-box; font-variant-ligatures: normal; font-variant-caps: normal; orphans: 2; text-align: start; widows: 2; -webkit-text-stroke-width: 0px; text-decoration-thickness: initial; text-decoration-style: initial; text-decoration-color: initial; word-spacing: 0px;\" \/><b>Lavado:<\/b>\u00a0Lava las extensiones de coleta cuando no las lleves colocadas. Aplica\u00a0<b><a style=\"box-sizing: border-box; color: var( --e-global-color-accent ); box-shadow: none; font-variant-ligatures: normal; font-variant-caps: normal; orphans: 2; text-align: start; widows: 2; -webkit-text-stroke-width: 0px; word-spacing: 0px;\" href=\"https:\/\/www.extensionmania.com\/tienda\/producto\/champu-extensiones-cabello\/\"><span style=\"color: windowtext; font-weight: normal; text-decoration: none; text-underline: none;\">01.TORMENTA\u00a0<\/span><\/a><\/b>en toda la extensi\u00f3n, al ser un champ\u00fa neutro garantiza que las extensiones est\u00e9n m\u00e1s limpias m\u00e1s tiempo. Lava el cabello a una misma direcci\u00f3n para evitar enredos. Aclara el cabello suavemente desde la ra\u00edz hasta las puntas sin frotar.<br style=\"box-sizing: border-box; font-variant-ligatures: normal; font-variant-caps: normal; orphans: 2; text-align: start; widows: 2; -webkit-text-stroke-width: 0px; text-decoration-thickness: initial; text-decoration-style: initial; text-decoration-color: initial; word-spacing: 0px;\" \/><b>Hidrataci\u00f3n:<\/b>\u00a0Retira la humedad con una toalla y aplica la mascarilla\u00a0<b><a style=\"box-sizing: border-box; color: var( --e-global-color-accent ); box-shadow: none; font-variant-ligatures: normal; font-variant-caps: normal; orphans: 2; text-align: start; widows: 2; -webkit-text-stroke-width: 0px; word-spacing: 0px;\" href=\"https:\/\/www.extensionmania.com\/tienda\/producto\/mascarilla-especial-extensiones\/\"><span style=\"color: windowtext; font-weight: normal; text-decoration: none; text-underline: none;\">02.ECLIPSE<\/span><\/a><\/b>, al menos 15 minutos, conseguir\u00e1s que tus extensiones naturales est\u00e9n siempre sanas e hidratadas. Si\u00a0quieres mantener ese matiz rubio que evite tonos naranjas, combina\u00a0<b><a style=\"box-sizing: border-box; color: var( --e-global-color-accent ); box-shadow: none; font-variant-ligatures: normal; font-variant-caps: normal; orphans: 2; text-align: start; widows: 2; -webkit-text-stroke-width: 0px; word-spacing: 0px;\" href=\"https:\/\/www.extensionmania.com\/tienda\/producto\/mascarilla-especial-extensiones\/\"><span style=\"color: windowtext; font-weight: normal; text-decoration: none; text-underline: none;\">02.ECLIPSE\u00a0\u00a0<\/span><\/a><\/b>con la mascarilla <a href=\"https:\/\/www.extensionmania.com\/tienda\/producto\/mascarilla-azul-para-rubias\/\"><span style=\"color: windowtext; text-decoration: none; text-underline: none;\">azul\u00a005. EN UNA NUBE<\/span><\/a><b>\u00a0<\/b>una vez a la semana.\u00a0Puedes usar aceites y productos espec\u00edficos que nutran en profundidad el cabello una vez seco como el s\u00e9rum\u00a0<b><a style=\"box-sizing: border-box; color: var( --e-global-color-accent ); box-shadow: none;\" href=\"https:\/\/www.extensionmania.com\/tienda\/producto\/serum-especial-extensiones\/\"><span style=\"color: windowtext; font-weight: normal; text-decoration: none; text-underline: none;\">03.OLA DE SOL<\/span><\/a><\/b>. El uso de productos hidratantes y nutritivos debe ser exclusivo de medios a puntas.<br style=\"box-sizing: border-box; font-variant-ligatures: normal; font-variant-caps: normal; orphans: 2; text-align: start; widows: 2; -webkit-text-stroke-width: 0px; text-decoration-thickness: initial; text-decoration-style: initial; text-decoration-color: initial; word-spacing: 0px;\" \/><b>Secado:<\/b>\u00a0Quita la humedad de las extensiones suavemente con una toalla, sin frotar para evitar enredos. Aplica protecci\u00f3n t\u00e9rmica de medios a puntas con\u00a0<b><a style=\"box-sizing: border-box; color: var( --e-global-color-accent ); box-shadow: none;\" href=\"https:\/\/www.extensionmania.com\/tienda\/producto\/protector-termico-extensiones-cabello\/\"><span style=\"color: windowtext; font-weight: normal; text-decoration: none; text-underline: none;\">05.HURAC\u00c1N<\/span><\/a>,\u00a0<\/b>de esta manera proteger\u00e1s el cabello de las agresiones t\u00e9rmicas. No apliques calor directo y utiliza una temperatura media o baja si usas secador. Una vez las extensiones est\u00e9n bien secas, puedes usar la plancha y moldear hasta conseguir el estilismo que desees.<br style=\"box-sizing: border-box; font-variant-ligatures: normal; font-variant-caps: normal; orphans: 2; text-align: start; widows: 2; -webkit-text-stroke-width: 0px; text-decoration-thickness: initial; text-decoration-style: initial; text-decoration-color: initial; word-spacing: 0px;\" \/><b>Cuidado espec\u00edfico:<\/b>\u00a0El cabello debe tratarse como cabello natural, es decir, se puede cortar, planchar y te\u00f1ir a un tono m\u00e1s oscuro (nunca decolorar ni aplicar tratamientos permanentes).<\/p>\n<p><strong><span style=\"color: #9e8b66;\">INDICACIONES:<\/span><\/strong> Por motivos de higiene no aceptamos cambios y\/o devoluciones de las extensiones y\/o accesorios de cabello natural o fibra. No obstante, si al recibir tu accesorio no encaja con tus expectativas dispones de 14 d\u00edas contados desde la fecha de entrega para devolverlo en el mismo estado. M\u00e1s informaci\u00f3n en <a href=\"\/envio-y-devoluciones\/\"><span style=\"color: #9e8b66;\">env\u00edos y devoluciones.<\/span><\/a><\/p>\n","protected":false},"excerpt":{"rendered":"<p style=\"font-size: 18px;\"><strong>\u00a1Desata tu potencial con nuestras extensiones de cabello natural de 35 cm!<\/strong><\/p>\n<p style=\"font-size: 18px;\">A\u00f1ade longitud y volumen manteniendo la naturalidad de tu melena. Transforma tu look al instante y conquista cualquier estilo con confianza. Completa tu outfit favorito con estas extensiones vers\u00e1tiles y deslumbra en cualquier ocasi\u00f3n.<\/p>\n<ul>\n<li style=\"font-size: 18px;\">Precio por unidad.<\/li>\n<li style=\"font-size: 18px;\">Disponible en 12 colores.<\/li>\n<li style=\"font-size: 18px;\">Sets de 10 unidades.<\/li>\n<\/ul>\n<p>&nbsp;<\/p>\n<p style=\"font-size: 18px;\"><strong>TIP EXTRA:<\/strong><\/p>\n<p style=\"font-size: 18px;\">Aseg\u00farate de elegir el tono adecuado para que tus extensiones se mezclen perfectamente con tu cabello natural y logres un resultado impecable.<\/p>\n","protected":false},"featured_media":955,"comment_status":"open","ping_status":"closed","template":"","meta":[],"product_brand":[],"product_cat":[107,215],"product_tag":[],"class_list":{"0":"post-912","1":"product","2":"type-product","3":"status-publish","4":"has-post-thumbnail","6":"product_cat-extensiones","7":"product_cat-extensiones-fijas","8":"pa_color-10-22n-canela-india","9":"pa_color-10-4n-tamarindo-del-sudan","10":"pa_color-10n-cocoa-africana","11":"pa_color-14n-curmin-mediterraneo","12":"pa_color-1n-regaliz-oriental","13":"pa_color-22n-nuez-de-macadamia","14":"pa_color-27-613n-ginseng-ruso","15":"pa_color-2n-expresso-italiano","16":"pa_color-30n-coco-brasileo","17":"pa_color-4n-tostado-frances","18":"pa_color-6-14n-cardamomo-nepali","19":"pa_color-6-22n-mistica-caribena","20":"pa_color-613n-pinot-blanche","21":"pa_color-6n-pimienta-jamaicana","23":"first","24":"instock","25":"taxable","26":"shipping-taxable","27":"purchasable","28":"product-type-variable"},"_links":{"self":[{"href":"https:\/\/www.extensionmania.com\/tienda\/wp-json\/wp\/v2\/product\/912","targetHints":{"allow":["GET"]}}],"collection":[{"href":"https:\/\/www.extensionmania.com\/tienda\/wp-json\/wp\/v2\/product"}],"about":[{"href":"https:\/\/www.extensionmania.com\/tienda\/wp-json\/wp\/v2\/types\/product"}],"replies":[{"embeddable":true,"href":"https:\/\/www.extensionmania.com\/tienda\/wp-json\/wp\/v2\/comments?post=912"}],"version-history":[{"count":0,"href":"https:\/\/www.extensionmania.com\/tienda\/wp-json\/wp\/v2\/product\/912\/revisions"}],"wp:featuredmedia":[{"embeddable":true,"href":"https:\/\/www.extensionmania.com\/tienda\/wp-json\/wp\/v2\/media\/955"}],"wp:attachment":[{"href":"https:\/\/www.extensionmania.com\/tienda\/wp-json\/wp\/v2\/media?parent=912"}],"wp:term":[{"taxonomy":"product_brand","embeddable":true,"href":"https:\/\/www.extensionmania.com\/tienda\/wp-json\/wp\/v2\/product_brand?post=912"},{"taxonomy":"product_cat","embeddable":true,"href":"https:\/\/www.extensionmania.com\/tienda\/wp-json\/wp\/v2\/product_cat?post=912"},{"taxonomy":"product_tag","embeddable":true,"href":"https:\/\/www.extensionmania.com\/tienda\/wp-json\/wp\/v2\/product_tag?post=912"}],"curies":[{"name":"wp","href":"https:\/\/api.w.org\/{rel}","templated":true}]}}