{"id":910,"date":"2022-05-02T11:50:15","date_gmt":"2022-05-02T10:50:15","guid":{"rendered":"https:\/\/www.extensionmania.com\/?post_type=product&#038;p=910"},"modified":"2026-05-05T17:30:52","modified_gmt":"2026-05-05T15:30:52","slug":"extensiones-adhesivas-3d-xl-55-cms","status":"publish","type":"product","link":"https:\/\/www.extensionmania.com\/tienda\/producto\/extensiones-adhesivas-3d-xl-55-cms\/","title":{"rendered":"Extensiones adhesivas XL de cabello natural de 55 cm 3D"},"content":{"rendered":"<p>Descubre las <strong>Extensiones Adhesivas 3D XL<\/strong>, elaboradas con cabello natural <em>premium<\/em> para resultados excepcionales.<\/p>\n<p>Ultra finas e imperceptibles, te permiten disfrutar de recogidos, mo\u00f1os y coletas sin esfuerzo. Ideales para a\u00f1adir volumen y longitud a tu cabello, incluso para cubrir zonas despobladas o da\u00f1adas por qu\u00edmicos como decoloraciones. Estas extensiones aportan cuerpo y una longitud XL a tu melena.<\/p>\n<p>Adem\u00e1s, cuentan con una banda plana y flexible que se adaptan perfectamente a la melena de cada persona, garantizando as\u00ed un resultado natural y c\u00f3modo.Si prefieres otro tipo de t\u00e9cnica o de largo, puedes elegir entre los diferentes <a href=\"https:\/\/www.extensionmania.com\/tienda\/categoria-producto\/extensiones\/\">tipos de extensiones de cabello natural<\/a> que ofrecemos en EXTENSIONmania.<\/p>\n<p>Complementa tu melena con las <strong>extensiones de cabello natural XL 3D<\/strong>, te dar\u00e1n ese volumen y densidad de m\u00e1s que buscas en tu d\u00eda a d\u00eda o ese nuevo\u00a0<em>look<\/em> que deseas conseguir\u00a0en tu d\u00eda a d\u00eda. Para una melena densa recomendamos un m\u00ednimo de 40 unidades. Descubre las Extensiones Adhesivas 3D XL, elaboradas con cabello natural premium para resultados excepcionales. Ultrafinas e imperceptibles, te permiten disfrutar de recogidos, mo\u00f1os y coletas sin esfuerzo. Ideales para a\u00f1adir volumen y longitud a tu cabello, incluso para cubrir zonas despobladas o da\u00f1adas por qu\u00edmicos como decoloraciones. Estas extensiones aportan cuerpo y durabilidad al peinado. Con una banda plana y flexible, las tiras adhesivas se adaptan perfectamente a tu melena, garantizando un resultado natural y c\u00f3modo.<\/p>\n<p>* No incluye la colocaci\u00f3n en un sal\u00f3n.<br \/>\n** Incluye el adhesivo. Deben aplicarse por un profesional. Acude a un <a href=\"https:\/\/www.extensionmania.com\/salones-extensiones\/\">sal\u00f3n EXTENSIONmania<\/a>, precio de colocaci\u00f3n a parte. Busca y consulta precios de colocaci\u00f3n a tu sal\u00f3n EXTENSIONmania m\u00e1s pr\u00f3ximo.<\/p>\n<hr \/>\n<p><strong>Ficha t\u00e9cnica<\/strong><\/p>\n<p><span style=\"color: #9e8b66;\"><strong>COMPOSICI\u00d3N:<\/strong><\/span>\u00a0 Cabello natural<\/p>\n<p><span style=\"color: #9e8b66;\"><strong>SISTEMA:<\/strong><\/span> Adhesivo<\/p>\n<p><span style=\"color: #9e8b66;\"><strong>LARGO:<\/strong><\/span> 55 cent\u00edmetros<\/p>\n<p><span style=\"color: #9e8b66;\"><strong>ANCHO:<\/strong><\/span> 4 cent\u00edmetros<\/p>\n<p><span style=\"color: #9e8b66;\"><strong>GARANT\u00cdA:<\/strong><\/span><br \/>\n<strong>M\u00e1xima calidad:<\/strong> Cada a\u00f1o recorremos el mundo buscando el mejor cabello natural, as\u00ed que tienes en tus manos una pieza \u00fanica seleccionada con los m\u00e1ximos est\u00e1ndares para que tus extensiones se mantengan sedosos y brillantes en el tiempo. <strong>Cabellos largos:<\/strong> El peso no es sin\u00f3nimo de calidad (a m\u00e1s cabellos cortos, m\u00e1s gramos). En EXTENSIONmania aseguramos que cada accesorio ha sido perfectamente dise\u00f1ado y testado para superar tus expectativas, as\u00ed que todos los cabellos son largos de ra\u00edces a puntas.<\/p>\n<p><span style=\"color: #9e8b66;\"><strong>DURABILIDAD:<\/strong><\/span> La durabilidad del cabello adquirido depender\u00e1 del cuidado y manejo diario que realices, por lo que cuanto m\u00e1s sigas nuestros consejos de cuidado m\u00e1s posibilidades tendr\u00e1s de alargar la vida de tus extensiones naturales.<\/p>\n<p><span style=\"color: #9e8b66;\"><strong>CUIDADOS:<\/strong><\/span><br \/>\n<b>Cepillado:<\/b>\u00a0Desenreda y cepilla el cabello frecuentemente. Es aconsejable desenredar el cabello de medios a puntas cuando est\u00e9 completamente seco y antes de lavarlo. Para evitar tirones, desenreda siempre tu melena con el cepillo EXTENSIONmania\u00a0<b><a style=\"color: var( --e-global-color-accent ); box-shadow: none;\" href=\"https:\/\/www.extensionmania.com\/tienda\/producto\/cepillo-extensiones-profesional-06-vortice-tamano-grande\/\"><span style=\"color: windowtext; font-weight: normal; text-decoration: none;\">06.V\u00d3RTICE\u00a0<\/span><\/a><\/b>ya que es el \u00fanico que permite cepillar desde la ra\u00edz.<br style=\"text-align: start;\" \/><b>Lavado:<\/b>\u00a0Lava las extensiones de coleta cuando no las lleves colocadas. Aplica\u00a0<b><a style=\"color: var( --e-global-color-accent ); box-shadow: none; text-align: start;\" href=\"https:\/\/www.extensionmania.com\/tienda\/producto\/champu-extensiones-cabello\/\"><span style=\"color: windowtext; font-weight: normal; text-decoration: none;\">01.TORMENTA\u00a0<\/span><\/a><\/b>en toda la extensi\u00f3n, al ser un champ\u00fa neutro garantiza que las extensiones est\u00e9n m\u00e1s limpias m\u00e1s tiempo. Lava el cabello a una misma direcci\u00f3n para evitar enredos. Aclara el cabello suavemente desde la ra\u00edz hasta las puntas sin frotar.<br style=\"text-align: start;\" \/><b>Hidrataci\u00f3n:<\/b>\u00a0Retira la humedad con una toalla y aplica la mascarilla\u00a0<b><a style=\"color: var( --e-global-color-accent ); box-shadow: none; text-align: start;\" href=\"https:\/\/www.extensionmania.com\/tienda\/producto\/mascarilla-especial-extensiones\/\"><span style=\"color: windowtext; font-weight: normal; text-decoration: none;\">02.ECLIPSE<\/span><\/a><\/b>, al menos 15 minutos, conseguir\u00e1s que tus extensiones naturales est\u00e9n siempre sanas e hidratadas. Si\u00a0quieres mantener ese matiz rubio que evite tonos naranjas, combina\u00a0<b><a style=\"color: var( --e-global-color-accent ); box-shadow: none; text-align: start;\" href=\"https:\/\/www.extensionmania.com\/tienda\/producto\/mascarilla-especial-extensiones\/\"><span style=\"color: windowtext; font-weight: normal; text-decoration: none;\">02.ECLIPSE\u00a0\u00a0<\/span><\/a><\/b>con la mascarilla <a href=\"https:\/\/www.extensionmania.com\/tienda\/producto\/mascarilla-azul-para-rubias\/\"><span style=\"color: windowtext; text-decoration: none;\">azul\u00a005. EN UNA NUBE<\/span><\/a><b>\u00a0<\/b>una vez a la semana.\u00a0Puedes usar aceites y productos espec\u00edficos que nutran en profundidad el cabello una vez seco como el s\u00e9rum\u00a0<b><a style=\"color: var( --e-global-color-accent ); box-shadow: none;\" href=\"https:\/\/www.extensionmania.com\/tienda\/producto\/serum-especial-extensiones\/\"><span style=\"color: windowtext; font-weight: normal; text-decoration: none;\">03.OLA DE SOL<\/span><\/a><\/b>. El uso de productos hidratantes y nutritivos debe ser exclusivo de medios a puntas.<br style=\"text-align: start;\" \/><b>Secado:<\/b>\u00a0Quita la humedad de las extensiones suavemente con una toalla, sin frotar para evitar enredos. Aplica protecci\u00f3n t\u00e9rmica de medios a puntas con\u00a0<b><a style=\"color: var( --e-global-color-accent ); box-shadow: none;\" href=\"https:\/\/www.extensionmania.com\/tienda\/producto\/protector-termico-extensiones-cabello\/\"><span style=\"color: windowtext; font-weight: normal; text-decoration: none;\">05.HURAC\u00c1N<\/span><\/a>,\u00a0<\/b>de esta manera proteger\u00e1s el cabello de las agresiones t\u00e9rmicas. No apliques calor directo y utiliza una temperatura media o baja si usas secador. Una vez las extensiones est\u00e9n bien secas, puedes usar la plancha y moldear hasta conseguir el estilismo que desees.<br style=\"text-align: start;\" \/><b>Cuidado espec\u00edfico:<\/b>\u00a0El cabello debe tratarse como cabello natural, es decir, se puede cortar, planchar y te\u00f1ir a un tono m\u00e1s oscuro (nunca decolorar ni aplicar tratamientos permanentes).<\/p>\n<p><strong><span style=\"color: #9e8b66;\">INDICACIONES:<\/span><\/strong> Por motivos de higiene no aceptamos cambios y\/o devoluciones de las extensiones y\/o accesorios de cabello natural o fibra. No obstante, si al recibir tu accesorio no encaja con tus expectativas dispones de 14 d\u00edas contados desde la fecha de entrega para devolverlo en el mismo estado. M\u00e1s informaci\u00f3n en <a href=\"\/envio-y-devoluciones\/\"><span style=\"color: #9e8b66;\">env\u00edos y devoluciones.<\/span><\/a><\/p>\n","protected":false},"excerpt":{"rendered":"<p style=\"font-size: 18px;\"><strong>Descubre las Extensiones Adhesivas 3D XL de 55 cm, elaboradas con cabello natural premium para resultados excepcionales.<\/strong><\/p>\n<p style=\"font-size: 18px;\">Ultrafinas e imperceptibles, estas extensiones te permiten disfrutar de estilos vers\u00e1tiles sin esfuerzo. Ideales para a\u00f1adir volumen y longitud a tu cabello, incluso para cubrir zonas despobladas o da\u00f1adas por qu\u00edmicos como decoloraciones. Adem\u00e1s, su banda plana y flexible se adapta perfectamente a cada melena, asegurando un resultado natural y c\u00f3modo.<\/p>\n<ul>\n<li style=\"font-size: 18px;\">Disponible en 12 colores.<\/li>\n<li style=\"font-size: 18px;\">Precio por unidad.<\/li>\n<li style=\"font-size: 18px;\">Vienen en sets de 10 unidades.<\/li>\n<\/ul>\n<p>&nbsp;<\/p>\n<p style=\"font-size: 18px;\"><strong>TIP EXTRA:<\/strong><\/p>\n<p style=\"font-size: 18px;\">Para una melena densa recomendamos un m\u00ednimo de 40 unidades.<\/p>\n","protected":false},"featured_media":953,"comment_status":"open","ping_status":"closed","template":"","meta":[],"product_brand":[],"product_cat":[107,215],"product_tag":[],"class_list":{"0":"post-910","1":"product","2":"type-product","3":"status-publish","4":"has-post-thumbnail","6":"product_cat-extensiones","7":"product_cat-extensiones-fijas","8":"pa_color-10-22n-canela-india","9":"pa_color-10-4n-tamarindo-del-sudan","10":"pa_color-10n-cocoa-africana","11":"pa_color-14n-curmin-mediterraneo","12":"pa_color-1n-regaliz-oriental","13":"pa_color-22n-nuez-de-macadamia","14":"pa_color-2n-expresso-italiano","15":"pa_color-4n-tostado-frances","16":"pa_color-6-22n-mistica-caribena","17":"pa_color-613n-pinot-blanche","18":"pa_color-614n-pinot-extra-white","19":"pa_color-6n-pimienta-jamaicana","21":"first","22":"instock","23":"taxable","24":"shipping-taxable","25":"purchasable","26":"product-type-variable"},"_links":{"self":[{"href":"https:\/\/www.extensionmania.com\/tienda\/wp-json\/wp\/v2\/product\/910","targetHints":{"allow":["GET"]}}],"collection":[{"href":"https:\/\/www.extensionmania.com\/tienda\/wp-json\/wp\/v2\/product"}],"about":[{"href":"https:\/\/www.extensionmania.com\/tienda\/wp-json\/wp\/v2\/types\/product"}],"replies":[{"embeddable":true,"href":"https:\/\/www.extensionmania.com\/tienda\/wp-json\/wp\/v2\/comments?post=910"}],"version-history":[{"count":0,"href":"https:\/\/www.extensionmania.com\/tienda\/wp-json\/wp\/v2\/product\/910\/revisions"}],"wp:featuredmedia":[{"embeddable":true,"href":"https:\/\/www.extensionmania.com\/tienda\/wp-json\/wp\/v2\/media\/953"}],"wp:attachment":[{"href":"https:\/\/www.extensionmania.com\/tienda\/wp-json\/wp\/v2\/media?parent=910"}],"wp:term":[{"taxonomy":"product_brand","embeddable":true,"href":"https:\/\/www.extensionmania.com\/tienda\/wp-json\/wp\/v2\/product_brand?post=910"},{"taxonomy":"product_cat","embeddable":true,"href":"https:\/\/www.extensionmania.com\/tienda\/wp-json\/wp\/v2\/product_cat?post=910"},{"taxonomy":"product_tag","embeddable":true,"href":"https:\/\/www.extensionmania.com\/tienda\/wp-json\/wp\/v2\/product_tag?post=910"}],"curies":[{"name":"wp","href":"https:\/\/api.w.org\/{rel}","templated":true}]}}