{"id":897,"date":"2022-05-02T11:50:07","date_gmt":"2022-05-02T10:50:07","guid":{"rendered":"https:\/\/www.extensionmania.com\/?post_type=product&#038;p=897"},"modified":"2026-03-01T23:27:44","modified_gmt":"2026-03-01T22:27:44","slug":"ghd-shiny-ever-after-spray-potenciador-de-brillo","status":"publish","type":"product","link":"https:\/\/www.extensionmania.com\/tienda\/producto\/ghd-shiny-ever-after-spray-potenciador-de-brillo\/","title":{"rendered":"Spray potenciador de brillo &#8211; Ghd shiny ever after"},"content":{"rendered":"<p>Descubre el <strong>spray potenciador<\/strong> de brillo ghd shiny ever after, un producto ligero y delicadamente perfumado que te aportar\u00e1 un brillo saludable y un acabado profesional e impecable en todo el cabello.<\/p>\n<p>Sea cual sea tu estilo o tu tipo de cabello, a\u00f1ade un extra de brillo a ondas, rizos o peinados lisos para un resultado de alto impacto con una apariencia natural y ligera que no engrasa el cabello. Ghd shiny ever after a\u00f1ade un brillo instant\u00e1neo y de aspecto saludable y ayuda a reducir tanto los cabellos nuevos como la electricidad est\u00e1tica.<\/p>\n<p>Utiliza el spray potenciador de brillo ghd shiny ever after con tus <a href=\"https:\/\/www.extensionmania.com\/tienda\/categoria-producto\/ghd\/\">herramientas de peinado Ghd<\/a> para maximizar los resultados.<\/p>\n<p><span style=\"color: #9e8b66;\"><strong>MEJOR PARA<\/strong>:<\/span> Dar vida a cabellos apagados y controlar los pelitos sueltos que aporta la electricidad est\u00e1tica. Crear\u00e1s un acabado profesional perfecto.<\/p>\n<p><strong><span style=\"color: #9e8b66;\">PARA UTILIZAR: <\/span><\/strong>Una vez hayas finalizado tu peinado, pulveriza a una distancia de 30 cm. sobre tu cabello.<\/p>\n<p><strong><span style=\"color: #9e8b66;\">CONSEJO DE ESTILO: <\/span><\/strong>Para un toque a\u00fan m\u00e1s ligero, roc\u00eda directamente sobre tu cepillo o tus manos, y despu\u00e9s p\u00e1salo sobre el cabello.<\/p>\n<hr \/>\n<h4>Ficha t\u00e9cnica<\/h4>\n<p><strong><span style=\"color: #9e8b66;\">CARACTER\u00cdSTICAS:<\/span><\/strong><\/p>\n<ul>\n<li>Aporta un brillo instant\u00e1neo y saludable en todo el cabello.<\/li>\n<li>Maximiza tu rutina de peinado.<\/li>\n<li>Apto para todo tipo de cabello.<\/li>\n<li>Resultados profesionales.<\/li>\n<li>Tama\u00f1o viaje.<\/li>\n<li>No testado en animales.<strong><br \/>\n<\/strong><\/li>\n<\/ul>\n<p><strong><span style=\"color: #9e8b66;\">INGREDIENTES:<\/span><\/strong><br \/>\nAlcohol desnaturalizado, Butano, Ciclopentasiloxano, Ciclohexasiloxano, Propano, Isobutano, Dimeticona, Pantenol, Agua, Perfume (Fragancia), Alfa-isometil ionona, Salicilato de bencilo, Hexyl Cinnamal, Limoneno.<\/p>\n","protected":false},"excerpt":{"rendered":"<p style=\"font-size: 18px;\">El spray <strong>Ghd Shiny Ever<\/strong> After es un producto ligero y perfumado que proporciona un brillo instant\u00e1neo y saludable, adem\u00e1s de controlar los cabellos sueltos y la electricidad est\u00e1tica.<\/p>\n<p style=\"font-size: 18px;\">Apto para todo tipo de cabello y estilos de peinado, deja un acabado profesional impecable y sin engrasar. Ideal para revitalizar el cabello opaco y darle un toque de frescura.<\/p>\n","protected":false},"featured_media":284,"comment_status":"open","ping_status":"closed","template":"","meta":[],"product_brand":[],"product_cat":[33,225],"product_tag":[],"class_list":{"0":"post-897","1":"product","2":"type-product","3":"status-publish","4":"has-post-thumbnail","6":"product_cat-ghd","7":"product_cat-productos-de-cuidado-ghd","9":"first","10":"instock","11":"taxable","12":"shipping-taxable","13":"purchasable","14":"product-type-simple"},"_links":{"self":[{"href":"https:\/\/www.extensionmania.com\/tienda\/wp-json\/wp\/v2\/product\/897","targetHints":{"allow":["GET"]}}],"collection":[{"href":"https:\/\/www.extensionmania.com\/tienda\/wp-json\/wp\/v2\/product"}],"about":[{"href":"https:\/\/www.extensionmania.com\/tienda\/wp-json\/wp\/v2\/types\/product"}],"replies":[{"embeddable":true,"href":"https:\/\/www.extensionmania.com\/tienda\/wp-json\/wp\/v2\/comments?post=897"}],"version-history":[{"count":0,"href":"https:\/\/www.extensionmania.com\/tienda\/wp-json\/wp\/v2\/product\/897\/revisions"}],"wp:featuredmedia":[{"embeddable":true,"href":"https:\/\/www.extensionmania.com\/tienda\/wp-json\/wp\/v2\/media\/284"}],"wp:attachment":[{"href":"https:\/\/www.extensionmania.com\/tienda\/wp-json\/wp\/v2\/media?parent=897"}],"wp:term":[{"taxonomy":"product_brand","embeddable":true,"href":"https:\/\/www.extensionmania.com\/tienda\/wp-json\/wp\/v2\/product_brand?post=897"},{"taxonomy":"product_cat","embeddable":true,"href":"https:\/\/www.extensionmania.com\/tienda\/wp-json\/wp\/v2\/product_cat?post=897"},{"taxonomy":"product_tag","embeddable":true,"href":"https:\/\/www.extensionmania.com\/tienda\/wp-json\/wp\/v2\/product_tag?post=897"}],"curies":[{"name":"wp","href":"https:\/\/api.w.org\/{rel}","templated":true}]}}