{"id":7916,"date":"2024-11-12T13:11:35","date_gmt":"2024-11-12T12:11:35","guid":{"rendered":"https:\/\/www.extensionmania.com\/tienda\/?post_type=product&#038;p=7916"},"modified":"2026-04-21T09:43:18","modified_gmt":"2026-04-21T07:43:18","slug":"balsamo-regenerador-con-proteccion-termica","status":"publish","type":"product","link":"https:\/\/www.extensionmania.com\/tienda\/producto\/balsamo-regenerador-con-proteccion-termica\/","title":{"rendered":"11. boreal. b\u00e1lsamo regenerador 250 ml"},"content":{"rendered":"<p><span class=\"OYPEnA font-feature-liga-off font-feature-clig-off font-feature-calt-off text-decoration-none text-strikethrough-none\">Una sinfon\u00eda de ingredientes naturales seleccionados por su poder restaurador y protector. El b\u00e1lsamo capilar regenerador con protecci\u00f3n t\u00e9rmica 11.BOREAL reduce la fragilidad del cabello y lo protege de las agresiones externas. Contiene potentes activos como la manteca de karit\u00e9, el aceite de arg\u00e1n, el pantenol y el aceite de oliva que nutren y restauran la suavidad aportando flexibilidad a tu melena dej\u00e1ndola manejable y libre de encrespamiento. La protecci\u00f3n t\u00e9rmica es cortes\u00eda de nuestros innovadores ingredientes que forman un escudo contra el da\u00f1o por calor, permiti\u00e9ndote estilizar tu cabello con confianza.<\/span><\/p>\n<h2><strong>\u00bfPor qu\u00e9 te va a encantar?<\/strong><\/h2>\n<p><strong>Nutrici\u00f3n y Fortalecimiento:<\/strong> <span class=\"OYPEnA font-feature-liga-off font-feature-clig-off font-feature-calt-off text-decoration-none text-strikethrough-none\">Este b\u00e1lsamo regenerador contiene ingredientes como el <\/span><span class=\"OYPEnA font-feature-liga-off font-feature-clig-off font-feature-calt-off text-decoration-none text-strikethrough-none\">aceite de arg\u00e1n<\/span><span class=\"OYPEnA font-feature-liga-off font-feature-clig-off font-feature-calt-off text-decoration-none text-strikethrough-none\"> y la <\/span><span class=\"OYPEnA font-feature-liga-off font-feature-clig-off font-feature-calt-off text-decoration-none text-strikethrough-none\">manteca de karit\u00e9<\/span><span class=\"OYPEnA font-feature-liga-off font-feature-clig-off font-feature-calt-off text-decoration-none text-strikethrough-none\">, que son conocidos por sus propiedades nutritivas y fortalecedoras reduciendo la fragilidad del cabello y las extensiones manteni\u00e9ndolas hidratadas y saludables.<\/span><\/p>\n<p><span class=\"OYPEnA font-feature-liga-off font-feature-clig-off font-feature-calt-off text-decoration-none text-strikethrough-none\"><strong>Cuidado Suave:<\/strong> Este b\u00e1lsamo regenerador ofrece una hidrataci\u00f3n intensa protegiendo el cabello de las agresiones externas. Esto es especialmente importante tanto para las extensiones como para el cabello ya que no producen aceites naturales. Con poca cantidad consigues nutrir y restaurar la suavidad y flexibilidad del cabello.<\/span><\/p>\n<p><span class=\"OYPEnA font-feature-liga-off font-feature-clig-off font-feature-calt-off text-decoration-none text-strikethrough-none\"><strong>Ingredientes de Alta Calidad:<\/strong> Los ingredientes como el aceite de oliva y el col\u00e1geno hidrolizado trabajan para mejorar la textura y la elasticidad del cabello. Estos componentes son ideales para tratar el cabello natural y las extensiones, asegurando que ambos se mantengan suaves y manejables.<\/span><\/p>\n<h2><strong>\u00bfC\u00f3mo usar el b\u00e1lsamo regenador?<\/strong><\/h2>\n<p>Usar el champ\u00fa\u00a0<a href=\"https:\/\/www.extensionmania.com\/tienda\/producto\/champu-extensiones-cabello\/\">01.TORMENTA<\/a> junto a la mascarilla <a href=\"https:\/\/www.extensionmania.com\/tienda\/producto\/mascarilla-especial-extensiones\/\"><span class=\"JsGRdQ\">02.ECLIPSE.<\/span><\/a> Si tienes el cabello rubio y quieres matizarlo, puedes alternar\u00a0<a href=\"https:\/\/www.extensionmania.com\/tienda\/producto\/champu-extensiones-cabello\/\">01.TORMENTA<\/a> con <a href=\"https:\/\/www.extensionmania.com\/tienda\/producto\/mascarilla-azul-para-rubias\/\">05.EN UNA NUBE<\/a> \u00a0finalizando siempre con 11.BOREAL de medios a puntas sobre cabello h\u00famedo o seco sin enjuagar. Una vez seco, sella con serum <a href=\"https:\/\/www.extensionmania.com\/tienda\/producto\/serum-especial-extensiones\/\"><span class=\"JsGRdQ\">04.OLA DE SOL<\/span><\/a>.<\/p>\n<p><strong>Si tienes dudas, escr\u00edbenos a nuestro <a href=\"https:\/\/api.whatsapp.com\/send\/?phone=34638132845&amp;text&amp;type=phone_number&amp;app_absent=0\">whatsapp<\/a> o <a href=\"mailto:info@extensionmania.com\">info@extensionmania.com<\/a> y una estilista especializada te atender\u00e1 personalmente para resolver todas tus dudas.<\/strong><\/p>\n<p>&nbsp;<\/p>\n<hr \/>\n<p><strong>Ficha t\u00e9cnica<\/strong><\/p>\n<p><strong>TAMA\u00d1O:\u00a0<\/strong>250 ml.<\/p>\n<p><strong>CARACTER\u00cdSTICAS:<br \/>\n<\/strong><\/p>\n<p>\u00b7Apto para melenas con o sin extensiones de cabello natural o te\u00f1idas.<br \/>\n\u00b7Enriquecido con aceites naturales extra hidratantes.<br \/>\n\u00b7Resultados profesionales.<br \/>\n\u00b7Sin sulfatos.<br \/>\n\u00b7No testado en animales.<\/p>\n<p><span class=\"OYPEnA text-decoration-none text-strikethrough-none\"><strong>INGREDIENTS:<\/strong> AQUA, BUTYROSPERMUM PARKII BUTTER, CETEARYL ALCOHOL, ARGANIA SPINOSA KERNEL, OLEA EUROPAEA FRUIT OIL, BEHENTRIMONIUM METHOSULFATE, HYDROLYZED COLLAGEN, PANTHENOL, DEHYDROACETIC ACID, PARFUM, BENZYL ALCOHOL, MELALEUCA ALTERNIFOLIA LEAF OIL, LIMONENE, BENZYL BENZOATE, HEXYL CINNAMAL.<br \/>\n<\/span><\/p>\n","protected":false},"excerpt":{"rendered":"<p>Una sinfon\u00eda de ingredientes naturales seleccionados por su poder restaurador y protector. El b\u00e1lsamo capilar regenerador con protecci\u00f3n t\u00e9rmica 11.BOREAL reduce la fragilidad del cabello y lo protege de las agresiones externas. Contiene potentes activos como la manteca de karit\u00e9, el aceite de arg\u00e1n, el pantenol y el aceite de oliva que nutren y restauran [&hellip;]<\/p>\n","protected":false},"featured_media":9189,"comment_status":"open","ping_status":"closed","template":"","meta":[],"product_brand":[],"product_cat":[43,229,20],"product_tag":[],"class_list":{"0":"post-7916","1":"product","2":"type-product","3":"status-publish","4":"has-post-thumbnail","6":"product_cat-mas-vendidos","7":"product_cat-productos-exm","8":"product_cat-cuidado-del-cabello","10":"first","11":"instock","12":"taxable","13":"shipping-taxable","14":"purchasable","15":"product-type-simple"},"_links":{"self":[{"href":"https:\/\/www.extensionmania.com\/tienda\/wp-json\/wp\/v2\/product\/7916","targetHints":{"allow":["GET"]}}],"collection":[{"href":"https:\/\/www.extensionmania.com\/tienda\/wp-json\/wp\/v2\/product"}],"about":[{"href":"https:\/\/www.extensionmania.com\/tienda\/wp-json\/wp\/v2\/types\/product"}],"replies":[{"embeddable":true,"href":"https:\/\/www.extensionmania.com\/tienda\/wp-json\/wp\/v2\/comments?post=7916"}],"version-history":[{"count":0,"href":"https:\/\/www.extensionmania.com\/tienda\/wp-json\/wp\/v2\/product\/7916\/revisions"}],"wp:featuredmedia":[{"embeddable":true,"href":"https:\/\/www.extensionmania.com\/tienda\/wp-json\/wp\/v2\/media\/9189"}],"wp:attachment":[{"href":"https:\/\/www.extensionmania.com\/tienda\/wp-json\/wp\/v2\/media?parent=7916"}],"wp:term":[{"taxonomy":"product_brand","embeddable":true,"href":"https:\/\/www.extensionmania.com\/tienda\/wp-json\/wp\/v2\/product_brand?post=7916"},{"taxonomy":"product_cat","embeddable":true,"href":"https:\/\/www.extensionmania.com\/tienda\/wp-json\/wp\/v2\/product_cat?post=7916"},{"taxonomy":"product_tag","embeddable":true,"href":"https:\/\/www.extensionmania.com\/tienda\/wp-json\/wp\/v2\/product_tag?post=7916"}],"curies":[{"name":"wp","href":"https:\/\/api.w.org\/{rel}","templated":true}]}}