{"id":6617,"date":"2024-06-20T10:29:41","date_gmt":"2024-06-20T09:29:41","guid":{"rendered":"https:\/\/www.extensionmania.com\/tienda\/?post_type=product&#038;p=6617"},"modified":"2026-05-17T01:21:52","modified_gmt":"2026-05-16T23:21:52","slug":"extensiones-top-up-25-cm-de-cabello-natural-reden","status":"publish","type":"product","link":"https:\/\/www.extensionmania.com\/tienda\/producto\/extensiones-top-up-25-cm-de-cabello-natural-reden\/","title":{"rendered":"Extensiones Top Up 25 cm de Cabello Natural Redensificante"},"content":{"rendered":"\t\t<div data-elementor-type=\"product-post\" data-elementor-id=\"6617\" class=\"elementor elementor-6617\" data-elementor-post-type=\"product\">\n\t\t\t\t\t\t<section class=\"elementor-section elementor-top-section elementor-element elementor-element-7e1ea74a elementor-section-boxed elementor-section-height-default elementor-section-height-default\" data-id=\"7e1ea74a\" data-element_type=\"section\" data-e-type=\"section\">\n\t\t\t\t\t\t<div class=\"elementor-container elementor-column-gap-default\">\n\t\t\t\t\t<div class=\"elementor-column elementor-col-100 elementor-top-column elementor-element elementor-element-99e9f3d\" data-id=\"99e9f3d\" data-element_type=\"column\" data-e-type=\"column\">\n\t\t\t<div class=\"elementor-widget-wrap elementor-element-populated\">\n\t\t\t\t\t\t<div class=\"elementor-element elementor-element-2d2d8bc2 elementor-widget elementor-widget-text-editor\" data-id=\"2d2d8bc2\" data-element_type=\"widget\" data-e-type=\"widget\" data-widget_type=\"text-editor.default\">\n\t\t\t\t<div class=\"elementor-widget-container\">\n\t\t\t\t\t\t\t\t\t<p>Este accesorio Top Up es una extensi\u00f3n topper de cabello natural de 25 cm de largo, dise\u00f1ada espec\u00edficamente para la zona superior de la cabeza.<\/p><p>Perfecta para agregar densidad y volumen de manera imperceptible, esta extensi\u00f3n proporciona un look natural y abundante en minutos.<\/p><p>Su comodidad es insuperable gracias a las tres peinetas profesionales que aseguran una fijaci\u00f3n \u00f3ptima. La malla de 12&#215;12 cm permite una excelente transpiraci\u00f3n del cuero cabelludo. Con una costura invisible y cosida pelo a pelo, resulta totalmente indetectable, proporcionando una apariencia natural y redensificada.<\/p><p>Considerada una de las m\u00e1s ligeras del mercado, estas extensiones Top Up ofrecen una experiencia extra c\u00f3moda, complementando tu belleza natural de manera r\u00e1pida y sencilla.<\/p><p><span style=\"font-weight: 400;\">Si deseas conseguir un mayor efecto de volumen en la parte superior, se puede cardar ligeramente. Si deseas volumen en toda la melena, combina con las <\/span><a href=\"https:\/\/www.extensionmania.com\/tienda\/categoria-producto\/extensiones\/\"><span style=\"font-weight: 400;\">extensiones de cabello<\/span><\/a><span style=\"font-weight: 400;\">, bien sea con t\u00e9cnica de quita y pon o fija, \u00a1t\u00fa eliges!<\/span><\/p><p><span style=\"font-weight: 400;\">Al tratarse de cabello natural, se puede rizar, planchar, cortar y te\u00f1ir (nunca decolorar).<\/span><\/p><p><span style=\"font-weight: 400;\">Si tienes dudas a la hora de elegir el color, env\u00edanos una foto de espaldas de tu melena a la luz del d\u00eda a nuestro <\/span><a href=\"https:\/\/api.whatsapp.com\/send\/?phone=34638132845&amp;text&amp;type=phone_number&amp;app_absent=0\"><span style=\"font-weight: 400;\">whatsapp<\/span><\/a><span style=\"font-weight: 400;\"> o info@extensionmania.com y una estilista especializada te atender\u00e1 personalmente para resolver todas tus dudas.<\/span><\/p><h4><b>Ficha t\u00e9cnica<\/b><\/h4><p><b>COMPOSICI\u00d3N:<\/b><span style=\"font-weight: 400;\"> Cabello natural de calidad premium<\/span><\/p><p><b>SISTEMA:<\/b><span style=\"font-weight: 400;\"> 3 peinetas que garantizan una fijaci\u00f3n \u00f3ptima, malla de 12&#215;12 cm que permite la transpiraci\u00f3n<\/span><\/p><p><b>LARGO:<\/b><span style=\"font-weight: 400;\"> 25 cent\u00edmetros<\/span><\/p><p><b>PESO:<\/b><span style=\"font-weight: 400;\"> 43 gramos<\/span><\/p><p><strong>GARANT\u00cdA:<\/strong><\/p><p><b>M\u00e1xima calidad:<\/b><span style=\"font-weight: 400;\"> Cada a\u00f1o recorremos el mundo buscando el mejor cabello natural, as\u00ed que tienes en tus manos una pieza \u00fanica seleccionada con los m\u00e1ximos est\u00e1ndares para que tus extensiones se mantengan sedosas y brillantes en el tiempo. Cabellos largos: El peso no es sin\u00f3nimo de calidad (a m\u00e1s cabellos cortos, m\u00e1s gramos). En EXTENSIONmania aseguramos que cada accesorio ha sido perfectamente dise\u00f1ado y testado para superar tus expectativas, as\u00ed que todos los cabellos son largos de ra\u00edces a puntas.<\/span><\/p><p><b>DURABILIDAD:<\/b><span style=\"font-weight: 400;\"> La durabilidad del cabello adquirido depender\u00e1 del cuidado y manejo diario que realices, por lo que cuanto m\u00e1s sigas nuestros consejos de cuidado m\u00e1s posibilidades tendr\u00e1s de alargar la vida de tus extensiones naturales.<\/span><\/p><h4><b>CUIDADOS DEL TOPPER:<\/b><\/h4><p><span style=\"font-weight: 400;\">Cepillado: Desenreda y cepilla el cabello frecuentemente. Es aconsejable desenredar el cabello de medios a puntas cuando est\u00e9 completamente seco y antes de lavarlo. Para evitar tirones, desenreda siempre tu melena con el cepillo EXTENSIONmania <\/span><a href=\"https:\/\/www.extensionmania.com\/tienda\/producto\/cepillo-extensiones-profesional-06-vortice-tamano-grande\/\"><span style=\"font-weight: 400;\">06.\/07. V\u00d3RTICE <\/span><\/a><span style=\"font-weight: 400;\">ya que es el \u00fanico que permite cepillar desde la ra\u00edz.<\/span><\/p><p><span style=\"font-weight: 400;\">Lavado: Lava las extensiones cuando no las lleves colocadas. Aplica <\/span><a href=\"https:\/\/www.extensionmania.com\/tienda\/producto\/champu-extensiones-cabello\/\"><span style=\"font-weight: 400;\">01.TORMENTA <\/span><\/a><span style=\"font-weight: 400;\">en toda la extensi\u00f3n, al ser un champ\u00fa neutro garantiza que las extensiones est\u00e9n m\u00e1s limpias m\u00e1s tiempo. Lava el cabello en una misma direcci\u00f3n para evitar enredos. Aclara el cabello suavemente desde la ra\u00edz hasta las puntas sin frotar.<\/span><\/p><p><span style=\"font-weight: 400;\">Hidrataci\u00f3n: Retira la humedad con una toalla y aplica la mascarilla <\/span><a href=\"https:\/\/www.extensionmania.com\/tienda\/producto\/mascarilla-especial-extensiones\/\"><span style=\"font-weight: 400;\">02.ECLIPSE<\/span><\/a><span style=\"font-weight: 400;\">, al menos 15 minutos, conseguir\u00e1s que tus extensiones naturales est\u00e9n siempre sanas e hidratadas. Si quieres mantener ese matiz rubio que evite tonos naranjas, combina <\/span><a href=\"https:\/\/www.extensionmania.com\/tienda\/producto\/mascarilla-especial-extensiones\/\"><span style=\"font-weight: 400;\">02.ECLIPSE\u00a0 <\/span><\/a><span style=\"font-weight: 400;\">con la mascarilla <\/span><a href=\"https:\/\/www.extensionmania.com\/tienda\/producto\/mascarilla-azul-para-rubias\/\"><span style=\"font-weight: 400;\">azul 05. EN UNA NUBE<\/span><\/a><span style=\"font-weight: 400;\"> una vez a la semana. Puedes usar aceites y productos espec\u00edficos que nutran en profundidad el cabello una vez seco como el s\u00e9rum <\/span><a href=\"https:\/\/www.extensionmania.com\/tienda\/producto\/serum-oil-exm-para-cabello-con-extensiones-12-luna-roja\/\"><span style=\"font-weight: 400;\">03.OLA DE SOL<\/span><\/a><span style=\"font-weight: 400;\">. El uso de productos hidratantes y nutritivos debe ser exclusivo de medios a puntas.<\/span><\/p><p><span style=\"font-weight: 400;\">Secado: Quita la humedad de las extensiones suavemente con una toalla, sin frotar para evitar enredos. Aplica protecci\u00f3n t\u00e9rmica de medios a puntas con <\/span><a href=\"https:\/\/www.extensionmania.com\/tienda\/producto\/protector-termico-extensiones-cabello\/\"><span style=\"font-weight: 400;\">05.HURAC\u00c1N<\/span><\/a><span style=\"font-weight: 400;\">, de esta manera proteger\u00e1s el cabello de las agresiones t\u00e9rmicas. No apliques calor directo y utiliza una temperatura media o baja si usas secador. Una vez las extensiones est\u00e9n bien secas, puedes usar la plancha y moldear hasta conseguir el estilismo que desees.<\/span><\/p><p><span style=\"font-weight: 400;\">Cuidado espec\u00edfico: El cabello debe tratarse como cabello natural, es decir, se puede cortar, planchar y te\u00f1ir a un tono m\u00e1s oscuro (nunca decolorar ni aplicar tratamientos permanentes).<\/span><\/p><p><b>INDICACIONES:<\/b><\/p><p><span style=\"font-weight: 400;\">Por motivos de higiene no aceptamos cambios y\/o devoluciones de las extensiones y\/o accesorios de cabello natural o fibra. No obstante, si al recibir tu accesorio no encaja con tus expectativas dispones de 14 d\u00edas contados desde la fecha de entrega para devolverlo en el mismo estado. M\u00e1s informaci\u00f3n en env\u00edos y devoluciones.<\/span><\/p>\t\t\t\t\t\t\t\t<\/div>\n\t\t\t\t<\/div>\n\t\t\t\t\t<\/div>\n\t\t<\/div>\n\t\t\t\t\t<\/div>\n\t\t<\/section>\n\t\t\t\t<\/div>\n\t\t","protected":false},"excerpt":{"rendered":"<p style=\"font-size: 18px;\"><strong>\u00a1Transforma tu melena con volumen y densidad en minutos!<\/strong><\/p>\n<p style=\"font-size: 18px;\">Las extensiones Top Up de 25 cm para la zona frontal aportan mayor densidad y un efecto de abundante cabello en la parte superior de la cabeza sin que se note.<\/p>\n<p style=\"font-size: 18px;\"><span style=\"font-weight: 400;\">Con cabello natural de calidad premium, proporciona vitalidad inmediata. Se sujeta con tres peinetas profesionales y tiene una malla de 12&#215;12 cm para una transpiraci\u00f3n \u00f3ptima. Su dise\u00f1o ligero y costura invisible lo hacen c\u00f3modo e imperceptible. Ideal para cabello fino que busca un extra de densidad.<\/span><\/p>\n<p style=\"font-size: 18px;\"><b>TIP EXTRA:<\/b><span style=\"font-weight: 400;\"> Para a\u00f1adir m\u00e1s volumen y largo en los laterales, a\u00f1ade las extensiones de una tira <\/span><a href=\"https:\/\/www.extensionmania.com\/tienda\/producto\/extensiones-de-clip-unidad\/\"><span style=\"font-weight: 400;\">Magic One<\/span><\/a><span style=\"font-weight: 400;\">, \u00a1te encantar\u00e1!<\/span><\/p>\n","protected":false},"featured_media":6843,"comment_status":"open","ping_status":"closed","template":"","meta":[],"product_brand":[],"product_cat":[122,220],"product_tag":[],"class_list":{"0":"post-6617","1":"product","2":"type-product","3":"status-publish","4":"has-post-thumbnail","6":"product_cat-coletas-recogidos-y-flequillos-de-clip","7":"product_cat-toppers-de-cabello","8":"pa_color-10-22n-canela-india","9":"pa_color-10-4n-tamarindo-del-sudan","10":"pa_color-2n-expresso-italiano","11":"pa_color-4n-tostado-frances","12":"pa_color-613n-pinot-blanche","14":"first","15":"instock","16":"taxable","17":"shipping-taxable","18":"purchasable","19":"product-type-variable"},"_links":{"self":[{"href":"https:\/\/www.extensionmania.com\/tienda\/wp-json\/wp\/v2\/product\/6617","targetHints":{"allow":["GET"]}}],"collection":[{"href":"https:\/\/www.extensionmania.com\/tienda\/wp-json\/wp\/v2\/product"}],"about":[{"href":"https:\/\/www.extensionmania.com\/tienda\/wp-json\/wp\/v2\/types\/product"}],"replies":[{"embeddable":true,"href":"https:\/\/www.extensionmania.com\/tienda\/wp-json\/wp\/v2\/comments?post=6617"}],"version-history":[{"count":0,"href":"https:\/\/www.extensionmania.com\/tienda\/wp-json\/wp\/v2\/product\/6617\/revisions"}],"wp:featuredmedia":[{"embeddable":true,"href":"https:\/\/www.extensionmania.com\/tienda\/wp-json\/wp\/v2\/media\/6843"}],"wp:attachment":[{"href":"https:\/\/www.extensionmania.com\/tienda\/wp-json\/wp\/v2\/media?parent=6617"}],"wp:term":[{"taxonomy":"product_brand","embeddable":true,"href":"https:\/\/www.extensionmania.com\/tienda\/wp-json\/wp\/v2\/product_brand?post=6617"},{"taxonomy":"product_cat","embeddable":true,"href":"https:\/\/www.extensionmania.com\/tienda\/wp-json\/wp\/v2\/product_cat?post=6617"},{"taxonomy":"product_tag","embeddable":true,"href":"https:\/\/www.extensionmania.com\/tienda\/wp-json\/wp\/v2\/product_tag?post=6617"}],"curies":[{"name":"wp","href":"https:\/\/api.w.org\/{rel}","templated":true}]}}