{"id":600,"date":"2022-05-02T11:46:19","date_gmt":"2022-05-02T10:46:19","guid":{"rendered":"https:\/\/www.extensionmania.com\/?post_type=product&#038;p=600"},"modified":"2026-04-23T09:43:32","modified_gmt":"2026-04-23T07:43:32","slug":"extensiones-de-hilo-clip-tiara","status":"publish","type":"product","link":"https:\/\/www.extensionmania.com\/tienda\/producto\/extensiones-de-hilo-clip-tiara\/","title":{"rendered":"Extensiones de hilo invisible 40 cm con clip Tiara"},"content":{"rendered":"<p>Las <strong>extensiones de hilo invisible 40 cm con clip Tiara<\/strong> est\u00e1n realizadas en cabello natural y de la m\u00e1s alta calidad. Esta t\u00e9cnica no permanente de extensiones de cabello es perfecta para personas que buscan un volumen extra de forma r\u00e1pida.<\/p>\n<p><strong>\u00bfPor qu\u00e9 te van a encantar?<\/strong> Las extensiones de hilo son una soluci\u00f3n extra vers\u00e1til para agregar longitud y grosor a tu melena sin complicaciones.<br \/>\nSon ideales para cabello finos o para aumentar el volumen en personas con un corte por debajo del hombro.<\/p>\n<p>Este set de extensiones incluye 4 hilos de nailon de la m\u00e1s alta calidad y resistencia de diferentes tama\u00f1os: (S, M, L y XL) para garantizar un ajuste perfecto y la m\u00e1xima comodidad. Un set cosido en varias filas de encaje, de 27 cms de ancho y 40 cms de largo (80 gramos). Adem\u00e1s, para que te sientas segura ante cualquier situaci\u00f3n, incorpora 4 clips para una sujeci\u00f3n excepcional.<\/p>\n<p>Una t\u00e9cnica de quita y pon f\u00e1cil y r\u00e1pida de aplicar solo con hilo, solo con clips (el hilo se puede quitar y poner) o usando ambos sistemas para una \u00f3ptima sujeci\u00f3n.<\/p>\n<p><a href=\"https:\/\/www.youtube.com\/watch?v=tdqc8g0GYik\" target=\"_blank\" rel=\"noopener\"><img fetchpriority=\"high\" decoding=\"async\" class=\"wp-image-1455 aligncenter\" src=\"https:\/\/www.extensionmania.com\/wp-content\/uploads\/sites\/2\/2022\/08\/Tutorial-extensiones-de-largo-tiara-extensionmania.jpg\" alt=\"tutorial-extensiones\" width=\"421\" height=\"274\" \/><\/a><\/p>\n<p>Todas las <a href=\"https:\/\/www.extensionmania.com\/tienda\/categoria-producto\/extensiones\/\">extensiones de cabello EXTENSIONmania<\/a> est\u00e1n realizadas con <strong>cabello premium<\/strong>. Vienen lisas en su bolsa de algod\u00f3n, sin embargo, se pueden rizar y peinar como tu propio cabello con herramientas de calor. Tambi\u00e9n puedes te\u00f1irlas si lo deseas. Incre\u00edblemente vers\u00e1tiles, las extensiones de cabello de EXTENSIONmania se combinan naturalmente con tu propio cabello embelleciendo tu melena con un acabado natural.<\/p>\n<p>Las <strong>extensiones de hilo\u00a0invisible<\/strong> est\u00e1n pensadas para todo tipo de melenas aunque est\u00e1n especialmente indicadas para cabellos finos, foscos y con poca cantidad. Aporta\u00a0densidad, espesor y largo de manera inmediata\u00a0conservando la flexibilidad y libertad de tu corte.<\/p>\n<p>Si quieres conseguir m\u00e1s volumen y largo en los laterales a\u00f1ade las extensiones de una tira Magic One. Si eres de las que siempre quiere m\u00e1s cantidad de cabello, m\u00e9zclalas con Magic clip.<br \/>\nConsigue melenas compactas, espesas y con volumen sin grandes inversiones de tiempo. Las extensiones son el accesorio m\u00e1s f\u00e1cil, r\u00e1pido y c\u00f3modo de lucir\u00a0una melena espectacular.<\/p>\n<p><strong>Si tienes dudas a la hora de elegir el color, env\u00edanos una foto de espaldas de tu melena a la luz del d\u00eda a nuestro <a href=\"https:\/\/api.whatsapp.com\/send\/?phone=34638132845&amp;text&amp;type=phone_number&amp;app_absent=0\">whatsapp<\/a> o <a href=\"mailto:info@extensionmania.com\">info@extensionmania.com<\/a> y una estilista especializada te atender\u00e1 personalmente para resolver todas tus dudas.<\/strong><\/p>\n<hr \/>\n<p><strong>Ficha t\u00e9cnica:<\/strong><\/p>\n<p><span style=\"color: #9e8b66;\"><strong>COMPOSICI\u00d3N:<\/strong><\/span> Cabello natural<\/p>\n<p><span style=\"color: #9e8b66;\"><strong>SISTEMA:<\/strong><\/span> De hilo regulable (4 medidas incluidas), removible (se puede quitar) y 4 clips ergon\u00f3micos que garantizan una \u00f3ptima sujeci\u00f3n protegiendo tu cabello<\/p>\n<p><span style=\"color: #9e8b66;\"><strong>LARGO:<\/strong><\/span> 40 cent\u00edmetros<\/p>\n<p><span style=\"color: #9e8b66;\"><strong>PESO:<\/strong><\/span> 90 gramos (clips incluidos)<\/p>\n<p><span style=\"color: #9e8b66;\"><strong>GARANT\u00cdA:<\/strong><\/span><br \/>\n<strong>M\u00e1xima calidad:<\/strong> Cada a\u00f1o recorremos el mundo buscando el mejor cabello natural, as\u00ed que tienes en tus manos una pieza \u00fanica seleccionada con los m\u00e1ximos est\u00e1ndares para que tus extensiones se mantengan sedosos y brillantes en el tiempo. <strong>Cabellos largos:<\/strong> El peso no es sin\u00f3nimo de calidad (a m\u00e1s cabellos cortos, m\u00e1s gramos). En EXTENSIONmania aseguramos que cada accesorio ha sido perfectamente dise\u00f1ado y testado para superar tus expectativas, as\u00ed que todos los cabellos son largos de ra\u00edces a puntas.<\/p>\n<p><span style=\"color: #9e8b66;\"><strong>DURABILIDAD:<\/strong><\/span> La durabilidad del cabello adquirido depender\u00e1 del cuidado y manejo diario que realices, por lo que cuanto m\u00e1s sigas nuestros consejos de cuidado m\u00e1s posibilidades tendr\u00e1s de alargar la vida de tus extensiones naturales.<\/p>\n<p><span style=\"color: #9e8b66;\"><strong>CUIDADOS:<\/strong><\/span><br \/>\n<b>Cepillado:<\/b>\u00a0Desenreda y cepilla el cabello frecuentemente. Es aconsejable desenredar el cabello de medios a puntas cuando est\u00e9 completamente seco y antes de lavarlo. Para evitar tirones, desenreda siempre tu melena con el cepillo EXTENSIONmania\u00a0<b><a style=\"box-sizing: border-box; color: var( --e-global-color-accent ); box-shadow: none;\" href=\"https:\/\/www.extensionmania.com\/tienda\/producto\/cepillo-extensiones-profesional-06-vortice-tamano-grande\/\"><span style=\"color: windowtext; font-weight: normal; text-decoration: none; text-underline: none;\">06.V\u00d3RTICE\u00a0<\/span><\/a><\/b>ya que es el \u00fanico que permite cepillar desde la ra\u00edz.<br style=\"box-sizing: border-box; font-variant-ligatures: normal; font-variant-caps: normal; orphans: 2; text-align: start; widows: 2; -webkit-text-stroke-width: 0px; text-decoration-thickness: initial; text-decoration-style: initial; text-decoration-color: initial; word-spacing: 0px;\" \/><b>Lavado:<\/b>\u00a0Lava las extensiones de coleta cuando no las lleves colocadas. Aplica\u00a0<b><a style=\"box-sizing: border-box; color: var( --e-global-color-accent ); box-shadow: none; font-variant-ligatures: normal; font-variant-caps: normal; orphans: 2; text-align: start; widows: 2; -webkit-text-stroke-width: 0px; word-spacing: 0px;\" href=\"https:\/\/www.extensionmania.com\/tienda\/producto\/champu-extensiones-cabello\/\"><span style=\"color: windowtext; font-weight: normal; text-decoration: none; text-underline: none;\">01.TORMENTA\u00a0<\/span><\/a><\/b>en toda la extensi\u00f3n, al ser un champ\u00fa neutro garantiza que las extensiones est\u00e9n m\u00e1s limpias m\u00e1s tiempo. Lava el cabello a una misma direcci\u00f3n para evitar enredos. Aclara el cabello suavemente desde la ra\u00edz hasta las puntas sin frotar.<br style=\"box-sizing: border-box; font-variant-ligatures: normal; font-variant-caps: normal; orphans: 2; text-align: start; widows: 2; -webkit-text-stroke-width: 0px; text-decoration-thickness: initial; text-decoration-style: initial; text-decoration-color: initial; word-spacing: 0px;\" \/><b>Hidrataci\u00f3n:<\/b>\u00a0Retira la humedad con una toalla y aplica la mascarilla\u00a0<b><a style=\"box-sizing: border-box; color: var( --e-global-color-accent ); box-shadow: none; font-variant-ligatures: normal; font-variant-caps: normal; orphans: 2; text-align: start; widows: 2; -webkit-text-stroke-width: 0px; word-spacing: 0px;\" href=\"https:\/\/www.extensionmania.com\/tienda\/producto\/mascarilla-especial-extensiones\/\"><span style=\"color: windowtext; font-weight: normal; text-decoration: none; text-underline: none;\">02.ECLIPSE<\/span><\/a><\/b>, al menos 15 minutos, conseguir\u00e1s que tus extensiones naturales est\u00e9n siempre sanas e hidratadas. Si\u00a0quieres mantener ese matiz rubio que evite tonos naranjas, combina\u00a0<b><a style=\"box-sizing: border-box; color: var( --e-global-color-accent ); box-shadow: none; font-variant-ligatures: normal; font-variant-caps: normal; orphans: 2; text-align: start; widows: 2; -webkit-text-stroke-width: 0px; word-spacing: 0px;\" href=\"https:\/\/www.extensionmania.com\/tienda\/producto\/mascarilla-especial-extensiones\/\"><span style=\"color: windowtext; font-weight: normal; text-decoration: none; text-underline: none;\">02.ECLIPSE\u00a0\u00a0<\/span><\/a><\/b>con la mascarilla <a href=\"https:\/\/www.extensionmania.com\/tienda\/producto\/mascarilla-azul-para-rubias\/\"><span style=\"color: windowtext; text-decoration: none; text-underline: none;\">azul\u00a005. EN UNA NUBE<\/span><\/a><b>\u00a0<\/b>una vez a la semana.\u00a0Puedes usar aceites y productos espec\u00edficos que nutran en profundidad el cabello una vez seco como el s\u00e9rum\u00a0<b><a style=\"box-sizing: border-box; color: var( --e-global-color-accent ); box-shadow: none;\" href=\"https:\/\/www.extensionmania.com\/tienda\/producto\/serum-especial-extensiones\/\"><span style=\"color: windowtext; font-weight: normal; text-decoration: none; text-underline: none;\">03.OLA DE SOL<\/span><\/a><\/b>. El uso de productos hidratantes y nutritivos debe ser exclusivo de medios a puntas.<br style=\"box-sizing: border-box; font-variant-ligatures: normal; font-variant-caps: normal; orphans: 2; text-align: start; widows: 2; -webkit-text-stroke-width: 0px; text-decoration-thickness: initial; text-decoration-style: initial; text-decoration-color: initial; word-spacing: 0px;\" \/><b>Secado:<\/b>\u00a0Quita la humedad de las extensiones suavemente con una toalla, sin frotar para evitar enredos. Aplica protecci\u00f3n t\u00e9rmica de medios a puntas con\u00a0<b><a style=\"box-sizing: border-box; color: var( --e-global-color-accent ); box-shadow: none;\" href=\"https:\/\/www.extensionmania.com\/tienda\/producto\/protector-termico-extensiones-cabello\/\"><span style=\"color: windowtext; font-weight: normal; text-decoration: none; text-underline: none;\">05.HURAC\u00c1N<\/span><\/a>,\u00a0<\/b>de esta manera proteger\u00e1s el cabello de las agresiones t\u00e9rmicas. No apliques calor directo y utiliza una temperatura media o baja si usas secador. Una vez las extensiones est\u00e9n bien secas, puedes usar la plancha y moldear hasta conseguir el estilismo que desees.<br style=\"box-sizing: border-box; font-variant-ligatures: normal; font-variant-caps: normal; orphans: 2; text-align: start; widows: 2; -webkit-text-stroke-width: 0px; text-decoration-thickness: initial; text-decoration-style: initial; text-decoration-color: initial; word-spacing: 0px;\" \/><b>Cuidado espec\u00edfico:<\/b>\u00a0El cabello debe tratarse como cabello natural, es decir, se puede cortar, planchar y te\u00f1ir a un tono m\u00e1s oscuro (nunca decolorar ni aplicar tratamientos permanentes).<\/p>\n<p><strong><span style=\"color: #9e8b66;\">INDICACIONES:<\/span><\/strong> Por motivos de higiene no aceptamos cambios y\/o devoluciones de las extensiones y\/o accesorios de cabello natural o fibra. No obstante, si al recibir tu accesorio no encaja con tus expectativas dispones de 14 d\u00edas contados desde la fecha de entrega para devolverlo en el mismo estado. M\u00e1s informaci\u00f3n en <a href=\"\/envio-y-devoluciones\/\"><span style=\"color: #9e8b66;\">env\u00edos y devoluciones.<\/span><\/a><\/p>\n<hr \/>\n","protected":false},"excerpt":{"rendered":"<p><strong>Descubre las extensiones de hilo invisible con clip Tiara 40 cm: ideales para un volumen r\u00e1pido y sin complicaciones. <\/strong><\/p>\n<p>Hechas con cabello natural de calidad premium, este set incluye 4 hilos de nailon de diferentes tama\u00f1os y 4 clips para una sujeci\u00f3n excepcional.<\/p>\n<p><strong>TIP EXTRA: <\/strong><br \/>\nSi quieres conseguir m\u00e1s volumen y largo en los laterales a\u00f1ade las extensiones de una tira <a href=\"https:\/\/www.extensionmania.com\/tienda\/producto\/extensiones-de-clip-unidad\/\">Magic One<\/a>.<\/p>\n<p>Si eres de las que siempre quiere m\u00e1s cantidad de cabello, m\u00e9zclalas con <a href=\"https:\/\/www.extensionmania.com\/tienda\/producto\/extensiones-naturales-triples\/\">Magic clip<\/a>. \u00a1Te encantar\u00e1 el resultado!<\/p>\n","protected":false},"featured_media":922,"comment_status":"open","ping_status":"closed","template":"","meta":[],"product_brand":[],"product_cat":[107,216],"product_tag":[],"class_list":{"0":"post-600","1":"product","2":"type-product","3":"status-publish","4":"has-post-thumbnail","6":"product_cat-extensiones","7":"product_cat-extensiones-de-clip","8":"pa_color-10-22n-canela-india","9":"pa_color-10-4n-tamarindo-del-sudan","10":"pa_color-10n-cocoa-africana","11":"pa_color-14n-curmin-mediterraneo","12":"pa_color-1n-regaliz-oriental","13":"pa_color-22n-nuez-de-macadamia","14":"pa_color-27-613n-ginseng-ruso","15":"pa_color-2n-expresso-italiano","16":"pa_color-4n-tostado-frances","17":"pa_color-6-14n-cardamomo-nepali","18":"pa_color-6-22n-mistica-caribena","19":"pa_color-613n-pinot-blanche","20":"pa_color-6n-pimienta-jamaicana","22":"first","23":"instock","24":"sale","25":"featured","26":"taxable","27":"shipping-taxable","28":"purchasable","29":"product-type-variable"},"_links":{"self":[{"href":"https:\/\/www.extensionmania.com\/tienda\/wp-json\/wp\/v2\/product\/600","targetHints":{"allow":["GET"]}}],"collection":[{"href":"https:\/\/www.extensionmania.com\/tienda\/wp-json\/wp\/v2\/product"}],"about":[{"href":"https:\/\/www.extensionmania.com\/tienda\/wp-json\/wp\/v2\/types\/product"}],"replies":[{"embeddable":true,"href":"https:\/\/www.extensionmania.com\/tienda\/wp-json\/wp\/v2\/comments?post=600"}],"version-history":[{"count":0,"href":"https:\/\/www.extensionmania.com\/tienda\/wp-json\/wp\/v2\/product\/600\/revisions"}],"wp:featuredmedia":[{"embeddable":true,"href":"https:\/\/www.extensionmania.com\/tienda\/wp-json\/wp\/v2\/media\/922"}],"wp:attachment":[{"href":"https:\/\/www.extensionmania.com\/tienda\/wp-json\/wp\/v2\/media?parent=600"}],"wp:term":[{"taxonomy":"product_brand","embeddable":true,"href":"https:\/\/www.extensionmania.com\/tienda\/wp-json\/wp\/v2\/product_brand?post=600"},{"taxonomy":"product_cat","embeddable":true,"href":"https:\/\/www.extensionmania.com\/tienda\/wp-json\/wp\/v2\/product_cat?post=600"},{"taxonomy":"product_tag","embeddable":true,"href":"https:\/\/www.extensionmania.com\/tienda\/wp-json\/wp\/v2\/product_tag?post=600"}],"curies":[{"name":"wp","href":"https:\/\/api.w.org\/{rel}","templated":true}]}}