{"id":490,"date":"2022-05-02T11:44:41","date_gmt":"2022-05-02T10:44:41","guid":{"rendered":"https:\/\/www.extensionmania.com\/?post_type=product&#038;p=490"},"modified":"2026-04-01T00:45:31","modified_gmt":"2026-03-31T22:45:31","slug":"coleta-ondas-xl","status":"publish","type":"product","link":"https:\/\/www.extensionmania.com\/tienda\/producto\/coleta-ondas-xl\/","title":{"rendered":"Coleta ondulada de fibra XL 50cm"},"content":{"rendered":"<p>\u00a1Consigue un peinado incre\u00edble en un abrir y cerrar de ojos con la coleta ondulada XL 50 cm de EXTENSIONmania! Ser\u00e1 tu aliada perfecta para lucir un peinado impecable en cuesti\u00f3n de segundos.Este accesorio est\u00e1 recomendado para mujeres que buscan naturalidad y un <em>look<\/em>\u00a0sofisticado sin dejar de estar peinadas en cualquier momento.<\/p>\n<p>F\u00e1cil de colocar y con un aspecto muy natural, al igual que todos nuestros <a href=\"https:\/\/www.extensionmania.com\/tienda\/categoria-producto\/coletas-recogidos-y-flequillos-de-clip\/\">accesorios<\/a>, la coleta incorpora una pinza que garantiza un peinado perfecto durante todo el d\u00eda. Es una coleta ondulada, con un rizo abierto muy elegante que puedes llevar con una coleta alta, baja o de lado. Este accesorio se adapta a tu estilo, elevando tu look en cuesti\u00f3n de minutos.<\/p>\n<p><strong>TIP EXTRA:<\/strong><\/p>\n<ul>\n<li>Puedes enrollar la coleta entre s\u00ed y conseguir un recogido extra voluminoso.<\/li>\n<li>Existe la posibilidad de coser 4 clips y utilizar para semi recogidos.<\/li>\n<\/ul>\n<p><a href=\"https:\/\/www.youtube.com\/watch?v=KJFdJgKuYnk\" target=\"_blank\" rel=\"noopener\"><img fetchpriority=\"high\" decoding=\"async\" class=\"wp-image-1548 aligncenter\" src=\"https:\/\/www.extensionmania.com\/wp-content\/uploads\/sites\/2\/2022\/05\/tutorial-coleta-ondas-xl-fibra-memoria-extensionmania.jpg\" alt=\"tutorial-coleta-ondas-xl-extensionmania\" width=\"421\" height=\"281\" srcset=\"https:\/\/www.extensionmania.com\/tienda\/wp-content\/uploads\/sites\/2\/2022\/05\/tutorial-coleta-ondas-xl-fibra-memoria-extensionmania.jpg 972w, https:\/\/www.extensionmania.com\/tienda\/wp-content\/uploads\/sites\/2\/2022\/05\/tutorial-coleta-ondas-xl-fibra-memoria-extensionmania-540x360.jpg 540w, https:\/\/www.extensionmania.com\/tienda\/wp-content\/uploads\/sites\/2\/2022\/05\/tutorial-coleta-ondas-xl-fibra-memoria-extensionmania-768x512.jpg 768w, https:\/\/www.extensionmania.com\/tienda\/wp-content\/uploads\/sites\/2\/2022\/05\/tutorial-coleta-ondas-xl-fibra-memoria-extensionmania-666x444.jpg 666w\" sizes=\"(max-width: 421px) 100vw, 421px\" \/><\/a><\/p>\n<div class=\"mceTemp\"><\/div>\n<p>Todas las extensiones de cabello de EXTENSIONmania est\u00e1n realizadas con <strong>fibra\u00a0mate con memoria<\/strong>. Eso significa que tienen un brillo es natural que se adapta perfectamente al brillo de tu cabello. El efecto memoria de la fibra es una tecnolog\u00eda patentada que\u00a0recupera su forma sin necesidad de peinar.<\/p>\n<p>I<b>mportante:<\/b> antes de lavar retira la pinza, lava tu accesorio con champ\u00fa espec\u00edfico y agua fr\u00eda y deja secar al aire. Una vez seca, la forma ondulada de la coleta se mantiene sin necesidad de usar herramientas de calor. La fibra no se puede te\u00f1ir y tampoco se pueden usar herramientas de calor como plancha y\/o secadores.<\/p>\n<p>En EXTENSIONmania proporcionamos un sistema de coloraci\u00f3n adaptable de varios tonos, que ayuda a que las extensiones se mezclen perfectamente con tu cabello, incluso si tu propio tono de cabello es ligeramente diferente.<\/p>\n<p><b>Si tienes dudas a la hora de elegir el color, env\u00edanos una foto de espaldas de tu melena a la luz del d\u00eda a nuestro\u00a0<a href=\"https:\/\/api.whatsapp.com\/send\/?phone=34638132845&amp;text&amp;type=phone_number&amp;app_absent=0\">whatsapp<\/a>\u00a0o\u00a0<a href=\"mailto:info@extensionmania.com\">info@extensionmania.com<\/a>\u00a0y una estilista especializada te atender\u00e1 personalmente para resolver todas tus dudas.<\/b><\/p>\n<hr \/>\n<h2>Ficha t\u00e9cnica<\/h2>\n<p><span style=\"color: #9e8b66;\"><strong>COMPOSICI\u00d3N:<\/strong><\/span> Fibra efecto memoria<\/p>\n<p><span style=\"color: #9e8b66;\"><strong>SISTEMA:<\/strong><\/span> Goma el\u00e1stica y pinza<\/p>\n<p><span style=\"color: #9e8b66;\"><strong>LARGO:<\/strong><\/span> 50 cent\u00edmetros<\/p>\n<p><span style=\"color: #9e8b66;\"><strong>GARANT\u00cdA:<\/strong><\/span><br \/>\n<strong>M\u00e1xima calidad:<\/strong> Tienes una garant\u00eda de 45 d\u00edas desde la primera compra. La garant\u00eda solo incluye el cambio en caso de defecto de fabricaci\u00f3n. Excluye el mal uso. Recuerda que los accesorios de fibra no se pueden te\u00f1ir ni aplicar calor. Fibra efecto memoria con tecnolog\u00eda patentada recupera su forma sin necesidad de peinar. En EXTENSIONmania aseguramos que cada accesorio ha sido perfectamente dise\u00f1ado y testado para superar tus expectativas.<\/p>\n<p><span style=\"color: #9e8b66;\"><strong>DURABILIDAD:<\/strong><\/span> La durabilidad de la fibra adquirida depender\u00e1 del cuidado y manejo diario que realices, por lo que cuanto m\u00e1s sigas nuestros consejos m\u00e1s posibilidades tendr\u00e1s de alargar la vida de tu accesorio.<\/p>\n<p><span style=\"color: #9e8b66;\"><strong>CUIDADOS:<br \/>\n<\/strong><\/span><strong>Cepillado:<\/strong> Desenreda y cepilla el cabello frecuentemente. Es aconsejable desenredar el cabello de medios a puntas cuando est\u00e9 completamente seco y antes de lavarlo. Para evitar tirones, desenreda siempre tu melena con el cepillo EXTENSIONmania\u00a0<strong><a href=\"https:\/\/www.extensionmania.com\/tienda\/producto\/cepillo-extensiones-profesional-06-vortice-tamano-grande\/\">06.V\u00d3RTICE<\/a> <\/strong>ya que es el \u00fanico que permite cepillar desde la ra\u00edz.<br \/>\n<strong>Lavado:<\/strong> Lava la coleta\u00a0cuando no la lleves colocada, sin frotar, con agua fr\u00eda y champ\u00fa neutro\u00a0<a href=\"https:\/\/www.extensionmania.com\/tienda\/producto\/champu-extensiones-cabello\/\"><strong>01.TORMENTA<\/strong><\/a>. Aplica <a href=\"https:\/\/www.extensionmania.com\/tienda\/producto\/mascarilla-especial-extensiones\/\" rel=\"noopener noreferrer\"><strong>02.ECLIPSE<\/strong><\/a>\u00a0con\u00a0cuidado, peinar suavemente si lo ves necesario y aclarar. Dejar secar al aire.\u00a0No usar herramientas de calor como secador o plancha. No se puede te\u00f1ir.<\/p>\n<p><span style=\"color: #9e8b66;\"><strong>INDICACIONES:<\/strong><\/span> Por motivos de higiene no aceptamos cambios y\/o devoluciones de las extensiones y\/o accesorios de cabello natural o fibra. No obstante, si al recibir tu accesorio no encaja con tus expectativas dispones de 14 d\u00edas contados desde la fecha de entrega para devolverlo en el mismo estado. M\u00e1s informaci\u00f3n en <a style=\"color: #9e8b66; text-decoration: underline;\" href=\"\/envio-y-devoluciones\/\">env\u00edos y devoluciones.<\/a><\/p>\n","protected":false},"excerpt":{"rendered":"<p style=\"font-size: 18px;\"><strong>Haz una declaraci\u00f3n de moda con la coleta ondulada XL de 50 cm<\/strong><\/p>\n<p style=\"font-size: 18px;\">Esta coleta ofrece un aspecto natural y sofisticado en cualquier ocasi\u00f3n, con su pinza incorporada para un peinado perfecto durante todo el d\u00eda, es la opci\u00f3n ideal para un look impecable en segundos.<\/p>\n<p style=\"font-size: 18px;\"><strong>TIP EXTRA:<\/strong><\/p>\n<p style=\"font-size: 18px;\">Enrolla la coleta entre s\u00ed y consigue un recogido extra voluminoso, o cose 4 clips a la coleta y \u00fasala para semi recogidos.<\/p>\n","protected":false},"featured_media":557,"comment_status":"open","ping_status":"closed","template":"","meta":[],"product_brand":[],"product_cat":[122,219],"product_tag":[],"class_list":{"0":"post-490","1":"product","2":"type-product","3":"status-publish","4":"has-post-thumbnail","6":"product_cat-coletas-recogidos-y-flequillos-de-clip","7":"product_cat-coletas-y-monos","8":"pa_color-12-22f-laurus-nobilis","9":"pa_color-16f-sesamo-arabe","10":"pa_color-18-24f-boswellia-sacra","11":"pa_color-1f-trufa-brumale","12":"pa_color-22f-flor-de-vainilla","13":"pa_color-2f-grifonia-indigena","14":"pa_color-4f-brownie-ingles","15":"pa_color-6-22f-anis-persa","16":"pa_color-6-4f-piper-nigrum","17":"pa_color-6f-anis-estrellado","19":"first","20":"instock","21":"sale","22":"taxable","23":"shipping-taxable","24":"purchasable","25":"product-type-variable"},"_links":{"self":[{"href":"https:\/\/www.extensionmania.com\/tienda\/wp-json\/wp\/v2\/product\/490","targetHints":{"allow":["GET"]}}],"collection":[{"href":"https:\/\/www.extensionmania.com\/tienda\/wp-json\/wp\/v2\/product"}],"about":[{"href":"https:\/\/www.extensionmania.com\/tienda\/wp-json\/wp\/v2\/types\/product"}],"replies":[{"embeddable":true,"href":"https:\/\/www.extensionmania.com\/tienda\/wp-json\/wp\/v2\/comments?post=490"}],"version-history":[{"count":0,"href":"https:\/\/www.extensionmania.com\/tienda\/wp-json\/wp\/v2\/product\/490\/revisions"}],"wp:featuredmedia":[{"embeddable":true,"href":"https:\/\/www.extensionmania.com\/tienda\/wp-json\/wp\/v2\/media\/557"}],"wp:attachment":[{"href":"https:\/\/www.extensionmania.com\/tienda\/wp-json\/wp\/v2\/media?parent=490"}],"wp:term":[{"taxonomy":"product_brand","embeddable":true,"href":"https:\/\/www.extensionmania.com\/tienda\/wp-json\/wp\/v2\/product_brand?post=490"},{"taxonomy":"product_cat","embeddable":true,"href":"https:\/\/www.extensionmania.com\/tienda\/wp-json\/wp\/v2\/product_cat?post=490"},{"taxonomy":"product_tag","embeddable":true,"href":"https:\/\/www.extensionmania.com\/tienda\/wp-json\/wp\/v2\/product_tag?post=490"}],"curies":[{"name":"wp","href":"https:\/\/api.w.org\/{rel}","templated":true}]}}