{"id":488,"date":"2022-05-02T11:44:41","date_gmt":"2022-05-02T10:44:41","guid":{"rendered":"https:\/\/www.extensionmania.com\/?post_type=product&#038;p=488"},"modified":"2026-05-17T01:21:51","modified_gmt":"2026-05-16T23:21:51","slug":"coleta-cabello-natural-easy-style","status":"publish","type":"product","link":"https:\/\/www.extensionmania.com\/tienda\/producto\/coleta-cabello-natural-easy-style\/","title":{"rendered":"Coleta de pelo natural efecto volumen Easy Style 45 cm"},"content":{"rendered":"<p>La <strong>coleta cabello natural<\/strong> permite conseguir peinados m\u00e1s tupidos aumentando el volumen y el largo. Con un este accesorio consigues aportar a tu coleta m\u00e1s cabello de manera f\u00e1cil y r\u00e1pida. Suma volumen a tu peinado y consigue re-dimensionar tus trenzas o recogidos.<\/p>\n<p>Este accesorio se adapta a lo que necesita tu melena. Adem\u00e1s, es s\u00faper f\u00e1cil de colocar y queda muy natural, al igual que todas nuestros <a href=\"https:\/\/www.extensionmania.com\/tienda\/categoria-producto\/coletas-recogidos-y-flequillos-de-clip\/\">accesorios<\/a>. Gracias a sus micro enganches puedes acoplar todos las coletas Easy Style que quieras, pudiendo conseguir m\u00e1s largo, grosor e incluso iluminar tu melena combinando tonos m\u00e1s claros con otros tonos m\u00e1s oscuros.<\/p>\n<p>Las extensiones de coleta Easy Style se mimetizan con tu cabello consiguiendo un peinado mucho m\u00e1s espectacular. Adem\u00e1s, al estar realizado con cabello natural, podr\u00e1s utilizar plancha o secador para aportar estilo, tambi\u00e9n puedes te\u00f1irlo (siempre a un tono m\u00e1s oscuro, nunca decolorar).<\/p>\n<p><strong>\u00bfC\u00f3mo usar esta coleta?<\/strong><\/p>\n<p>Es muy sencillo: este accesorio contiene una tira cu\u00e1druple de 10 cent\u00edmetros de ancho por 45 cent\u00edmetros de largo que\u00a0se sujeta mediante una peineta y una goma que garantizan una perfecta sujeci\u00f3n. Al no llevar pinza este accesorio se convierte como uno de los m\u00e1s ligeros que tenemos.<\/p>\n<p>Perfecto para coletas alta, bajas, recogidos y trenzas.<\/p>\n<p><strong>TIP EXTRA:<\/strong> para conseguir un efecto de m\u00e1s volumen se recomienda combinar dos coletas Easy Style.<\/p>\n<p><strong>\u00a1No te olvides de complementar con <a href=\"https:\/\/www.extensionmania.com\/producto\/cubre-coletas-cover-up\/\">Cover Up<\/a>!<\/strong> El coletero que cubre la goma de la coleta con un resultado c\u00f3modo y profesional.<a href=\"https:\/\/www.youtube.com\/watch?v=pxLKQhiDgTQ\" target=\"_blank\" rel=\"noopener\"><img fetchpriority=\"high\" decoding=\"async\" class=\"wp-image-1551 aligncenter\" src=\"https:\/\/www.extensionmania.com\/wp-content\/uploads\/sites\/2\/2022\/05\/tutorial-coleta-easy-style-extensionmania.jpg\" alt=\"tutorial-coleta-easy-style-natural\" width=\"421\" height=\"281\" srcset=\"https:\/\/www.extensionmania.com\/tienda\/wp-content\/uploads\/sites\/2\/2022\/05\/tutorial-coleta-easy-style-extensionmania.jpg 972w, https:\/\/www.extensionmania.com\/tienda\/wp-content\/uploads\/sites\/2\/2022\/05\/tutorial-coleta-easy-style-extensionmania-540x360.jpg 540w, https:\/\/www.extensionmania.com\/tienda\/wp-content\/uploads\/sites\/2\/2022\/05\/tutorial-coleta-easy-style-extensionmania-768x512.jpg 768w, https:\/\/www.extensionmania.com\/tienda\/wp-content\/uploads\/sites\/2\/2022\/05\/tutorial-coleta-easy-style-extensionmania-666x444.jpg 666w\" sizes=\"(max-width: 421px) 100vw, 421px\" \/><\/a><\/p>\n<p>Todas las extensiones de cabello de EXTENSIONmania est\u00e1n realizadas en\u00a0cabello natural premium.<\/p>\n<div>\n<p>Llegan lisas y suaves al sacarlas de la caja, sin embargo, se pueden rizar y peinar con herramientas de calor junto a tu propio cabello. Incre\u00edblemente vers\u00e1tiles, estas extensiones de cabello se combinan naturalmente con tu propio cabello para un resultado extra favorecedor. Tambi\u00e9n las puedes te\u00f1ir siempre a un tono m\u00e1s oscuro, nunca decolorar.<\/p>\n<p>En EXTENSIONmania proporcionamos un sistema de coloraci\u00f3n adaptable de varios tonos, que ayuda a que las extensiones se mezclen perfectamente con tu cabello, incluso si tu propio tono de cabello es ligeramente diferente.<\/p>\n<p><strong>Si tienes dudas a la hora de elegir el color, env\u00edanos una foto de espaldas de tu melena a la luz del d\u00eda a nuestro\u00a0<a href=\"https:\/\/api.whatsapp.com\/send\/?phone=34638132845&amp;text&amp;type=phone_number&amp;app_absent=0\">whatsapp<\/a>\u00a0o\u00a0<a href=\"mailto:info@extensionmania.com\">info@extensionmania.com<\/a>\u00a0y una estilista especializada te atender\u00e1 personalmente para resolver todas tus dudas.<\/strong><\/p>\n<\/div>\n<hr \/>\n<h2>Ficha t\u00e9cnica<\/h2>\n<p><span style=\"color: #9e8b66;\"><strong>COMPOSICI\u00d3N:<\/strong><\/span> Cabello natural<\/p>\n<p><span style=\"color: #9e8b66;\"><strong>SISTEMA:<\/strong><\/span> Goma el\u00e1stica con ganchos y peineta<\/p>\n<p><span style=\"color: #9e8b66;\"><strong>LARGO:<\/strong><\/span> 45 cent\u00edmetros<\/p>\n<p><strong><span style=\"color: #9e8b66;\">PESO:<\/span><\/strong> 25 gramos<\/p>\n<p><span style=\"color: #9e8b66;\"><strong>GARANT\u00cdA:<\/strong><\/span><br \/>\n<strong>M\u00e1xima calidad:<\/strong> Tienes una garant\u00eda de 45 d\u00edas desde la primera compra. La garant\u00eda solo incluye el cambio en caso de defecto de fabricaci\u00f3n. Excluye el mal uso, tinte, decoloraci\u00f3n y\/o permanente.<br \/>\n<strong>Cabellos largos:<\/strong>\u00a0El peso no es sin\u00f3nimo de calidad (a m\u00e1s cabellos cortos, m\u00e1s gramos). En EXTENSIONmania aseguramos que cada accesorio ha sido perfectamente dise\u00f1ado y testado para superar tus expectativas, as\u00ed que todos los cabellos son largos de ra\u00edces a puntas. \u00bfSab\u00edas que todas las colecciones son combinables entre s\u00ed? Si deseas una melena m\u00e1s frondosa puedes adquirir otros accesorios <a href=\"http:\/\/extensionmania.com\">VER COLECCI\u00d3N<\/a>.<\/p>\n<p><span style=\"color: #9e8b66;\"><strong>DURABILIDAD:<\/strong><\/span> La durabilidad de la fibra adquirida depender\u00e1 del cuidado y manejo diario que realices, por lo que cuanto m\u00e1s sigas nuestros consejos m\u00e1s posibilidades tendr\u00e1s de alargar la vida de tu accesorio.<\/p>\n<p><span style=\"color: #9e8b66;\"><strong>CUIDADOS:<br \/>\n<\/strong><\/span><\/p>\n<p><b>Cepillado:<\/b>\u00a0Desenreda y cepilla el cabello frecuentemente. Es aconsejable desenredar el cabello de medios a puntas cuando est\u00e9 completamente seco y antes de lavarlo. Para evitar tirones, desenreda siempre tu melena con el cepillo EXTENSIONmania\u00a0<b><a style=\"color: var( --e-global-color-accent ); box-shadow: none;\" href=\"https:\/\/www.extensionmania.com\/tienda\/producto\/cepillo-extensiones-profesional-06-vortice-tamano-grande\/\"><span style=\"color: windowtext; font-weight: normal; text-decoration: none;\">06.V\u00d3RTICE\u00a0<\/span><\/a><\/b>ya que es el \u00fanico que permite cepillar desde la ra\u00edz.<br style=\"text-align: start;\" \/><b>Lavado:<\/b>\u00a0Lava las extensiones de coleta cuando no las lleves colocadas. Aplica\u00a0<b><a style=\"color: var( --e-global-color-accent ); box-shadow: none; text-align: start;\" href=\"https:\/\/www.extensionmania.com\/tienda\/producto\/champu-extensiones-cabello\/\"><span style=\"color: windowtext; font-weight: normal; text-decoration: none;\">01.TORMENTA\u00a0<\/span><\/a><\/b>en toda la extensi\u00f3n, al ser un champ\u00fa neutro garantiza que las extensiones est\u00e9n m\u00e1s limpias m\u00e1s tiempo. Lava el cabello a una misma direcci\u00f3n para evitar enredos. Aclara el cabello suavemente desde la ra\u00edz hasta las puntas sin frotar.<br style=\"text-align: start;\" \/><b>Hidrataci\u00f3n:<\/b>\u00a0Retira la humedad con una toalla y aplica la mascarilla\u00a0<b><a style=\"color: var( --e-global-color-accent ); box-shadow: none; text-align: start;\" href=\"https:\/\/www.extensionmania.com\/tienda\/producto\/mascarilla-especial-extensiones\/\"><span style=\"color: windowtext; font-weight: normal; text-decoration: none;\">02.ECLIPSE<\/span><\/a><\/b>, al menos 15 minutos, conseguir\u00e1s que tus extensiones naturales est\u00e9n siempre sanas e hidratadas. Si\u00a0quieres mantener ese matiz rubio que evite tonos naranjas, combina\u00a0<b><a style=\"color: var( --e-global-color-accent ); box-shadow: none; text-align: start;\" href=\"https:\/\/www.extensionmania.com\/tienda\/producto\/mascarilla-especial-extensiones\/\"><span style=\"color: windowtext; font-weight: normal; text-decoration: none;\">02.ECLIPSE\u00a0\u00a0<\/span><\/a><\/b>con la mascarilla <a href=\"https:\/\/www.extensionmania.com\/tienda\/producto\/mascarilla-azul-para-rubias\/\"><span style=\"color: windowtext; text-decoration: none;\">azul\u00a005. EN UNA NUBE<\/span><\/a><b>\u00a0<\/b>una vez a la semana.\u00a0Puedes usar aceites y productos espec\u00edficos que nutran en profundidad el cabello una vez seco como el s\u00e9rum\u00a0<b><a style=\"color: var( --e-global-color-accent ); box-shadow: none;\" href=\"https:\/\/www.extensionmania.com\/tienda\/producto\/serum-especial-extensiones\/\"><span style=\"color: windowtext; font-weight: normal; text-decoration: none;\">03.OLA DE SOL<\/span><\/a><\/b>. El uso de productos hidratantes y nutritivos debe ser exclusivo de medios a puntas.<br style=\"text-align: start;\" \/><b>Secado:<\/b>\u00a0Quita la humedad de las extensiones suavemente con una toalla, sin frotar para evitar enredos. Aplica protecci\u00f3n t\u00e9rmica de medios a puntas con\u00a0<b><a style=\"color: var( --e-global-color-accent ); box-shadow: none;\" href=\"https:\/\/www.extensionmania.com\/tienda\/producto\/protector-termico-extensiones-cabello\/\"><span style=\"color: windowtext; font-weight: normal; text-decoration: none;\">05.HURAC\u00c1N<\/span><\/a>,\u00a0<\/b>de esta manera proteger\u00e1s el cabello de las agresiones t\u00e9rmicas. No apliques calor directo y utiliza una temperatura media o baja si usas secador. Una vez las extensiones est\u00e9n bien secas, puedes usar la plancha y moldear hasta conseguir el estilismo que desees.<br style=\"text-align: start;\" \/><b>Cuidado espec\u00edfico:<\/b>\u00a0El cabello debe tratarse como cabello natural, es decir, se puede cortar, planchar y te\u00f1ir a un tono m\u00e1s oscuro (nunca decolorar ni aplicar tratamientos permanentes).<\/p>\n<p><span style=\"color: #9e8b66;\"><strong>INDICACIONES:<\/strong><\/span>\u00a0Por motivos de higiene no aceptamos cambios y\/o devoluciones de las extensiones y\/o accesorios de cabello natural o fibra. No obstante, si al recibir tu accesorio no encaja con tus expectativas dispones de 14 d\u00edas contados desde la fecha de entrega para devolverlo en el mismo estado. M\u00e1s informaci\u00f3n en <a href=\"https:\/\/www.extensionmania.com\/envio-y-devoluciones\/\">env\u00edos y devoluciones<\/a>.<\/p>\n","protected":false},"excerpt":{"rendered":"<p style=\"font-size: 18px;\"><strong>\u00a1Transforma tu estilo al instante!<\/strong><\/p>\n<p style=\"font-size: 18px;\">A\u00f1ade volumen y longitud en segundos. \u00bfTienes un <em>bad day hair<\/em>? Coloca una coleta Easy Style y consigue un peinado perfecto. Con una sujeci\u00f3n \u00f3ptima y un aspecto natural, estas extensiones de coleta ser\u00e1n tu aliadas para un look impecable en cualquier ocasi\u00f3n.<\/p>\n<p style=\"font-size: 18px;\"><strong>TIP EXTRA:<\/strong><\/p>\n<p style=\"font-size: 18px;\">Para conseguir m\u00e1s volumen prueba a combinar dos o m\u00e1s coletas Easy Style. \u00a1Ver\u00e1s los resultados!<\/p>\n","protected":false},"featured_media":569,"comment_status":"open","ping_status":"closed","template":"","meta":[],"product_brand":[],"product_cat":[122,219,43],"product_tag":[],"class_list":{"0":"post-488","1":"product","2":"type-product","3":"status-publish","4":"has-post-thumbnail","6":"product_cat-coletas-recogidos-y-flequillos-de-clip","7":"product_cat-coletas-y-monos","8":"product_cat-mas-vendidos","9":"pa_color-10-22n-canela-india","10":"pa_color-10-4n-tamarindo-del-sudan","11":"pa_color-14n-curmin-mediterraneo","12":"pa_color-1n-regaliz-oriental","13":"pa_color-22n-nuez-de-macadamia","14":"pa_color-2n-expresso-italiano","15":"pa_color-4n-tostado-frances","16":"pa_color-6-22n-mistica-caribena","17":"pa_color-614n-pinot-extra-white","18":"pa_color-6n-pimienta-jamaicana","20":"first","21":"instock","22":"featured","23":"taxable","24":"shipping-taxable","25":"purchasable","26":"product-type-variable","27":"has-default-attributes"},"_links":{"self":[{"href":"https:\/\/www.extensionmania.com\/tienda\/wp-json\/wp\/v2\/product\/488","targetHints":{"allow":["GET"]}}],"collection":[{"href":"https:\/\/www.extensionmania.com\/tienda\/wp-json\/wp\/v2\/product"}],"about":[{"href":"https:\/\/www.extensionmania.com\/tienda\/wp-json\/wp\/v2\/types\/product"}],"replies":[{"embeddable":true,"href":"https:\/\/www.extensionmania.com\/tienda\/wp-json\/wp\/v2\/comments?post=488"}],"version-history":[{"count":0,"href":"https:\/\/www.extensionmania.com\/tienda\/wp-json\/wp\/v2\/product\/488\/revisions"}],"wp:featuredmedia":[{"embeddable":true,"href":"https:\/\/www.extensionmania.com\/tienda\/wp-json\/wp\/v2\/media\/569"}],"wp:attachment":[{"href":"https:\/\/www.extensionmania.com\/tienda\/wp-json\/wp\/v2\/media?parent=488"}],"wp:term":[{"taxonomy":"product_brand","embeddable":true,"href":"https:\/\/www.extensionmania.com\/tienda\/wp-json\/wp\/v2\/product_brand?post=488"},{"taxonomy":"product_cat","embeddable":true,"href":"https:\/\/www.extensionmania.com\/tienda\/wp-json\/wp\/v2\/product_cat?post=488"},{"taxonomy":"product_tag","embeddable":true,"href":"https:\/\/www.extensionmania.com\/tienda\/wp-json\/wp\/v2\/product_tag?post=488"}],"curies":[{"name":"wp","href":"https:\/\/api.w.org\/{rel}","templated":true}]}}