{"id":486,"date":"2022-05-02T11:44:40","date_gmt":"2022-05-02T10:44:40","guid":{"rendered":"https:\/\/www.extensionmania.com\/?post_type=product&#038;p=486"},"modified":"2026-05-08T08:28:45","modified_gmt":"2026-05-08T06:28:45","slug":"coleta-ondas-fibra","status":"publish","type":"product","link":"https:\/\/www.extensionmania.com\/tienda\/producto\/coleta-ondas-fibra\/","title":{"rendered":"Coleta ondulada de fibra 40 cm"},"content":{"rendered":"<p>\u00a1Consigue un peinado incre\u00edble en un abrir y cerrar de ojos con la <strong>coleta ondulada de 40 cm<\/strong> de EXTENSIONmania! Gracias a su pinza incorporada, que se aplica en el propio cabello, conseguir\u00e1s una coleta extra larga en menos de un minuto.<\/p>\n<p>La textura de la coleta es ondulada con ondas grandes y con volumen. Este accesorio es perfecto para cada d\u00eda o para ocasiones especiales. Un peinado muy f\u00e1cil de hacer que permite presumir de coleta extra abundante con una onda muy natural. \u00a1Combina esta coleta con los<a href=\"https:\/\/www.extensionmania.com\/tienda\/categoria-producto\/coletas-recogidos-y-flequillos-de-clip\/\"> accesorios m\u00e1s top<\/a>!<\/p>\n<p><strong>TIP EXTRA:<\/strong><\/p>\n<p>Enam\u00f3rate de la coleta ondulada (a\u00fan m\u00e1s)<\/p>\n<p>Adem\u00e1s de llevarla como tal, puedes usarla a modo de recogido. Enrollas la coleta entre s\u00ed y consigues un mo\u00f1o expr\u00e9s o <em>messy bunny<\/em>. Otra opci\u00f3n de colocaci\u00f3n es quitar la pinza, coser 4 clips, y usarla para a\u00f1adir cuerpo y largo a una trenza lateral o aportar volumen a un semi-recogido.<\/p>\n<p><a href=\"https:\/\/www.youtube.com\/watch?v=KBw5yuhFhtU\" target=\"_blank\" rel=\"noopener\"><img fetchpriority=\"high\" decoding=\"async\" class=\"wp-image-1547 aligncenter\" src=\"https:\/\/www.extensionmania.com\/wp-content\/uploads\/sites\/2\/2022\/05\/tutorial-coleta-ondas-fibra-memoria-extensionmania.jpg\" alt=\"tutorial-coletas-onda-extensionmania\" width=\"421\" height=\"281\" srcset=\"https:\/\/www.extensionmania.com\/tienda\/wp-content\/uploads\/sites\/2\/2022\/05\/tutorial-coleta-ondas-fibra-memoria-extensionmania.jpg 972w, https:\/\/www.extensionmania.com\/tienda\/wp-content\/uploads\/sites\/2\/2022\/05\/tutorial-coleta-ondas-fibra-memoria-extensionmania-540x360.jpg 540w, https:\/\/www.extensionmania.com\/tienda\/wp-content\/uploads\/sites\/2\/2022\/05\/tutorial-coleta-ondas-fibra-memoria-extensionmania-768x512.jpg 768w, https:\/\/www.extensionmania.com\/tienda\/wp-content\/uploads\/sites\/2\/2022\/05\/tutorial-coleta-ondas-fibra-memoria-extensionmania-666x444.jpg 666w\" sizes=\"(max-width: 421px) 100vw, 421px\" \/><\/a><\/p>\n<p>&nbsp;<\/p>\n<p>Las extensiones de cabello de EXTENSIONmania est\u00e1n realizadas con <strong>fibra\u00a0mate con memoria<\/strong>. Eso significa que tienen un brillo es natural que se adapta perfectamente al brillo de tu cabello. El efecto memoria de la fibra es una tecnolog\u00eda patentada que\u00a0recupera su forma sin necesidad de peinar.<\/p>\n<p><strong>Importante:<\/strong> antes de lavar retira los coleteros o pinzas que tenga, lava tu accesorio con champ\u00fa espec\u00edfico y agua fr\u00eda y deja secar al aire. Una vez seca, la forma de la coleta se mantiene sin necesidad de usar herramientas de calor. La fibra no se puede te\u00f1ir y tampoco se pueden usar herramientas de calor como plancha y\/o secadores.<\/p>\n<p>En EXTENSIONmania proporcionamos un sistema de coloraci\u00f3n adaptable de varios tonos, que ayuda a que las extensiones se mezclen perfectamente con tu cabello, incluso si tu propio tono de cabello es ligeramente diferente.<\/p>\n<p><strong>Si tienes dudas a la hora de elegir el color, env\u00edanos una foto de espaldas de tu melena a la luz del d\u00eda a nuestro <a href=\"https:\/\/api.whatsapp.com\/send\/?phone=34638132845&amp;text&amp;type=phone_number&amp;app_absent=0\">whatsapp<\/a> o <a href=\"mailto:info@extensionmania.com\">info@extensionmania.com<\/a> y una estilista especializada te atender\u00e1 personalmente para resolver todas tus dudas.<\/strong><\/p>\n<hr \/>\n<h2>Ficha t\u00e9cnica<\/h2>\n<p><span style=\"color: #9e8b66;\"><strong>COMPOSICI\u00d3N:<\/strong><\/span> Fibra efecto memoria<\/p>\n<p><span style=\"color: #9e8b66;\"><strong>SISTEMA:<\/strong><\/span> Goma el\u00e1stica y pinza<\/p>\n<p><span style=\"color: #9e8b66;\"><strong>LARGO:<\/strong><\/span> 40 cent\u00edmetros<\/p>\n<p><strong><span style=\"color: #9e8b66;\">PESO:<\/span> <\/strong>80 gramos<\/p>\n<p><span style=\"color: #9e8b66;\"><strong>GARANT\u00cdA:<\/strong><\/span><br \/>\n<strong>M\u00e1xima calidad:<\/strong> Tienes una garant\u00eda de 45 d\u00edas desde la primera compra. La garant\u00eda solo incluye el cambio en caso de defecto de fabricaci\u00f3n. Excluye el mal uso. Recuerda que los accesorios de fibra no se pueden te\u00f1ir ni aplicar calor. En EXTENSIONmania aseguramos que cada accesorio ha sido perfectamente dise\u00f1ado y testado para superar tus expectativas.<\/p>\n<p><span style=\"color: #9e8b66;\"><strong>DURABILIDAD:<\/strong><\/span> La durabilidad de la fibra adquirida depender\u00e1 del cuidado y manejo diario que realices, por lo que cuanto m\u00e1s sigas nuestros consejos m\u00e1s posibilidades tendr\u00e1s de alargar la vida de tu accesorio.<\/p>\n<p><span style=\"color: #9e8b66;\"><strong>CUIDADOS:<br \/>\n<\/strong><\/span><\/p>\n<p><strong>Cepillado:<\/strong> Desenreda y cepilla el cabello frecuentemente. Es aconsejable desenredar el cabello de medios a puntas cuando est\u00e9 completamente seco y antes de lavarlo. Para evitar tirones, desenreda siempre tu melena con el cepillo EXTENSIONmania\u00a0<strong><a href=\"https:\/\/www.extensionmania.com\/tienda\/producto\/cepillo-extensiones-profesional-06-vortice-tamano-grande\/\">06.V\u00d3RTICE<\/a> <\/strong>ya que es el \u00fanico que permite cepillar desde la ra\u00edz.<br \/>\n<strong>Lavado:<\/strong> Lava la coleta\u00a0cuando no la lleves colocada, sin frotar, con agua fr\u00eda y champ\u00fa neutro\u00a0<a href=\"https:\/\/www.extensionmania.com\/tienda\/producto\/champu-extensiones-cabello\/\"><strong><span style=\"color: windowtext; text-decoration: none; text-underline: none;\">01.TORMENTA<\/span><\/strong><\/a>. Aplica <a href=\"https:\/\/www.extensionmania.com\/tienda\/producto\/mascarilla-especial-extensiones\/\"><strong><span style=\"color: windowtext; text-decoration: none; text-underline: none;\">02.ECLIPSE<\/span><\/strong><\/a>\u00a0con\u00a0cuidado, peinar suavemente si lo ves necesario y aclarar. Dejar secar al aire.\u00a0No usar herramientas de calor como secador o plancha. No se puede te\u00f1ir.<\/p>\n<p><strong><span style=\"color: #9e8b66;\">INDICACIONES:<\/span><\/strong> Por motivos de higiene no aceptamos cambios y\/o devoluciones de las extensiones y\/o accesorios de cabello natural o fibra. No obstante, si al recibir tu accesorio no encaja con tus expectativas dispones de 14 d\u00edas contados desde la fecha de entrega para devolverlo en el mismo estado. M\u00e1s informaci\u00f3n en <a href=\"\/envio-y-devoluciones\/\"><span style=\"color: #9e8b66;\">env\u00edos y devoluciones.<\/span><\/a><\/p>\n<p><span style=\"color: #9e8b66;\"><strong>INDICACIONES:<\/strong><\/span> Por motivos de higiene no aceptamos cambios y\/o devoluciones de las extensiones y\/o accesorios de cabello natural o fibra. No obstante, si al recibir tu accesorio no encaja con tus expectativas dispones de 14 d\u00edas contados desde la fecha de entrega para devolverlo en el mismo estado. M\u00e1s informaci\u00f3n en <a style=\"color: #9e8b66; text-decoration: underline;\" href=\"\/envio-y-devoluciones\/\">env\u00edo y devoluciones.<\/a><\/p>\n","protected":false},"excerpt":{"rendered":"<p style=\"font-size: 18px;\"><strong><em>Get THE LOOK<\/em> con la coleta ondulada XL de 40 cm <\/strong><\/p>\n<p style=\"font-size: 18px;\">Esta coleta ofrece un aspecto natural y sofisticado en cualquier ocasi\u00f3n, con su pinza incorporada garantiza un peinado perfecto durante todo el d\u00eda, es la opci\u00f3n ideal para un look impecable en segundos.<\/p>\n<p style=\"font-size: 18px;\"><strong>Tip extra: <\/strong><\/p>\n<p style=\"font-size: 18px;\">Adem\u00e1s de llevarla como tal, puedes usarla a modo de recogido. Enrollas la coleta entre s\u00ed y consigues un mo\u00f1o expr\u00e9s o <em>messy bunny<\/em>.<\/p>\n","protected":false},"featured_media":549,"comment_status":"open","ping_status":"closed","template":"","meta":[],"product_brand":[],"product_cat":[122,219,43],"product_tag":[],"class_list":{"0":"post-486","1":"product","2":"type-product","3":"status-publish","4":"has-post-thumbnail","6":"product_cat-coletas-recogidos-y-flequillos-de-clip","7":"product_cat-coletas-y-monos","8":"product_cat-mas-vendidos","9":"pa_color-12-22f-laurus-nobilis","10":"pa_color-16f-sesamo-arabe","11":"pa_color-18-24f-boswellia-sacra","12":"pa_color-1f-trufa-brumale","13":"pa_color-1n-regaliz-oriental","14":"pa_color-22f-flor-de-vainilla","15":"pa_color-2f-grifonia-indigena","16":"pa_color-4f-brownie-ingles","17":"pa_color-6-22f-anis-persa","18":"pa_color-6-4f-piper-nigrum","19":"pa_color-6f-anis-estrellado","21":"first","22":"instock","23":"sale","24":"taxable","25":"shipping-taxable","26":"purchasable","27":"product-type-variable"},"_links":{"self":[{"href":"https:\/\/www.extensionmania.com\/tienda\/wp-json\/wp\/v2\/product\/486","targetHints":{"allow":["GET"]}}],"collection":[{"href":"https:\/\/www.extensionmania.com\/tienda\/wp-json\/wp\/v2\/product"}],"about":[{"href":"https:\/\/www.extensionmania.com\/tienda\/wp-json\/wp\/v2\/types\/product"}],"replies":[{"embeddable":true,"href":"https:\/\/www.extensionmania.com\/tienda\/wp-json\/wp\/v2\/comments?post=486"}],"version-history":[{"count":0,"href":"https:\/\/www.extensionmania.com\/tienda\/wp-json\/wp\/v2\/product\/486\/revisions"}],"wp:featuredmedia":[{"embeddable":true,"href":"https:\/\/www.extensionmania.com\/tienda\/wp-json\/wp\/v2\/media\/549"}],"wp:attachment":[{"href":"https:\/\/www.extensionmania.com\/tienda\/wp-json\/wp\/v2\/media?parent=486"}],"wp:term":[{"taxonomy":"product_brand","embeddable":true,"href":"https:\/\/www.extensionmania.com\/tienda\/wp-json\/wp\/v2\/product_brand?post=486"},{"taxonomy":"product_cat","embeddable":true,"href":"https:\/\/www.extensionmania.com\/tienda\/wp-json\/wp\/v2\/product_cat?post=486"},{"taxonomy":"product_tag","embeddable":true,"href":"https:\/\/www.extensionmania.com\/tienda\/wp-json\/wp\/v2\/product_tag?post=486"}],"curies":[{"name":"wp","href":"https:\/\/api.w.org\/{rel}","templated":true}]}}