{"id":481,"date":"2022-05-02T11:44:39","date_gmt":"2022-05-02T10:44:39","guid":{"rendered":"https:\/\/www.extensionmania.com\/?post_type=product&#038;p=481"},"modified":"2026-05-16T01:21:11","modified_gmt":"2026-05-15T23:21:11","slug":"flequillo-cabello-natural-base-triangular","status":"publish","type":"product","link":"https:\/\/www.extensionmania.com\/tienda\/producto\/flequillo-cabello-natural-base-triangular\/","title":{"rendered":"Flequillo de cabello natural con base triangular"},"content":{"rendered":"<p>Este accesorio favorece a todos los rostros, todo depende de c\u00f3mo lo lleves; recto, abierto, de lado, largo&#8230; \u00a1Personaliza el corte seg\u00fan tu estilo!<\/p>\n<p>Realizado con cabello natural de la m\u00e1s alta calidad el flequillo de clip tiene una base triangular compuesta por 4 clips con bandas de silicona antideslizante que permite una sencilla y c\u00f3moda colocaci\u00f3n y garantiza una buena sujeci\u00f3n. Con una costura imperceptible es perfecto para recogidos y semirrecogidos. Recomendado para mujeres con el cabello fino que quieren un look m\u00e1s juvenil y chic.<\/p>\n<p>Al ser de cabello natural se puede rizar, cortar, planchar y te\u00f1ir (es importante que siempre sea a un tono m\u00e1s oscuro, nunca decolorar).<\/p>\n<p>El <strong>flequillo con\u00a0base triangular\u00a0<\/strong>est\u00e1\u00a0especialmente indicado para:<\/p>\n<ol>\n<li>Melenas con poca cantidad de\u00a0pelo<\/li>\n<li>Cabellos finos<\/li>\n<li>Si buscas un\u00a0flequillo que no sea muy abundante<\/li>\n<\/ol>\n<p>A la hora de colocar el flequillo debes peinar la parte superior hacia atr\u00e1s, concretamente la partici\u00f3n de cabello donde quieres colocar el flequillo. Sujeta esta zona con un clip o una peque\u00f1a goma. Carda la base ligeramente para conseguir que se integre el flequillo totalmente. Conseguir\u00e1s un extra de volumen en la zona superior. Coloca el flequillo, cierra los clips y listos, \u00a1as\u00ed de f\u00e1cil!<\/p>\n<p><a href=\"https:\/\/www.youtube.com\/watch?v=orBgUjhsf1I\" target=\"_blank\" rel=\"noopener\"><img fetchpriority=\"high\" decoding=\"async\" class=\"wp-image-1494 aligncenter\" src=\"https:\/\/www.extensionmania.com\/wp-content\/uploads\/sites\/2\/2022\/05\/Tutorial-flequillo-base-triangular-540x360.jpg\" alt=\"tutorial-flequillo-base-triangular\" width=\"421\" height=\"281\" srcset=\"https:\/\/www.extensionmania.com\/tienda\/wp-content\/uploads\/sites\/2\/2022\/05\/Tutorial-flequillo-base-triangular-540x360.jpg 540w, https:\/\/www.extensionmania.com\/tienda\/wp-content\/uploads\/sites\/2\/2022\/05\/Tutorial-flequillo-base-triangular-768x512.jpg 768w, https:\/\/www.extensionmania.com\/tienda\/wp-content\/uploads\/sites\/2\/2022\/05\/Tutorial-flequillo-base-triangular-666x444.jpg 666w, https:\/\/www.extensionmania.com\/tienda\/wp-content\/uploads\/sites\/2\/2022\/05\/Tutorial-flequillo-base-triangular.jpg 972w\" sizes=\"(max-width: 421px) 100vw, 421px\" \/><\/a><\/p>\n<p>Este flequillo se caracteriza por tener los laterales m\u00e1s largos, por lo que es ideal para llevar el flequillo abierto, recto o de lado. No obstante puedes llevarlo a tu peluquer\u00eda habitual para que adapten el corte a tu estilo. Es compatible con extensiones, coletas y recogidos.<\/p>\n<hr \/>\n<h2>Ficha t\u00e9cnica<\/h2>\n<p><span style=\"color: #9e8b66;\"><strong>COMPOSICI\u00d3N:<\/strong><\/span> Cabello natural<\/p>\n<p><span style=\"color: #9e8b66;\"><strong>SISTEMA:<\/strong><\/span> Clip\/reutilizable<\/p>\n<p><span style=\"color: #9e8b66;\"><strong>PESO:<\/strong><\/span> 20 gramos<\/p>\n<p><span style=\"color: #9e8b66;\"><strong>CUIDADOS:<\/strong><\/span><\/p>\n<p><b>Cepillado:<\/b>\u00a0Desenreda y cepilla el cabello frecuentemente. Es aconsejable desenredar el cabello de medios a puntas cuando est\u00e9 completamente seco y antes de lavarlo. Para evitar tirones, desenreda siempre tu melena con el cepillo EXTENSIONmania\u00a0<b><a style=\"box-sizing: border-box; color: var( --e-global-color-accent ); box-shadow: none;\" href=\"https:\/\/www.extensionmania.com\/tienda\/producto\/cepillo-extensiones-profesional-06-vortice-tamano-grande\/\"><span style=\"color: windowtext; font-weight: normal; text-decoration: none; text-underline: none;\">06.V\u00d3RTICE\u00a0<\/span><\/a><\/b>ya que es el \u00fanico que permite cepillar desde la ra\u00edz.<br style=\"box-sizing: border-box; font-variant-ligatures: normal; font-variant-caps: normal; orphans: 2; text-align: start; widows: 2; -webkit-text-stroke-width: 0px; text-decoration-thickness: initial; text-decoration-style: initial; text-decoration-color: initial; word-spacing: 0px;\" \/><b>Lavado:<\/b>\u00a0Lava las extensiones de coleta cuando no las lleves colocadas. Aplica\u00a0<b><a style=\"box-sizing: border-box; color: var( --e-global-color-accent ); box-shadow: none; font-variant-ligatures: normal; font-variant-caps: normal; orphans: 2; text-align: start; widows: 2; -webkit-text-stroke-width: 0px; word-spacing: 0px;\" href=\"https:\/\/www.extensionmania.com\/tienda\/producto\/champu-extensiones-cabello\/\"><span style=\"color: windowtext; font-weight: normal; text-decoration: none; text-underline: none;\">01.TORMENTA\u00a0<\/span><\/a><\/b>en toda la extensi\u00f3n, al ser un champ\u00fa neutro garantiza que las extensiones est\u00e9n m\u00e1s limpias m\u00e1s tiempo. Lava el cabello a una misma direcci\u00f3n para evitar enredos. Aclara el cabello suavemente desde la ra\u00edz hasta las puntas sin frotar.<br style=\"box-sizing: border-box; font-variant-ligatures: normal; font-variant-caps: normal; orphans: 2; text-align: start; widows: 2; -webkit-text-stroke-width: 0px; text-decoration-thickness: initial; text-decoration-style: initial; text-decoration-color: initial; word-spacing: 0px;\" \/><b>Hidrataci\u00f3n:<\/b>\u00a0Retira la humedad con una toalla y aplica la mascarilla\u00a0<b><a style=\"box-sizing: border-box; color: var( --e-global-color-accent ); box-shadow: none; font-variant-ligatures: normal; font-variant-caps: normal; orphans: 2; text-align: start; widows: 2; -webkit-text-stroke-width: 0px; word-spacing: 0px;\" href=\"https:\/\/www.extensionmania.com\/tienda\/producto\/mascarilla-especial-extensiones\/\"><span style=\"color: windowtext; font-weight: normal; text-decoration: none; text-underline: none;\">02.ECLIPSE<\/span><\/a><\/b>, al menos 15 minutos, conseguir\u00e1s que tus extensiones naturales est\u00e9n siempre sanas e hidratadas. Si\u00a0quieres mantener ese matiz rubio que evite tonos naranjas, combina\u00a0<b><a style=\"box-sizing: border-box; color: var( --e-global-color-accent ); box-shadow: none; font-variant-ligatures: normal; font-variant-caps: normal; orphans: 2; text-align: start; widows: 2; -webkit-text-stroke-width: 0px; word-spacing: 0px;\" href=\"https:\/\/www.extensionmania.com\/tienda\/producto\/mascarilla-especial-extensiones\/\"><span style=\"color: windowtext; font-weight: normal; text-decoration: none; text-underline: none;\">02.ECLIPSE\u00a0\u00a0<\/span><\/a><\/b>con la mascarilla <a href=\"https:\/\/www.extensionmania.com\/tienda\/producto\/mascarilla-azul-para-rubias\/\"><span style=\"color: windowtext; text-decoration: none; text-underline: none;\">azul\u00a005. EN UNA NUBE<\/span><\/a><b>\u00a0<\/b>una vez a la semana.\u00a0Puedes usar aceites y productos espec\u00edficos que nutran en profundidad el cabello una vez seco como el s\u00e9rum\u00a0<b><a style=\"box-sizing: border-box; color: var( --e-global-color-accent ); box-shadow: none;\" href=\"https:\/\/www.extensionmania.com\/tienda\/producto\/serum-especial-extensiones\/\"><span style=\"color: windowtext; font-weight: normal; text-decoration: none; text-underline: none;\">03.OLA DE SOL<\/span><\/a><\/b>. El uso de productos hidratantes y nutritivos debe ser exclusivo de medios a puntas.<br style=\"box-sizing: border-box; font-variant-ligatures: normal; font-variant-caps: normal; orphans: 2; text-align: start; widows: 2; -webkit-text-stroke-width: 0px; text-decoration-thickness: initial; text-decoration-style: initial; text-decoration-color: initial; word-spacing: 0px;\" \/><b>Secado:<\/b>\u00a0Quita la humedad de las extensiones suavemente con una toalla, sin frotar para evitar enredos. Aplica protecci\u00f3n t\u00e9rmica de medios a puntas con\u00a0<b><a style=\"box-sizing: border-box; color: var( --e-global-color-accent ); box-shadow: none;\" href=\"https:\/\/www.extensionmania.com\/tienda\/producto\/protector-termico-extensiones-cabello\/\"><span style=\"color: windowtext; font-weight: normal; text-decoration: none; text-underline: none;\">05.HURAC\u00c1N<\/span><\/a>,\u00a0<\/b>de esta manera proteger\u00e1s el cabello de las agresiones t\u00e9rmicas. No apliques calor directo y utiliza una temperatura media o baja si usas secador. Una vez las extensiones est\u00e9n bien secas, puedes usar la plancha y moldear hasta conseguir el estilismo que desees.<br style=\"box-sizing: border-box; font-variant-ligatures: normal; font-variant-caps: normal; orphans: 2; text-align: start; widows: 2; -webkit-text-stroke-width: 0px; text-decoration-thickness: initial; text-decoration-style: initial; text-decoration-color: initial; word-spacing: 0px;\" \/><b>Cuidado espec\u00edfico:<\/b>\u00a0El cabello debe tratarse como cabello natural, es decir, se puede cortar, planchar y te\u00f1ir a un tono m\u00e1s oscuro (nunca decolorar ni aplicar tratamientos permanentes).<\/p>\n<p><span style=\"color: #9e8b66;\"><strong>INDICACIONES:<\/strong><\/span>\u00a0Por motivos de higiene no aceptamos cambios y\/o devoluciones de las extensiones y\/o accesorios de cabello natural o fibra. No obstante, si al recibir tu accesorio no encaja con tus expectativas dispones de 14 d\u00edas contados desde la fecha de entrega para devolverlo en el mismo estado. M\u00e1s informaci\u00f3n en <a href=\"https:\/\/www.extensionmania.com\/envio-y-devoluciones\/\">env\u00edo y devoluciones<\/a>.<\/p>\n","protected":false},"excerpt":{"rendered":"<p style=\"font-size: 18px;\"><strong>Consigue tu flequillo sin recurrir a las tijeras<\/strong><\/p>\n<p style=\"font-size: 18px;\">Este flequillo de clip de cabello natural ofrece integraci\u00f3n perfecta y es perfecto para cabellos que quieran un <em>push<\/em> de volumen de forma r\u00e1pida.<\/p>\n<p style=\"font-size: 18px;\"><strong>TIP EXTRA:<\/strong><\/p>\n<p style=\"font-size: 18px;\">Juega con el largo del flequillo, cu\u00e1nto m\u00e1s atr\u00e1s lo coloques, ver\u00e1s que queda m\u00e1s corto y cu\u00e1nto m\u00e1s adelante lo coloques, es decir, m\u00e1s cerca de la frente, el corte del flequillo del clip es m\u00e1s largo y puedes llevarlo abierto.<\/p>\n","protected":false},"featured_media":567,"comment_status":"open","ping_status":"closed","template":"","meta":[],"product_brand":[],"product_cat":[122,218],"product_tag":[],"class_list":{"0":"post-481","1":"product","2":"type-product","3":"status-publish","4":"has-post-thumbnail","6":"product_cat-coletas-recogidos-y-flequillos-de-clip","7":"product_cat-flequillos","8":"pa_color-10-4n-tamarindo-del-sudan","9":"pa_color-10n-cocoa-africana","10":"pa_color-12-22n-semillas-de-lino","11":"pa_color-14n-curmin-mediterraneo","12":"pa_color-1n-regaliz-oriental","13":"pa_color-22n-nuez-de-macadamia","14":"pa_color-2n-expresso-italiano","15":"pa_color-4n-tostado-frances","16":"pa_color-6-22n-mistica-caribena","17":"pa_color-6n-pimienta-jamaicana","19":"first","20":"instock","21":"taxable","22":"shipping-taxable","23":"purchasable","24":"product-type-variable"},"_links":{"self":[{"href":"https:\/\/www.extensionmania.com\/tienda\/wp-json\/wp\/v2\/product\/481","targetHints":{"allow":["GET"]}}],"collection":[{"href":"https:\/\/www.extensionmania.com\/tienda\/wp-json\/wp\/v2\/product"}],"about":[{"href":"https:\/\/www.extensionmania.com\/tienda\/wp-json\/wp\/v2\/types\/product"}],"replies":[{"embeddable":true,"href":"https:\/\/www.extensionmania.com\/tienda\/wp-json\/wp\/v2\/comments?post=481"}],"version-history":[{"count":0,"href":"https:\/\/www.extensionmania.com\/tienda\/wp-json\/wp\/v2\/product\/481\/revisions"}],"wp:featuredmedia":[{"embeddable":true,"href":"https:\/\/www.extensionmania.com\/tienda\/wp-json\/wp\/v2\/media\/567"}],"wp:attachment":[{"href":"https:\/\/www.extensionmania.com\/tienda\/wp-json\/wp\/v2\/media?parent=481"}],"wp:term":[{"taxonomy":"product_brand","embeddable":true,"href":"https:\/\/www.extensionmania.com\/tienda\/wp-json\/wp\/v2\/product_brand?post=481"},{"taxonomy":"product_cat","embeddable":true,"href":"https:\/\/www.extensionmania.com\/tienda\/wp-json\/wp\/v2\/product_cat?post=481"},{"taxonomy":"product_tag","embeddable":true,"href":"https:\/\/www.extensionmania.com\/tienda\/wp-json\/wp\/v2\/product_tag?post=481"}],"curies":[{"name":"wp","href":"https:\/\/api.w.org\/{rel}","templated":true}]}}