{"id":480,"date":"2022-05-02T11:44:39","date_gmt":"2022-05-02T10:44:39","guid":{"rendered":"https:\/\/www.extensionmania.com\/?post_type=product&#038;p=480"},"modified":"2026-04-28T09:10:54","modified_gmt":"2026-04-28T07:10:54","slug":"flequillo-de-clip-con-coronilla","status":"publish","type":"product","link":"https:\/\/www.extensionmania.com\/tienda\/producto\/flequillo-de-clip-con-coronilla\/","title":{"rendered":"Flequillo de clip con coronilla de cabello natural"},"content":{"rendered":"<p>El flequillo es un peinado que favorece a todo tipo de rostros aportando personalidad y estilo de manera inmediata.<\/p>\n<p>Si no quieres cortarte el flequillo y te gusta realzar tus peinados en ocasiones especiales, el <strong>flequillo con clips<\/strong> es tu mejor opci\u00f3n. Este modelo est\u00e1 confeccionado con cabello natural y lleva integrada una coronilla para una mejor integraci\u00f3n. Su colocaci\u00f3n es muy f\u00e1cil, dispone de una base redonda con 3 clips profesionales de silicona antideslizante que garantizan una buena sujeci\u00f3n. Al llevar coronilla la costura es imperceptible. Este flequillo es perfecto para combinar con melena suelta y aportar volumen en la zona superior de la cabeza.<\/p>\n<p>Realizado con cabello natural de alta calidad se puede rizar, cortar, planchar y te\u00f1ir (es importante que siempre sea a un tono m\u00e1s oscuro, nunca decolorar).<\/p>\n<p>El <strong>flequillo de clip con coronilla<\/strong> est\u00e1\u00a0especialmente indicado para:<\/p>\n<ol>\n<li>Melenas abundantes con mucha cantidad de pelo<\/li>\n<li>Cabellos gruesos<\/li>\n<li>Si falta cabello en la zona superior<\/li>\n<\/ol>\n<h3 style=\"color: #9e8b66;\">C\u00f3mo colocar un flequillo de clip de cabello natural<\/h3>\n<p>Puedes colocar un<strong> flequillo postizo<\/strong> de dos maneras distintas, elige la m\u00e1s c\u00f3moda:<\/p>\n<ol>\n<li>Peina la parte superior hacia atr\u00e1s, coloca el flequillo de clip en la zona donde m\u00e1s te guste. Suj\u00e9talo cerrando los clips.<\/li>\n<li>Otro manera de colocar un flequillo de cabello natural es marcando una raya en medio y colocar el flequillo. Ahora solo queda cerrar los clips y peinar el flequillo como quieras, \u00a1as\u00ed de f\u00e1cil!<\/li>\n<\/ol>\n<p><a href=\"https:\/\/www.youtube.com\/watch?v=ghbJegwR44A\" target=\"_blank\" rel=\"noopener\"><img fetchpriority=\"high\" decoding=\"async\" class=\"wp-image-1553 aligncenter\" src=\"https:\/\/www.extensionmania.com\/wp-content\/uploads\/sites\/2\/2022\/05\/tutorial-flequillo-coronilla-extensionmania.jpg\" alt=\"tutorial-flequillo-coronilla\" width=\"421\" height=\"281\" srcset=\"https:\/\/www.extensionmania.com\/tienda\/wp-content\/uploads\/sites\/2\/2022\/05\/tutorial-flequillo-coronilla-extensionmania.jpg 972w, https:\/\/www.extensionmania.com\/tienda\/wp-content\/uploads\/sites\/2\/2022\/05\/tutorial-flequillo-coronilla-extensionmania-540x360.jpg 540w, https:\/\/www.extensionmania.com\/tienda\/wp-content\/uploads\/sites\/2\/2022\/05\/tutorial-flequillo-coronilla-extensionmania-768x512.jpg 768w, https:\/\/www.extensionmania.com\/tienda\/wp-content\/uploads\/sites\/2\/2022\/05\/tutorial-flequillo-coronilla-extensionmania-666x444.jpg 666w\" sizes=\"(max-width: 421px) 100vw, 421px\" \/><\/a><\/p>\n<h3 style=\"color: #9e8b66;\">\u00bfUn truco profesional?<\/h3>\n<p>Juega con el largo del flequillo, cu\u00e1nto m\u00e1s atr\u00e1s lo coloques, ver\u00e1s que queda m\u00e1s corto y cu\u00e1nto m\u00e1s adelante lo coloques, es decir, m\u00e1s cerca de la frente, el corte del flequillo del clip es m\u00e1s largo y puedes llevarlo abierto.<\/p>\n<h3 style=\"color: #9e8b66;\">\u00bfPor qu\u00e9 nos gusta este flequillo de clip?<\/h3>\n<p>Este <strong>flequillo natural con coronilla<\/strong> \u00a0tiene los laterales m\u00e1s largos, por lo que podr\u00e1s llevarlo abierto, recto o de lado. Tambi\u00e9n puedes personalizar el corte en tu peluquer\u00eda habitual. Es compatible con extensiones, coletas y recogidos.<\/p>\n<p>Rejuvenece tus rasgos, potencia un <em>look<\/em> <em>boho<\/em>, resalta tu mirada o simplemente desp\u00e9inalo, suma personalidad a tu estilo de manera f\u00e1cil y r\u00e1pida.<\/p>\n<p><strong>Si tienes dudas a la hora de elegir el color, env\u00edanos una foto de espaldas de tu melena a la luz del d\u00eda a nuestro <a href=\"https:\/\/api.whatsapp.com\/send\/?phone=34638132845&amp;text&amp;type=phone_number&amp;app_absent=0\">whatsapp<\/a> o <a href=\"mailto:info@extensionmania.com\">info@extensionmania.com<\/a> y una estilista especializada te atender\u00e1 personalmente para resolver todas tus dudas.<\/strong><\/p>\n<hr \/>\n<h2>Ficha t\u00e9cnica<\/h2>\n<p><span style=\"color: #9e8b66;\"><strong>COMPOSICI\u00d3N:<\/strong><\/span> Cabello natural<\/p>\n<p><span style=\"color: #9e8b66;\"><strong>SISTEMA:<\/strong><\/span> Clip\/reutilizable<\/p>\n<p><span style=\"color: #9e8b66;\"><strong>PESO:<\/strong><\/span> 49 gramos<\/p>\n<p><span style=\"color: #9e8b66;\"><strong>COLORACI\u00d3N:<\/strong><\/span> Este es un art\u00edculo natural que se colorea manualmente por lo que los tonos pueden variar ligeramente seg\u00fan el n\u00famero de serie y producci\u00f3n.<\/p>\n<p><span style=\"color: #9e8b66;\"><strong>GARANT\u00cdA:<\/strong><\/span><br \/>\n<strong>M\u00e1xima calidad:<\/strong> Cada a\u00f1o recorremos el mundo buscando el mejor cabello natural, as\u00ed que tienes en tus manos una pieza \u00fanica seleccionada con los m\u00e1ximos est\u00e1ndares para que tus extensiones se mantengan sedosos y brillantes en el tiempo.<br \/>\n<strong>Cabellos largos:<\/strong> El peso no es sin\u00f3nimo de calidad (a m\u00e1s cabellos cortos, m\u00e1s gramos). En EXTENSIONmania aseguramos que cada accesorio ha sido perfectamente dise\u00f1ado y testado para superar tus expectativas, as\u00ed que todos los cabellos son largos de ra\u00edces a puntas. \u00bfSab\u00edas que todas las colecciones son combinables entre s\u00ed? Si deseas una melena m\u00e1s frondosa puedes adquirir otros accesorios <a href=\"http:\/\/extensionmania.com\">VER COLECCI\u00d3N<\/a>.<\/p>\n<p><span style=\"color: #9e8b66;\"><strong>DURABILIDAD:<\/strong><\/span> La durabilidad del cabello adquirido depender\u00e1 del cuidado y manejo diario que realices, por lo que cuanto m\u00e1s sigas nuestros consejos de cuidado m\u00e1s posibilidades tendr\u00e1s de alargar la vida de tus extensiones naturales.<\/p>\n<p><span style=\"color: #9e8b66;\"><strong>CUIDADOS:<\/strong><\/span><\/p>\n<p><b>Cepillado:<\/b>\u00a0Desenreda y cepilla el cabello frecuentemente. Es aconsejable desenredar el cabello de medios a puntas cuando est\u00e9 completamente seco y antes de lavarlo. Para evitar tirones, desenreda siempre tu melena con el cepillo EXTENSIONmania\u00a0<b><a style=\"color: var( --e-global-color-accent ); box-shadow: none;\" href=\"https:\/\/www.extensionmania.com\/tienda\/producto\/cepillo-extensiones-profesional-06-vortice-tamano-grande\/\"><span style=\"color: windowtext; font-weight: normal; text-decoration: none;\">06.V\u00d3RTICE\u00a0<\/span><\/a><\/b>ya que es el \u00fanico que permite cepillar desde la ra\u00edz.<br style=\"text-align: start;\" \/><b>Lavado:<\/b>\u00a0Lava las extensiones de coleta cuando no las lleves colocadas. Aplica\u00a0<b><a style=\"color: var( --e-global-color-accent ); box-shadow: none; text-align: start;\" href=\"https:\/\/www.extensionmania.com\/tienda\/producto\/champu-extensiones-cabello\/\"><span style=\"color: windowtext; font-weight: normal; text-decoration: none;\">01.TORMENTA\u00a0<\/span><\/a><\/b>en toda la extensi\u00f3n, al ser un champ\u00fa neutro garantiza que las extensiones est\u00e9n m\u00e1s limpias m\u00e1s tiempo. Lava el cabello a una misma direcci\u00f3n para evitar enredos. Aclara el cabello suavemente desde la ra\u00edz hasta las puntas sin frotar.<br style=\"text-align: start;\" \/><b>Hidrataci\u00f3n:<\/b>\u00a0Retira la humedad con una toalla y aplica la mascarilla\u00a0<b><a style=\"color: var( --e-global-color-accent ); box-shadow: none; text-align: start;\" href=\"https:\/\/www.extensionmania.com\/tienda\/producto\/mascarilla-especial-extensiones\/\"><span style=\"color: windowtext; font-weight: normal; text-decoration: none;\">02.ECLIPSE<\/span><\/a><\/b>, al menos 15 minutos, conseguir\u00e1s que tus extensiones naturales est\u00e9n siempre sanas e hidratadas. Si\u00a0quieres mantener ese matiz rubio que evite tonos naranjas, combina\u00a0<b><a style=\"color: var( --e-global-color-accent ); box-shadow: none; text-align: start;\" href=\"https:\/\/www.extensionmania.com\/tienda\/producto\/mascarilla-especial-extensiones\/\"><span style=\"color: windowtext; font-weight: normal; text-decoration: none;\">02.ECLIPSE\u00a0\u00a0<\/span><\/a><\/b>con la mascarilla <a href=\"https:\/\/www.extensionmania.com\/tienda\/producto\/mascarilla-azul-para-rubias\/\"><span style=\"color: windowtext; text-decoration: none;\">azul\u00a005. EN UNA NUBE<\/span><\/a><b>\u00a0<\/b>una vez a la semana.\u00a0Puedes usar aceites y productos espec\u00edficos que nutran en profundidad el cabello una vez seco como el s\u00e9rum\u00a0<b><a style=\"color: var( --e-global-color-accent ); box-shadow: none;\" href=\"https:\/\/www.extensionmania.com\/tienda\/producto\/serum-especial-extensiones\/\"><span style=\"color: windowtext; font-weight: normal; text-decoration: none;\">03.OLA DE SOL<\/span><\/a><\/b>. El uso de productos hidratantes y nutritivos debe ser exclusivo de medios a puntas.<br style=\"text-align: start;\" \/><b>Secado:<\/b>\u00a0Quita la humedad de las extensiones suavemente con una toalla, sin frotar para evitar enredos. Aplica protecci\u00f3n t\u00e9rmica de medios a puntas con\u00a0<b><a style=\"color: var( --e-global-color-accent ); box-shadow: none;\" href=\"https:\/\/www.extensionmania.com\/tienda\/producto\/protector-termico-extensiones-cabello\/\"><span style=\"color: windowtext; font-weight: normal; text-decoration: none;\">05.HURAC\u00c1N<\/span><\/a>,\u00a0<\/b>de esta manera proteger\u00e1s el cabello de las agresiones t\u00e9rmicas. No apliques calor directo y utiliza una temperatura media o baja si usas secador. Una vez las extensiones est\u00e9n bien secas, puedes usar la plancha y moldear hasta conseguir el estilismo que desees.<br style=\"text-align: start;\" \/><b>Cuidado espec\u00edfico:<\/b>\u00a0El cabello debe tratarse como cabello natural, es decir, se puede cortar, planchar y te\u00f1ir a un tono m\u00e1s oscuro (nunca decolorar ni aplicar tratamientos permanentes).<\/p>\n<p><span style=\"color: #9e8b66;\"><strong>INDICACIONES:<\/strong><\/span>\u00a0Por motivos de higiene no aceptamos cambios y\/o devoluciones de las extensiones y\/o accesorios de cabello natural o fibra. No obstante, si al recibir tu accesorio no encaja con tus expectativas dispones de 14 d\u00edas contados desde la fecha de entrega para devolverlo en el mismo estado. M\u00e1s informaci\u00f3n en <a href=\"https:\/\/www.extensionmania.com\/envio-y-devoluciones\/\">env\u00edo y devoluciones<\/a>.<\/p>\n","protected":false},"excerpt":{"rendered":"<p style=\"font-size: 18px;\"><strong>\u00a1Cambia de peinado en segundos! <\/strong><\/p>\n<p style=\"font-size: 18px;\">Este flequillo de clip de cabello natural ofrece integraci\u00f3n perfecta, sujeci\u00f3n firme y f\u00e1cil colocaci\u00f3n para a\u00f1adir volumen y estilo a tu melena en cualquier ocasi\u00f3n.<\/p>\n<p style=\"font-size: 18px;\"><strong>TIP EXTRA:<\/strong><\/p>\n<p style=\"font-size: 18px;\">Juega con el largo del flequillo, cu\u00e1nto m\u00e1s atr\u00e1s lo coloques, ver\u00e1s que queda m\u00e1s corto y cu\u00e1nto m\u00e1s adelante lo coloques, es decir, m\u00e1s cerca de la frente, el corte del flequillo del clip es m\u00e1s largo y puedes llevarlo abierto.<\/p>\n","protected":false},"featured_media":539,"comment_status":"open","ping_status":"closed","template":"","meta":[],"product_brand":[],"product_cat":[122,218,43],"product_tag":[],"class_list":{"0":"post-480","1":"product","2":"type-product","3":"status-publish","4":"has-post-thumbnail","6":"product_cat-coletas-recogidos-y-flequillos-de-clip","7":"product_cat-flequillos","8":"product_cat-mas-vendidos","9":"pa_color-10-4n-tamarindo-del-sudan","10":"pa_color-10n-cocoa-africana","11":"pa_color-12-22n-semillas-de-lino","12":"pa_color-14n-curmin-mediterraneo","13":"pa_color-1n-regaliz-oriental","14":"pa_color-22n-nuez-de-macadamia","15":"pa_color-2n-expresso-italiano","16":"pa_color-4n-tostado-frances","17":"pa_color-6-22n-mistica-caribena","18":"pa_color-613n-pinot-blanche","19":"pa_color-6n-pimienta-jamaicana","21":"first","22":"instock","23":"sale","24":"taxable","25":"shipping-taxable","26":"purchasable","27":"product-type-variable"},"_links":{"self":[{"href":"https:\/\/www.extensionmania.com\/tienda\/wp-json\/wp\/v2\/product\/480","targetHints":{"allow":["GET"]}}],"collection":[{"href":"https:\/\/www.extensionmania.com\/tienda\/wp-json\/wp\/v2\/product"}],"about":[{"href":"https:\/\/www.extensionmania.com\/tienda\/wp-json\/wp\/v2\/types\/product"}],"replies":[{"embeddable":true,"href":"https:\/\/www.extensionmania.com\/tienda\/wp-json\/wp\/v2\/comments?post=480"}],"version-history":[{"count":0,"href":"https:\/\/www.extensionmania.com\/tienda\/wp-json\/wp\/v2\/product\/480\/revisions"}],"wp:featuredmedia":[{"embeddable":true,"href":"https:\/\/www.extensionmania.com\/tienda\/wp-json\/wp\/v2\/media\/539"}],"wp:attachment":[{"href":"https:\/\/www.extensionmania.com\/tienda\/wp-json\/wp\/v2\/media?parent=480"}],"wp:term":[{"taxonomy":"product_brand","embeddable":true,"href":"https:\/\/www.extensionmania.com\/tienda\/wp-json\/wp\/v2\/product_brand?post=480"},{"taxonomy":"product_cat","embeddable":true,"href":"https:\/\/www.extensionmania.com\/tienda\/wp-json\/wp\/v2\/product_cat?post=480"},{"taxonomy":"product_tag","embeddable":true,"href":"https:\/\/www.extensionmania.com\/tienda\/wp-json\/wp\/v2\/product_tag?post=480"}],"curies":[{"name":"wp","href":"https:\/\/api.w.org\/{rel}","templated":true}]}}