{"id":479,"date":"2022-05-02T11:44:38","date_gmt":"2022-05-02T10:44:38","guid":{"rendered":"https:\/\/www.extensionmania.com\/?post_type=product&#038;p=479"},"modified":"2026-04-16T12:58:54","modified_gmt":"2026-04-16T10:58:54","slug":"extensiones-de-volumen-pretty-booster","status":"publish","type":"product","link":"https:\/\/www.extensionmania.com\/tienda\/producto\/extensiones-de-volumen-pretty-booster\/","title":{"rendered":"Extensiones de volumen Pretty Booster"},"content":{"rendered":"<p>Aporta volumen en la zona superior y alarga las capas laterales y posteriores con las extensiones de volumen Pretty Booster. Las\u00a0capas aportan luminosidad en la parte superior usando uno o dos tonos m\u00e1s claro. En caso de llevar un corte con flequillo permite disimular el desfilado aportando m\u00e1s cuerpo y cantidad de cabello.<\/p>\n<p>Aporta cuerpo en la zona superior y alarga las capas de alrededor de tu rostro con las extensiones de volumen <strong>Pretty Booster<\/strong>. Perfecto para conseguir melenas compactas m\u00e1s densas.<\/p>\n<p>Es ideal para cabello finos que desean aportar un toque sutil de volumen a la melena. Sus 45 cm de largo consiguen alargar las capas superiores aportando simetr\u00eda. Se puede colocar con raya en medio hasta 0,5 cms. de la frente por lo que disimula desfilados y flequillos.<\/p>\n<p>Si quieres aportar un toque de volumen y espesor en la parte superior, <strong>Pretty Booster<\/strong> es tu accesorio. Realiza una\u00a0raya al medio o al lado, aparta un suave mech\u00f3n de tu mismo cabello por encima, cierra los clips y desliza por encima del accesorio. Gracias a su costura imperceptible acent\u00faa la belleza de la melena de manera natural e instant\u00e1nea.<\/p>\n<p><a href=\"https:\/\/www.youtube.com\/watch?v=1PbrwdaCtgo\" target=\"_blank\" rel=\"noopener\"><img fetchpriority=\"high\" decoding=\"async\" class=\"wp-image-1455 aligncenter\" src=\"https:\/\/www.extensionmania.com\/wp-content\/uploads\/sites\/2\/2022\/05\/Tutorial-extensiones-de-volumen-pretty-booster-portada.jpg\" alt=\"\" width=\"421\" height=\"274\" \/><\/a><\/p>\n<p>De\u00a0dise\u00f1o extra plano y realizado con materiales ultra ligeros, es muy c\u00f3modo. Los clips profesionales antideslizantes garantizan una sujeci\u00f3n excelente.<\/p>\n<p>Siente como realzas tu <em>look<\/em> a\u00f1adiendo ese algo m\u00e1s tan natural y que sienta tan bien con un simple accesorio. \u00a1T\u00fa y tu melena sois los \u00fanicos protagonistas!<\/p>\n<p>Si tienes el cabello corto y deseas una melena larga y compacta <strong>Pretty Booster<\/strong> o Push Up Volumen te permiten conseguir cortes compactos. Ideal para complementar con las <a href=\"https:\/\/www.extensionmania.com\/tienda\/categoria-producto\/extensiones\/\">extensiones de EXTENSIONmania<\/a>.<\/p>\n<p>Al tratarse de cabello natural se puede rizar, planchar, cortar y te\u00f1ir (nunca decolorar).<\/p>\n<hr \/>\n<p><strong>Ficha t\u00e9cnica<\/strong><\/p>\n<p><strong><span style=\"color: #9e8b66;\">COMPOSICI\u00d3N:<\/span><\/strong> Cabello natural<\/p>\n<p><span style=\"color: #9e8b66;\"><strong>SISTEMA:<\/strong><\/span> 5 clips ergon\u00f3micos que garantizan una \u00f3ptima sujeci\u00f3n protegiendo tu cabello<\/p>\n<p><span style=\"color: #9e8b66;\"><strong>LARGO:<\/strong><\/span> 45 cent\u00edmetros<\/p>\n<p><span style=\"color: #9e8b66;\"><strong>PESO:<\/strong><\/span> 35 gramos<\/p>\n<p><span style=\"color: #9e8b66;\"><strong>GARANT\u00cdA:<\/strong><\/span><br \/>\n<strong>M\u00e1xima calidad:<\/strong> Cada a\u00f1o recorremos el mundo buscando el mejor cabello natural, as\u00ed que tienes en tus manos una pieza \u00fanica seleccionada con los m\u00e1ximos est\u00e1ndares para que tus extensiones se mantengan sedosos y brillantes en el tiempo. <strong>Cabellos largos:<\/strong> El peso no es sin\u00f3nimo de calidad (a m\u00e1s cabellos cortos, m\u00e1s gramos). En EXTENSIONmania aseguramos que cada accesorio ha sido perfectamente dise\u00f1ado y testado para superar tus expectativas, as\u00ed que todos los cabellos son largos de ra\u00edces a puntas.<\/p>\n<p><span style=\"color: #9e8b66;\"><strong>DURABILIDAD:<\/strong><\/span> La durabilidad del cabello adquirido depender\u00e1 del cuidado y manejo diario que realices, por lo que cuanto m\u00e1s sigas nuestros consejos de cuidado m\u00e1s posibilidades tendr\u00e1s de alargar la vida de tus extensiones naturales.<\/p>\n<p><span style=\"color: #9e8b66;\"><strong>CUIDADOS:<\/strong><\/span><br \/>\n<b>Cepillado:<\/b>\u00a0Desenreda y cepilla el cabello frecuentemente. Es aconsejable desenredar el cabello de medios a puntas cuando est\u00e9 completamente seco y antes de lavarlo. Para evitar tirones, desenreda siempre tu melena con el cepillo EXTENSIONmania\u00a0<b><a style=\"box-sizing: border-box; color: var( --e-global-color-accent ); box-shadow: none;\" href=\"https:\/\/www.extensionmania.com\/tienda\/producto\/cepillo-extensiones-profesional-06-vortice-tamano-grande\/\"><span style=\"color: windowtext; font-weight: normal; text-decoration: none; text-underline: none;\">06.V\u00d3RTICE\u00a0<\/span><\/a><\/b>ya que es el \u00fanico que permite cepillar desde la ra\u00edz.<br style=\"box-sizing: border-box; font-variant-ligatures: normal; font-variant-caps: normal; orphans: 2; text-align: start; widows: 2; -webkit-text-stroke-width: 0px; text-decoration-thickness: initial; text-decoration-style: initial; text-decoration-color: initial; word-spacing: 0px;\" \/><b>Lavado:<\/b>\u00a0Lava las extensiones de coleta cuando no las lleves colocadas. Aplica\u00a0<b><a style=\"box-sizing: border-box; color: var( --e-global-color-accent ); box-shadow: none; font-variant-ligatures: normal; font-variant-caps: normal; orphans: 2; text-align: start; widows: 2; -webkit-text-stroke-width: 0px; word-spacing: 0px;\" href=\"https:\/\/www.extensionmania.com\/tienda\/producto\/champu-extensiones-cabello\/\"><span style=\"color: windowtext; font-weight: normal; text-decoration: none; text-underline: none;\">01.TORMENTA\u00a0<\/span><\/a><\/b>en toda la extensi\u00f3n, al ser un champ\u00fa neutro garantiza que las extensiones est\u00e9n m\u00e1s limpias m\u00e1s tiempo. Lava el cabello a una misma direcci\u00f3n para evitar enredos. Aclara el cabello suavemente desde la ra\u00edz hasta las puntas sin frotar.<br style=\"box-sizing: border-box; font-variant-ligatures: normal; font-variant-caps: normal; orphans: 2; text-align: start; widows: 2; -webkit-text-stroke-width: 0px; text-decoration-thickness: initial; text-decoration-style: initial; text-decoration-color: initial; word-spacing: 0px;\" \/><b>Hidrataci\u00f3n:<\/b>\u00a0Retira la humedad con una toalla y aplica la mascarilla\u00a0<b><a style=\"box-sizing: border-box; color: var( --e-global-color-accent ); box-shadow: none; font-variant-ligatures: normal; font-variant-caps: normal; orphans: 2; text-align: start; widows: 2; -webkit-text-stroke-width: 0px; word-spacing: 0px;\" href=\"https:\/\/www.extensionmania.com\/tienda\/producto\/mascarilla-especial-extensiones\/\"><span style=\"color: windowtext; font-weight: normal; text-decoration: none; text-underline: none;\">02.ECLIPSE<\/span><\/a><\/b>, al menos 15 minutos, conseguir\u00e1s que tus extensiones naturales est\u00e9n siempre sanas e hidratadas. Si\u00a0quieres mantener ese matiz rubio que evite tonos naranjas, combina\u00a0<b><a style=\"box-sizing: border-box; color: var( --e-global-color-accent ); box-shadow: none; font-variant-ligatures: normal; font-variant-caps: normal; orphans: 2; text-align: start; widows: 2; -webkit-text-stroke-width: 0px; word-spacing: 0px;\" href=\"https:\/\/www.extensionmania.com\/tienda\/producto\/mascarilla-especial-extensiones\/\"><span style=\"color: windowtext; font-weight: normal; text-decoration: none; text-underline: none;\">02.ECLIPSE\u00a0\u00a0<\/span><\/a><\/b>con la mascarilla <a href=\"https:\/\/www.extensionmania.com\/tienda\/producto\/mascarilla-azul-para-rubias\/\"><span style=\"color: windowtext; text-decoration: none; text-underline: none;\">azul\u00a005. EN UNA NUBE<\/span><\/a><b>\u00a0<\/b>una vez a la semana.\u00a0Puedes usar aceites y productos espec\u00edficos que nutran en profundidad el cabello una vez seco como el s\u00e9rum\u00a0<b><a style=\"box-sizing: border-box; color: var( --e-global-color-accent ); box-shadow: none;\" href=\"https:\/\/www.extensionmania.com\/tienda\/producto\/serum-especial-extensiones\/\"><span style=\"color: windowtext; font-weight: normal; text-decoration: none; text-underline: none;\">03.OLA DE SOL<\/span><\/a><\/b>. El uso de productos hidratantes y nutritivos debe ser exclusivo de medios a puntas.<br style=\"box-sizing: border-box; font-variant-ligatures: normal; font-variant-caps: normal; orphans: 2; text-align: start; widows: 2; -webkit-text-stroke-width: 0px; text-decoration-thickness: initial; text-decoration-style: initial; text-decoration-color: initial; word-spacing: 0px;\" \/><b>Secado:<\/b>\u00a0Quita la humedad de las extensiones suavemente con una toalla, sin frotar para evitar enredos. Aplica protecci\u00f3n t\u00e9rmica de medios a puntas con\u00a0<b><a style=\"box-sizing: border-box; color: var( --e-global-color-accent ); box-shadow: none;\" href=\"https:\/\/www.extensionmania.com\/tienda\/producto\/protector-termico-extensiones-cabello\/\"><span style=\"color: windowtext; font-weight: normal; text-decoration: none; text-underline: none;\">05.HURAC\u00c1N<\/span><\/a>,\u00a0<\/b>de esta manera proteger\u00e1s el cabello de las agresiones t\u00e9rmicas. No apliques calor directo y utiliza una temperatura media o baja si usas secador. Una vez las extensiones est\u00e9n bien secas, puedes usar la plancha y moldear hasta conseguir el estilismo que desees.<br style=\"box-sizing: border-box; font-variant-ligatures: normal; font-variant-caps: normal; orphans: 2; text-align: start; widows: 2; -webkit-text-stroke-width: 0px; text-decoration-thickness: initial; text-decoration-style: initial; text-decoration-color: initial; word-spacing: 0px;\" \/><b>Cuidado espec\u00edfico:<\/b>\u00a0El cabello debe tratarse como cabello natural, es decir, se puede cortar, planchar y te\u00f1ir a un tono m\u00e1s oscuro (nunca decolorar ni aplicar tratamientos permanentes).<\/p>\n<p><strong><span style=\"color: #9e8b66;\">INDICACIONES:<\/span><\/strong> Por motivos de higiene no aceptamos cambios y\/o devoluciones de las extensiones y\/o accesorios de cabello natural o fibra. No obstante, si al recibir tu accesorio no encaja con tus expectativas dispones de 14 d\u00edas contados desde la fecha de entrega para devolverlo en el mismo estado. M\u00e1s informaci\u00f3n en <a href=\"\/envio-y-devoluciones\/\"><span style=\"color: #9e8b66;\">env\u00edos y devoluciones.<\/span><\/a><\/p>\n","protected":false},"excerpt":{"rendered":"<p style=\"font-size: 18px;\"><strong>\u00a1Descubre el secreto para una melena densa y voluminosa con nuestras extensiones de volumen Pretty Booster! <\/strong><\/p>\n<p style=\"font-size: 18px;\">Perfectas para alargar capas y a\u00f1adir cuerpo en la zona superior, aportando luminosidad con tonos m\u00e1s claros. Ideales para cabellos finos, sus clips antideslizantes garantizan una sujeci\u00f3n excelente.<\/p>\n<p style=\"font-size: 18px;\"><strong>TIP EXTRA:<\/strong><\/p>\n<p style=\"font-size: 18px;\">Para disimular desfilados y flequillos, coloca las extensiones con una raya al medio hasta 0,5 cm de la frente.<\/p>\n","protected":false},"featured_media":507,"comment_status":"open","ping_status":"closed","template":"","meta":[],"product_brand":[],"product_cat":[107,220],"product_tag":[],"class_list":{"0":"post-479","1":"product","2":"type-product","3":"status-publish","4":"has-post-thumbnail","6":"product_cat-extensiones","7":"product_cat-toppers-de-cabello","8":"pa_color-10-22n-canela-india","9":"pa_color-10-4n-tamarindo-del-sudan","10":"pa_color-14n-curmin-mediterraneo","11":"pa_color-22n-nuez-de-macadamia","12":"pa_color-2n-expresso-italiano","13":"pa_color-4n-tostado-frances","14":"pa_color-6n-pimienta-jamaicana","16":"first","17":"instock","18":"sale","19":"featured","20":"taxable","21":"shipping-taxable","22":"purchasable","23":"product-type-variable"},"_links":{"self":[{"href":"https:\/\/www.extensionmania.com\/tienda\/wp-json\/wp\/v2\/product\/479","targetHints":{"allow":["GET"]}}],"collection":[{"href":"https:\/\/www.extensionmania.com\/tienda\/wp-json\/wp\/v2\/product"}],"about":[{"href":"https:\/\/www.extensionmania.com\/tienda\/wp-json\/wp\/v2\/types\/product"}],"replies":[{"embeddable":true,"href":"https:\/\/www.extensionmania.com\/tienda\/wp-json\/wp\/v2\/comments?post=479"}],"version-history":[{"count":0,"href":"https:\/\/www.extensionmania.com\/tienda\/wp-json\/wp\/v2\/product\/479\/revisions"}],"wp:featuredmedia":[{"embeddable":true,"href":"https:\/\/www.extensionmania.com\/tienda\/wp-json\/wp\/v2\/media\/507"}],"wp:attachment":[{"href":"https:\/\/www.extensionmania.com\/tienda\/wp-json\/wp\/v2\/media?parent=479"}],"wp:term":[{"taxonomy":"product_brand","embeddable":true,"href":"https:\/\/www.extensionmania.com\/tienda\/wp-json\/wp\/v2\/product_brand?post=479"},{"taxonomy":"product_cat","embeddable":true,"href":"https:\/\/www.extensionmania.com\/tienda\/wp-json\/wp\/v2\/product_cat?post=479"},{"taxonomy":"product_tag","embeddable":true,"href":"https:\/\/www.extensionmania.com\/tienda\/wp-json\/wp\/v2\/product_tag?post=479"}],"curies":[{"name":"wp","href":"https:\/\/api.w.org\/{rel}","templated":true}]}}