{"id":476,"date":"2022-05-02T11:44:38","date_gmt":"2022-05-02T10:44:38","guid":{"rendered":"https:\/\/www.extensionmania.com\/?post_type=product&#038;p=476"},"modified":"2026-04-07T09:31:14","modified_gmt":"2026-04-07T07:31:14","slug":"extensiones-de-volumen-push-up-volume","status":"publish","type":"product","link":"https:\/\/www.extensionmania.com\/tienda\/producto\/extensiones-de-volumen-push-up-volume\/","title":{"rendered":"Extensiones de volumen para la coronilla Push Up Volume"},"content":{"rendered":"<p>Unas <strong>extensiones de volumen para la coronilla<\/strong> aportan frondosidad en la melena. Ver\u00e1s que tu cabello cobra vitalidad de manera inmediata gracias a las suaves y finas tiras de cabello natural.<\/p>\n<p>Se sujetan mediante\u00a0de tres clips profesionales ultra planos y antideslizantes que lo hacen muy ligero y garantizan una sujeci\u00f3n \u00f3ptima. Sus 45 cent\u00edmetros de largo permiten melenas compactas mucho m\u00e1s frondosas y brillantes.<\/p>\n<p>Catalogado como el m\u00e1s ligero del mercado, se convierte en extra c\u00f3modo. Con costura invisible resulta totalmente imperceptible. Con este accesorio complementar\u00e1s tu belleza natural de manera f\u00e1cil y r\u00e1pida. Proporciona volumen en la parte superior lo que permite estilizar rasgos. Es especialmente favorecedor en rostros redondos. Si tienes el cabello fino, y buscas m\u00e1s densidad las extensiones Push Up Volume ser\u00e1n tus aliadas.<\/p>\n<p><a href=\"https:\/\/www.youtube.com\/watch?v=vC_egDtTeLE\" target=\"_blank\" rel=\"noopener\"><img fetchpriority=\"high\" decoding=\"async\" class=\"wp-image-1455 aligncenter\" src=\"https:\/\/www.extensionmania.com\/wp-content\/uploads\/sites\/2\/2022\/05\/Tutorial-extensiones-de-volumen-push-up-volume-portada-540x360.jpg\" alt=\"\" width=\"421\" height=\"274\" \/><\/a><\/p>\n<p>Se coloca con raya al medio o al lado, se desliza un suave mech\u00f3n de tu mismo cabello por encima por lo que queda completamente integrado. El resultado es muy natural, pudi\u00e9ndose usar con cabello suelto o recogido. \u00bfUn truco? Utiliza un tono m\u00e1s claro para sumar luminosidad en la parte superior de tu melena.<\/p>\n<p>Si deseas conseguir un mayor efecto de volumen en la parte superior se puede cardar ligeramente. Si deseas volumen en toda la melena, <a href=\"https:\/\/www.extensionmania.com\/tienda\/categoria-producto\/extensiones\/\">combina con las extensiones de cabello<\/a>, bien sea con t\u00e9cnica de quita y pon o fija, \u00a1tu eliges!<\/p>\n<p>Al tratarse de cabello natural se puede rizar, planchar, cortar y te\u00f1ir (nunca decolorar).<\/p>\n<hr \/>\n<p><strong>Ficha t\u00e9cnica<\/strong><\/p>\n<p><span style=\"color: #9e8b66;\"><strong>COMPOSICI\u00d3N:<\/strong><\/span> Cabello natural<\/p>\n<p><span style=\"color: #9e8b66;\"><strong>SISTEMA:<\/strong><\/span> 3 clips ergon\u00f3micos que garantizan una \u00f3ptima sujeci\u00f3n protegiendo tu cabello<\/p>\n<p><span style=\"color: #9e8b66;\"><strong>LARGO:<\/strong><\/span> 45 cent\u00edmetros<\/p>\n<p><span style=\"color: #9e8b66;\"><strong>PESO:<\/strong><\/span> 75,5 gramos<\/p>\n<p><span style=\"color: #9e8b66;\"><strong>GARANT\u00cdA:<\/strong><\/span><br \/>\n<strong>M\u00e1xima calidad:<\/strong> Cada a\u00f1o recorremos el mundo buscando el mejor cabello natural, as\u00ed que tienes en tus manos una pieza \u00fanica seleccionada con los m\u00e1ximos est\u00e1ndares para que tus extensiones se mantengan sedosos y brillantes en el tiempo. <strong>Cabellos largos:<\/strong> El peso no es sin\u00f3nimo de calidad (a m\u00e1s cabellos cortos, m\u00e1s gramos). En EXTENSIONmania aseguramos que cada accesorio ha sido perfectamente dise\u00f1ado y testado para superar tus expectativas, as\u00ed que todos los cabellos son largos de ra\u00edces a puntas.<\/p>\n<p><span style=\"color: #9e8b66;\"><strong>DURABILIDAD:<\/strong><\/span> La durabilidad del cabello adquirido depender\u00e1 del cuidado y manejo diario que realices, por lo que cuanto m\u00e1s sigas nuestros consejos de cuidado m\u00e1s posibilidades tendr\u00e1s de alargar la vida de tus extensiones naturales.<\/p>\n<p><span style=\"color: #9e8b66;\"><strong>CUIDADOS:<\/strong><\/span><br \/>\n<b>Cepillado:<\/b>\u00a0Desenreda y cepilla el cabello frecuentemente. Es aconsejable desenredar el cabello de medios a puntas cuando est\u00e9 completamente seco y antes de lavarlo. Para evitar tirones, desenreda siempre tu melena con el cepillo EXTENSIONmania\u00a0<b><a style=\"box-sizing: border-box; color: var( --e-global-color-accent ); box-shadow: none;\" href=\"https:\/\/www.extensionmania.com\/tienda\/producto\/cepillo-extensiones-profesional-06-vortice-tamano-grande\/\"><span style=\"color: windowtext; font-weight: normal; text-decoration: none; text-underline: none;\">06.V\u00d3RTICE\u00a0<\/span><\/a><\/b>ya que es el \u00fanico que permite cepillar desde la ra\u00edz.<br style=\"box-sizing: border-box; font-variant-ligatures: normal; font-variant-caps: normal; orphans: 2; text-align: start; widows: 2; -webkit-text-stroke-width: 0px; text-decoration-thickness: initial; text-decoration-style: initial; text-decoration-color: initial; word-spacing: 0px;\" \/><b>Lavado:<\/b>\u00a0Lava las extensiones de coleta cuando no las lleves colocadas. Aplica\u00a0<b><a style=\"box-sizing: border-box; color: var( --e-global-color-accent ); box-shadow: none; font-variant-ligatures: normal; font-variant-caps: normal; orphans: 2; text-align: start; widows: 2; -webkit-text-stroke-width: 0px; word-spacing: 0px;\" href=\"https:\/\/www.extensionmania.com\/tienda\/producto\/champu-extensiones-cabello\/\"><span style=\"color: windowtext; font-weight: normal; text-decoration: none; text-underline: none;\">01.TORMENTA\u00a0<\/span><\/a><\/b>en toda la extensi\u00f3n, al ser un champ\u00fa neutro garantiza que las extensiones est\u00e9n m\u00e1s limpias m\u00e1s tiempo. Lava el cabello a una misma direcci\u00f3n para evitar enredos. Aclara el cabello suavemente desde la ra\u00edz hasta las puntas sin frotar.<br style=\"box-sizing: border-box; font-variant-ligatures: normal; font-variant-caps: normal; orphans: 2; text-align: start; widows: 2; -webkit-text-stroke-width: 0px; text-decoration-thickness: initial; text-decoration-style: initial; text-decoration-color: initial; word-spacing: 0px;\" \/><b>Hidrataci\u00f3n:<\/b>\u00a0Retira la humedad con una toalla y aplica la mascarilla\u00a0<b><a style=\"box-sizing: border-box; color: var( --e-global-color-accent ); box-shadow: none; font-variant-ligatures: normal; font-variant-caps: normal; orphans: 2; text-align: start; widows: 2; -webkit-text-stroke-width: 0px; word-spacing: 0px;\" href=\"https:\/\/www.extensionmania.com\/tienda\/producto\/mascarilla-especial-extensiones\/\"><span style=\"color: windowtext; font-weight: normal; text-decoration: none; text-underline: none;\">02.ECLIPSE<\/span><\/a><\/b>, al menos 15 minutos, conseguir\u00e1s que tus extensiones naturales est\u00e9n siempre sanas e hidratadas. Si\u00a0quieres mantener ese matiz rubio que evite tonos naranjas, combina\u00a0<b><a style=\"box-sizing: border-box; color: var( --e-global-color-accent ); box-shadow: none; font-variant-ligatures: normal; font-variant-caps: normal; orphans: 2; text-align: start; widows: 2; -webkit-text-stroke-width: 0px; word-spacing: 0px;\" href=\"https:\/\/www.extensionmania.com\/tienda\/producto\/mascarilla-especial-extensiones\/\"><span style=\"color: windowtext; font-weight: normal; text-decoration: none; text-underline: none;\">02.ECLIPSE\u00a0\u00a0<\/span><\/a><\/b>con la mascarilla <a href=\"https:\/\/www.extensionmania.com\/tienda\/producto\/mascarilla-azul-para-rubias\/\"><span style=\"color: windowtext; text-decoration: none; text-underline: none;\">azul\u00a005. EN UNA NUBE<\/span><\/a><b>\u00a0<\/b>una vez a la semana.\u00a0Puedes usar aceites y productos espec\u00edficos que nutran en profundidad el cabello una vez seco como el s\u00e9rum\u00a0<b><a style=\"box-sizing: border-box; color: var( --e-global-color-accent ); box-shadow: none;\" href=\"https:\/\/www.extensionmania.com\/tienda\/producto\/serum-especial-extensiones\/\"><span style=\"color: windowtext; font-weight: normal; text-decoration: none; text-underline: none;\">03.OLA DE SOL<\/span><\/a><\/b>. El uso de productos hidratantes y nutritivos debe ser exclusivo de medios a puntas.<br style=\"box-sizing: border-box; font-variant-ligatures: normal; font-variant-caps: normal; orphans: 2; text-align: start; widows: 2; -webkit-text-stroke-width: 0px; text-decoration-thickness: initial; text-decoration-style: initial; text-decoration-color: initial; word-spacing: 0px;\" \/><b>Secado:<\/b>\u00a0Quita la humedad de las extensiones suavemente con una toalla, sin frotar para evitar enredos. Aplica protecci\u00f3n t\u00e9rmica de medios a puntas con\u00a0<b><a style=\"box-sizing: border-box; color: var( --e-global-color-accent ); box-shadow: none;\" href=\"https:\/\/www.extensionmania.com\/tienda\/producto\/protector-termico-extensiones-cabello\/\"><span style=\"color: windowtext; font-weight: normal; text-decoration: none; text-underline: none;\">05.HURAC\u00c1N<\/span><\/a>,\u00a0<\/b>de esta manera proteger\u00e1s el cabello de las agresiones t\u00e9rmicas. No apliques calor directo y utiliza una temperatura media o baja si usas secador. Una vez las extensiones est\u00e9n bien secas, puedes usar la plancha y moldear hasta conseguir el estilismo que desees.<br style=\"box-sizing: border-box; font-variant-ligatures: normal; font-variant-caps: normal; orphans: 2; text-align: start; widows: 2; -webkit-text-stroke-width: 0px; text-decoration-thickness: initial; text-decoration-style: initial; text-decoration-color: initial; word-spacing: 0px;\" \/><b>Cuidado espec\u00edfico:<\/b>\u00a0El cabello debe tratarse como cabello natural, es decir, se puede cortar, planchar y te\u00f1ir a un tono m\u00e1s oscuro (nunca decolorar ni aplicar tratamientos permanentes).<\/p>\n<p><strong><span style=\"color: #9e8b66;\">INDICACIONES:<\/span><\/strong> Por motivos de higiene no aceptamos cambios y\/o devoluciones de las extensiones y\/o accesorios de cabello natural o fibra. No obstante, si al recibir tu accesorio no encaja con tus expectativas dispones de 14 d\u00edas contados desde la fecha de entrega para devolverlo en el mismo estado. M\u00e1s informaci\u00f3n en <a href=\"\/envio-y-devoluciones\/\"><span style=\"color: #9e8b66;\">env\u00edos y devoluciones.<\/span><\/a><\/p>\n","protected":false},"excerpt":{"rendered":"<p style=\"font-size: 18px;\"><strong>\u00a1Descubre el secreto para una melena frondosa y brillante con nuestro producto \u00fanico! <\/strong><\/p>\n<p style=\"font-size: 18px;\">Ligero y c\u00f3modo, se integra perfectamente gracias a clips ultra planos y costura invisible. A\u00f1ade volumen y define rasgos al instante.<\/p>\n<p style=\"font-size: 18px;\">\u00a1Personal\u00edzalo a tu gusto con cabello natural que puedes <strong>rizar, planchar, cortar y te\u00f1ir<\/strong>! (Recuerda que se puede te\u00f1ir a m\u00e1s oscuro, pero no a un tono m\u00e1s claro ni decolorar).<\/p>\n<p style=\"font-size: 18px;\"><strong>TIP EXTRA:<\/strong><\/p>\n<p style=\"font-size: 18px;\">Para un efecto a\u00fan m\u00e1s voluminoso, carda ligeramente tu cabello antes de colocarlo.<\/p>\n","protected":false},"featured_media":502,"comment_status":"open","ping_status":"closed","template":"","meta":[],"product_brand":[],"product_cat":[122,220],"product_tag":[],"class_list":{"0":"post-476","1":"product","2":"type-product","3":"status-publish","4":"has-post-thumbnail","6":"product_cat-coletas-recogidos-y-flequillos-de-clip","7":"product_cat-toppers-de-cabello","8":"pa_color-10-22n-canela-india","9":"pa_color-10-4n-tamarindo-del-sudan","10":"pa_color-14n-curmin-mediterraneo","11":"pa_color-1n-regaliz-oriental","12":"pa_color-22n-nuez-de-macadamia","13":"pa_color-2n-expresso-italiano","14":"pa_color-4n-tostado-frances","15":"pa_color-6n-pimienta-jamaicana","17":"first","18":"instock","19":"sale","20":"featured","21":"taxable","22":"shipping-taxable","23":"purchasable","24":"product-type-variable"},"_links":{"self":[{"href":"https:\/\/www.extensionmania.com\/tienda\/wp-json\/wp\/v2\/product\/476","targetHints":{"allow":["GET"]}}],"collection":[{"href":"https:\/\/www.extensionmania.com\/tienda\/wp-json\/wp\/v2\/product"}],"about":[{"href":"https:\/\/www.extensionmania.com\/tienda\/wp-json\/wp\/v2\/types\/product"}],"replies":[{"embeddable":true,"href":"https:\/\/www.extensionmania.com\/tienda\/wp-json\/wp\/v2\/comments?post=476"}],"version-history":[{"count":0,"href":"https:\/\/www.extensionmania.com\/tienda\/wp-json\/wp\/v2\/product\/476\/revisions"}],"wp:featuredmedia":[{"embeddable":true,"href":"https:\/\/www.extensionmania.com\/tienda\/wp-json\/wp\/v2\/media\/502"}],"wp:attachment":[{"href":"https:\/\/www.extensionmania.com\/tienda\/wp-json\/wp\/v2\/media?parent=476"}],"wp:term":[{"taxonomy":"product_brand","embeddable":true,"href":"https:\/\/www.extensionmania.com\/tienda\/wp-json\/wp\/v2\/product_brand?post=476"},{"taxonomy":"product_cat","embeddable":true,"href":"https:\/\/www.extensionmania.com\/tienda\/wp-json\/wp\/v2\/product_cat?post=476"},{"taxonomy":"product_tag","embeddable":true,"href":"https:\/\/www.extensionmania.com\/tienda\/wp-json\/wp\/v2\/product_tag?post=476"}],"curies":[{"name":"wp","href":"https:\/\/api.w.org\/{rel}","templated":true}]}}