{"id":430,"date":"2022-04-19T11:27:33","date_gmt":"2022-04-19T11:27:33","guid":{"rendered":"https:\/\/www.extensionmania.com\/?post_type=product&#038;p=430"},"modified":"2026-03-01T23:27:44","modified_gmt":"2026-03-01T22:27:44","slug":"plancha-ghd-max","status":"publish","type":"product","link":"https:\/\/www.extensionmania.com\/tienda\/producto\/plancha-ghd-max\/","title":{"rendered":"Plancha de pelo Ghd Max Hydra"},"content":{"rendered":"<p>La nueva plancha de pelo Ghd Max es una herramienta profesional con tecnolog\u00eda dual-zone y placas un 70% m\u00e1s anchas, dise\u00f1ada para ofrecerte acabados m\u00e1s brillantes y pulidos sin da\u00f1ar tu cabello con calor extremo. Equipada con placas anchas de 42 mm y dos sensores de \u00faltima generaci\u00f3n, esta styler distribuye uniformemente el calor, reduciendo el tiempo de peinado a la mitad. Su avanzada tecnolog\u00eda de calor mantiene una temperatura constante de 185\u00baC para un resultado \u00f3ptimo sin comprometer la salud y el brillo natural de tu cabello.<\/p>\n<p>Con la Ghd Max, disfrutar\u00e1s de un 80% m\u00e1s de brillo y hasta 2 veces menos encrespamiento. Sus placas lisas y contorneadas se deslizan suavemente por el cabello, permiti\u00e9ndote crear tanto looks lisos como ondas suaves y naturales. Adem\u00e1s, su dise\u00f1o elegante con bordes curvos proporciona un peinado impecable en menos tiempo y con menos esfuerzo.<\/p>\n<h4><strong>El precio incluye:<\/strong><\/h4>\n<ul>\n<li>Plancha de pelo Ghd Max.<\/li>\n<li>Protector de placas.<\/li>\n<li>Si este modelo no va contigo, puedes ver otras opciones de <a href=\"https:\/\/www.extensionmania.com\/tienda\/categoria-producto\/ghd\/\">styler Ghd.<\/a><\/li>\n<\/ul>\n<h4><strong>Caracter\u00edsticas Clave:<\/strong><\/h4>\n<ul>\n<li>Tecnolog\u00eda dual-zone para un calor constante a 185\u00baC.<\/li>\n<li>Placas un 70% m\u00e1s anchas que la ghd original.<\/li>\n<li>Barril redondeado con bordes curvados para lisos y ondas r\u00e1pidas.<\/li>\n<li>Ahorra tiempo con placas m\u00e1s anchas.<\/li>\n<li>Voltaje universal y cable giratorio para mayor comodidad.<\/li>\n<li>Modo de suspensi\u00f3n autom\u00e1tico para seguridad.<\/li>\n<li>Calentamiento r\u00e1pido en 30 segundos.<\/li>\n<li>V\u00e1lido para <a href=\"https:\/\/www.extensionmania.com\/tienda\/\">extensiones de cabello natural<\/a>.<\/li>\n<\/ul>\n","protected":false},"excerpt":{"rendered":"<p><strong>La Ghd Max es la soluci\u00f3n definitiva para un peinado profesional en casa o en el sal\u00f3n. <\/strong><\/p>\n<p>Con su tecnolog\u00eda dual-zone y placas un 70% m\u00e1s anchas, esta styler garantiza resultados brillantes y pulidos en todo tipo de cabello, desde grueso hasta rizado. Su avanzada tecnolog\u00eda de calor mantiene una temperatura constante de 185\u00baC, protegiendo la salud de tu cabello mientras obtienes resultados impecables.<\/p>\n<p>Adem\u00e1s de su rendimiento excepcional, la ghd Max ofrece una experiencia de peinado c\u00f3moda y eficiente. Su dise\u00f1o ergon\u00f3mico y su cable giratorio de 2,7 m te permiten crear estilos con total libertad de movimiento. Su modo de suspensi\u00f3n autom\u00e1tico y su calentamiento r\u00e1pido hacen que sea la opci\u00f3n ideal para una rutina de peinado r\u00e1pida y segura.<\/p>\n","protected":false},"featured_media":309,"comment_status":"open","ping_status":"closed","template":"","meta":[],"product_brand":[],"product_cat":[33,222],"product_tag":[],"class_list":{"0":"post-430","1":"product","2":"type-product","3":"status-publish","4":"has-post-thumbnail","6":"product_cat-ghd","7":"product_cat-planchas-ghd","9":"first","10":"instock","11":"taxable","12":"shipping-taxable","13":"purchasable","14":"product-type-simple"},"_links":{"self":[{"href":"https:\/\/www.extensionmania.com\/tienda\/wp-json\/wp\/v2\/product\/430","targetHints":{"allow":["GET"]}}],"collection":[{"href":"https:\/\/www.extensionmania.com\/tienda\/wp-json\/wp\/v2\/product"}],"about":[{"href":"https:\/\/www.extensionmania.com\/tienda\/wp-json\/wp\/v2\/types\/product"}],"replies":[{"embeddable":true,"href":"https:\/\/www.extensionmania.com\/tienda\/wp-json\/wp\/v2\/comments?post=430"}],"version-history":[{"count":0,"href":"https:\/\/www.extensionmania.com\/tienda\/wp-json\/wp\/v2\/product\/430\/revisions"}],"wp:featuredmedia":[{"embeddable":true,"href":"https:\/\/www.extensionmania.com\/tienda\/wp-json\/wp\/v2\/media\/309"}],"wp:attachment":[{"href":"https:\/\/www.extensionmania.com\/tienda\/wp-json\/wp\/v2\/media?parent=430"}],"wp:term":[{"taxonomy":"product_brand","embeddable":true,"href":"https:\/\/www.extensionmania.com\/tienda\/wp-json\/wp\/v2\/product_brand?post=430"},{"taxonomy":"product_cat","embeddable":true,"href":"https:\/\/www.extensionmania.com\/tienda\/wp-json\/wp\/v2\/product_cat?post=430"},{"taxonomy":"product_tag","embeddable":true,"href":"https:\/\/www.extensionmania.com\/tienda\/wp-json\/wp\/v2\/product_tag?post=430"}],"curies":[{"name":"wp","href":"https:\/\/api.w.org\/{rel}","templated":true}]}}