{"id":409,"date":"2022-04-19T11:27:10","date_gmt":"2022-04-19T11:27:10","guid":{"rendered":"https:\/\/www.extensionmania.com\/?post_type=product&#038;p=409"},"modified":"2026-03-01T23:27:44","modified_gmt":"2026-03-01T22:27:44","slug":"ghd-bodyguard-spray-protector-termico","status":"publish","type":"product","link":"https:\/\/www.extensionmania.com\/tienda\/producto\/ghd-bodyguard-spray-protector-termico\/","title":{"rendered":"Spray protector t\u00e9rmico &#8211; Ghd bodyguard"},"content":{"rendered":"<p>El spray<strong> Ghd bodyguard\u00a0<\/strong>de protecci\u00f3n t\u00e9rmica de Ghd n\u00famero 1 en ventas que adem\u00e1s permite un acabado s\u00faper pulido y un cabello visiblemente m\u00e1s sano.<\/p>\n<p>Dise\u00f1ado por estilistas y expertos en ingenier\u00eda de calor de Ghd, el nuevo protector contiene el exclusivo Sistema de Protecci\u00f3n T\u00e9rmica Ghd que te permite crear estilos impecables con herramientas profesionales sin preocuparte por la exposici\u00f3n al calor.<\/p>\n<p>Mediante una doble acci\u00f3n de pol\u00edmeros protectores y agentes acondicionadores, el Sistema de protecci\u00f3n t\u00e9rmica Ghd ayuda a prevenir el da\u00f1o a las cut\u00edculas, mejorando la superficie del cabello y garantizando un acabado suave y sedoso. Al recubrir cada cabello, este spray protector trabaja para proteger tu melena del calor diario de las herramientas de peinado, proporcionando una sensaci\u00f3n de cabello m\u00e1s saludable.<\/p>\n<p>Con una f\u00f3rmula ligera e invisible adecuada para todo tipo de cabello este producto te permite maximizar tu peinado con calor tanto en rizos, ondas, como en peinados lisos y pulidos. Para obtener resultados profesionales garantizados util\u00edzalo con las <a href=\"https:\/\/www.extensionmania.com\/tienda\/categoria-producto\/ghd\/\">herramientas Ghd<\/a>, la protecci\u00f3n nunca pasa de moda.<\/p>\n<p><strong><span style=\"color: #9e8b66;\">IDEAL PARA: <\/span><\/strong>Todo tipo de cabello. Protecci\u00f3n del calor de stylers, secadores, rizadores y cepillos el\u00e9ctricos, crea una capa de protecci\u00f3n t\u00e9rmica en la superficie del cabello.<\/p>\n<p><strong><span style=\"color: #9e8b66;\">CONSEJO DE USO:<\/span><\/strong> Roc\u00eda desde las ra\u00edces hasta las puntas (de 6 a 8 pulverizaciones para cabellos medianos a largos) y peina para asegurarte de que el producto se distribuya uniformemente antes de utilizar tu herramienta ghd. Puedes usarlo tanto en cabello h\u00famedo como seco. Recuerda siempre volver a secar tras rociar el producto sobre cabello seco.<\/p>\n<p><strong><span style=\"color: #9e8b66;\">CONSEJO DE ESTILO:<\/span><\/strong> Aplica primero el spray si lo est\u00e1s combinando con otros productos para el cabello.<\/p>\n<hr \/>\n<h4>Ficha t\u00e9cnica<\/h4>\n<p><strong><span style=\"color: #9e8b66;\">EL PRECIO INCLUYE:<\/span><\/strong> ghd bodyguard &#8211; spray protector t\u00e9rmico 120 ml.<\/p>\n<p><strong><span style=\"color: #9e8b66;\">CARACTER\u00cdSTICAS:<\/span><\/strong><\/p>\n<ul>\n<li>Contiene el Sistema de Protecci\u00f3n T\u00e9rmica ghd.<\/li>\n<li>F\u00f3rmula que aporta sensaci\u00f3n de ligereza.<\/li>\n<li>Protecci\u00f3n contra el calor diario, creando una capa invisible de protecci\u00f3n t\u00e9rmica sobre la superficie del cabello.<\/li>\n<li>Apto para todo tipo de cabello.<\/li>\n<li>Resultados profesionales.<\/li>\n<li>Tama\u00f1o viaje.<\/li>\n<li>No testado en animales.<\/li>\n<\/ul>\n<p><strong><span style=\"color: #9e8b66;\">INGREDIENTES:<\/span><\/strong><br \/>\nAqua (agua), Gluconolactona,\u00a0Aceite de ricino hidrogenado PEG-40,\u00a0Perfume (Fragancia),\u00a0Benzonato de sodio,\u00a0Laneth-40 maleato de sodio \/ copol\u00edmero de sulfonato de estireno,\u00a0Bis-isobutil PEG \/ PPG-20\/35 \/ copol\u00edmero de amodimeticona,\u00a0Etilhexanoato de cetilo,\u00a0Pantenol,\u00a0Hidr\u00f3xido de sodio,\u00a0Polisorbato 80,\u00a0Thermus thermophillus ferment,\u00a0Butilenglicol,\u00a0EDTA tetras\u00f3dico,\u00a0Prote\u00edna de trigo hidrolizada PG-propil silanetriol,\u00a0Fenoxietanol,\u00a0Gluconato de calcio,\u00a0Sorbato de potasio,\u00a0Glicerina,\u00a0Salicilato de bencilo,\u00a0Citral,\u00a0Citronelol,\u00a0Cumarina,\u00a0Hexil cinamal,\u00a0Limoneno,\u00a0Linalol,\u00a0Alfa-isometil ionona.<\/p>\n","protected":false},"excerpt":{"rendered":"<p style=\"font-size: 18px;\"><strong>El spray Ghd Bodyguard es el n\u00famero 1 en ventas de protecci\u00f3n t\u00e9rmica de Ghd, ofreciendo un acabado s\u00faper pulido y un cabello visiblemente m\u00e1s sano.<\/strong><\/p>\n<p style=\"font-size: 18px;\">Su exclusivo Sistema de Protecci\u00f3n T\u00e9rmica Ghd, dise\u00f1ado por expertos, previene el da\u00f1o a las cut\u00edculas y mejora la suavidad del cabello. Esta f\u00f3rmula ligera e invisible es ideal para todo tipo de cabello, permitiendo un peinado impecable con herramientas de calor. Apl\u00edcalo desde las ra\u00edces hasta las puntas y peina para distribuirlo uniformemente antes de usar tu herramienta Ghd. Compatible con estilos de rizos, ondas y alisados, y garantizado para resultados profesionales cuando se usa con cualquier Styler.<\/p>\n","protected":false},"featured_media":304,"comment_status":"open","ping_status":"closed","template":"","meta":[],"product_brand":[],"product_cat":[33,194,225],"product_tag":[],"class_list":{"0":"post-409","1":"product","2":"type-product","3":"status-publish","4":"has-post-thumbnail","6":"product_cat-ghd","7":"product_cat-ofertas-especiales","8":"product_cat-productos-de-cuidado-ghd","10":"first","11":"instock","12":"taxable","13":"shipping-taxable","14":"purchasable","15":"product-type-simple"},"_links":{"self":[{"href":"https:\/\/www.extensionmania.com\/tienda\/wp-json\/wp\/v2\/product\/409","targetHints":{"allow":["GET"]}}],"collection":[{"href":"https:\/\/www.extensionmania.com\/tienda\/wp-json\/wp\/v2\/product"}],"about":[{"href":"https:\/\/www.extensionmania.com\/tienda\/wp-json\/wp\/v2\/types\/product"}],"replies":[{"embeddable":true,"href":"https:\/\/www.extensionmania.com\/tienda\/wp-json\/wp\/v2\/comments?post=409"}],"version-history":[{"count":0,"href":"https:\/\/www.extensionmania.com\/tienda\/wp-json\/wp\/v2\/product\/409\/revisions"}],"wp:featuredmedia":[{"embeddable":true,"href":"https:\/\/www.extensionmania.com\/tienda\/wp-json\/wp\/v2\/media\/304"}],"wp:attachment":[{"href":"https:\/\/www.extensionmania.com\/tienda\/wp-json\/wp\/v2\/media?parent=409"}],"wp:term":[{"taxonomy":"product_brand","embeddable":true,"href":"https:\/\/www.extensionmania.com\/tienda\/wp-json\/wp\/v2\/product_brand?post=409"},{"taxonomy":"product_cat","embeddable":true,"href":"https:\/\/www.extensionmania.com\/tienda\/wp-json\/wp\/v2\/product_cat?post=409"},{"taxonomy":"product_tag","embeddable":true,"href":"https:\/\/www.extensionmania.com\/tienda\/wp-json\/wp\/v2\/product_tag?post=409"}],"curies":[{"name":"wp","href":"https:\/\/api.w.org\/{rel}","templated":true}]}}