{"id":398,"date":"2022-04-19T11:27:08","date_gmt":"2022-04-19T11:27:08","guid":{"rendered":"https:\/\/www.extensionmania.com\/?post_type=product&#038;p=398"},"modified":"2026-03-01T23:27:44","modified_gmt":"2026-03-01T22:27:44","slug":"secador-ghd-helios-azul","status":"publish","type":"product","link":"https:\/\/www.extensionmania.com\/tienda\/producto\/secador-ghd-helios-azul\/","title":{"rendered":"Secador Ghd Helios azul"},"content":{"rendered":"<p>Ideal para crear ondas surferas o looks desenfadados en todo tipo de largo de cabello. Consigue el secado perfecto por cortes\u00eda de Ghd Helios, el secador de Ghd azul que logra la combinaci\u00f3n perfecta entre control y potencia.<\/p>\n<p>Desarollado por el equipo de ingenieros, f\u00edsicos y estilistas de Ghd, el secador Ghd azul Helios proporciona resultados de sal\u00f3n y un cabello un 30% m\u00e1s brillante*. Incorpora la avanzada tecnolog\u00eda Aeroprecis, que combina un interior de dise\u00f1o aerodin\u00e1mico y una boquilla de precisi\u00f3n para concentrar el potente flujo de aire y as\u00ed aumentar el control del caudal durante el secado.<\/p>\n<p>Ghd Helios est\u00e1 dise\u00f1ado no s\u00f3lo para garantizar resultados profesionales sino tambi\u00e9n para que su uso sea c\u00f3modo y sencillo: un cuerpo de dise\u00f1o ergon\u00f3mico y un peso reducido lo hacen muy f\u00e1cil de utilizar. Adem\u00e1s, olv\u00eddate del encrespamiento y de los cabellos sueltos y consigue un pelo visiblemente m\u00e1s suave y m\u00e1s brillante gracias a su tecnolog\u00eda i\u00f3nica que garantiza una alineaci\u00f3n del cabello 3 veces mayor*.<\/p>\n<p>Obt\u00e9n el secado m\u00e1s glamuroso hasta la fecha con el secador Ghd Helios. Si quieres, puedes combinar el secador con una de las <a href=\"https:\/\/www.extensionmania.com\/tienda\/categoria-producto\/ghd\/\">herramientas Ghd <\/a>para un acabado incre\u00edble.<\/p>\n<p><em>* Comparado con el cabello secado al natural.<\/em><\/p>\n<hr \/>\n<h4>Caracter\u00edsticas<\/h4>\n<ul>\n<li>Potencia profesional 2200 W Motor DC 240 v.<\/li>\n<li>Motor profesional de larga duraci\u00f3n y sin escobillas que proporciona un caudal de aire a 120km\/h para un secado profesional en tiempo r\u00e9cord.<\/li>\n<li>Revolucionaria tecnolog\u00eda Aeroprecis para un uso m\u00e1s intuitivo y un secado m\u00e1s preciso.<\/li>\n<li>Potencia variable y control de temperatura. Incluye bot\u00f3n de aire fr\u00edo.<\/li>\n<li>Dise\u00f1o ergon\u00f3mico y m\u00e1s ligero.<\/li>\n<li>Avanzada tecnolog\u00eda ac\u00fastica para un rendimiento m\u00e1s silencioso.<\/li>\n<li>Cable de longitud profesional (3 m).<\/li>\n<li>Peso: 780 gr (sin embalaje).<\/li>\n<li>Enchufe europeo.<\/li>\n<\/ul>\n","protected":false},"excerpt":{"rendered":"<p style=\"font-size: 18px;\"><strong>Sum\u00e9rgete en un mar de estilo con el secador Ghd Helios azul.<\/strong><\/p>\n<p style=\"font-size: 18px;\">Este potente secador est\u00e1 dise\u00f1ado para crear rizos naturales y ondas surferas de ensue\u00f1o, proporcion\u00e1ndote un flujo de aire concentrado y sin turbulencias gracias a su innovadora tecnolog\u00eda Aeroprecis. Su boquilla de precisi\u00f3n distribuye el aire uniformemente, dejando tu cabello un 30% m\u00e1s brillante y tres veces m\u00e1s alineado. Ligero, ergon\u00f3mico y equilibrado, el Ghd Helios en azul te ofrece un control total sobre tu estilo, con controles de temperatura y potencia variables. Domina tu look con este secador lleno de energ\u00eda y haz que tu cabello brille como nunca antes.<\/p>\n","protected":false},"featured_media":237,"comment_status":"open","ping_status":"closed","template":"","meta":[],"product_brand":[],"product_cat":[33,194,223],"product_tag":[],"class_list":{"0":"post-398","1":"product","2":"type-product","3":"status-publish","4":"has-post-thumbnail","6":"product_cat-ghd","7":"product_cat-ofertas-especiales","8":"product_cat-secadores-ghd","10":"first","11":"instock","12":"taxable","13":"shipping-taxable","14":"purchasable","15":"product-type-simple"},"_links":{"self":[{"href":"https:\/\/www.extensionmania.com\/tienda\/wp-json\/wp\/v2\/product\/398","targetHints":{"allow":["GET"]}}],"collection":[{"href":"https:\/\/www.extensionmania.com\/tienda\/wp-json\/wp\/v2\/product"}],"about":[{"href":"https:\/\/www.extensionmania.com\/tienda\/wp-json\/wp\/v2\/types\/product"}],"replies":[{"embeddable":true,"href":"https:\/\/www.extensionmania.com\/tienda\/wp-json\/wp\/v2\/comments?post=398"}],"version-history":[{"count":0,"href":"https:\/\/www.extensionmania.com\/tienda\/wp-json\/wp\/v2\/product\/398\/revisions"}],"wp:featuredmedia":[{"embeddable":true,"href":"https:\/\/www.extensionmania.com\/tienda\/wp-json\/wp\/v2\/media\/237"}],"wp:attachment":[{"href":"https:\/\/www.extensionmania.com\/tienda\/wp-json\/wp\/v2\/media?parent=398"}],"wp:term":[{"taxonomy":"product_brand","embeddable":true,"href":"https:\/\/www.extensionmania.com\/tienda\/wp-json\/wp\/v2\/product_brand?post=398"},{"taxonomy":"product_cat","embeddable":true,"href":"https:\/\/www.extensionmania.com\/tienda\/wp-json\/wp\/v2\/product_cat?post=398"},{"taxonomy":"product_tag","embeddable":true,"href":"https:\/\/www.extensionmania.com\/tienda\/wp-json\/wp\/v2\/product_tag?post=398"}],"curies":[{"name":"wp","href":"https:\/\/api.w.org\/{rel}","templated":true}]}}