{"id":348,"date":"2022-04-19T11:26:39","date_gmt":"2022-04-19T11:26:39","guid":{"rendered":"https:\/\/www.extensionmania.com\/?post_type=product&#038;p=348"},"modified":"2026-04-15T09:21:22","modified_gmt":"2026-04-15T07:21:22","slug":"clip-para-extensiones","status":"publish","type":"product","link":"https:\/\/www.extensionmania.com\/tienda\/producto\/clip-para-extensiones\/","title":{"rendered":"Clip para extensiones 2,8 cm"},"content":{"rendered":"<p>El clip para extensiones de 2,8 cm, ha sido meticulosamente dise\u00f1ado para adaptarse a una amplia variedad de tipos de cabello, con especial atenci\u00f3n en aquellos m\u00e1s finos y delicados. Equipado con una banda de silicona antideslizante y un cierre ergon\u00f3mico, este clip garantiza una sujeci\u00f3n precisa sin comprometer la salud de tu cabello. Su versatilidad lo convierte en el complemento perfecto para reponer, reforzar o incluso complementar diferentes tipos de accesorios, ya sean de fibra o cabello natural.<\/p>\n<p>Este clip no solo a\u00f1ade versatilidad a tus peinados, sino que tambi\u00e9n te brinda la confianza necesaria para sentirte segura en cualquier situaci\u00f3n. Ya sea que desees lucir un recogido elegante o simplemente mantener tu cabello en su lugar durante el d\u00eda a d\u00eda, este accesorio esencial est\u00e1 listo para cumplir con tus expectativas. Adem\u00e1s, se vende individualmente, lo que te permite obtener la cantidad exacta que necesitas sin desperdiciar recursos.<\/p>\n<p><strong><span style=\"color: #9e8b66;\">DESCUBRE EL RITUAL PARA EL <a href=\"https:\/\/www.extensionmania.com\/tienda\/categoria-producto\/cuidado-del-cabello\/\">CUIDADO DEL CABELLO<\/a>:<\/span><\/strong><\/p>\n<p>Usar <a href=\"https:\/\/www.extensionmania.com\/tienda\/producto\/champu-extensiones-cabello\/\">01.TORMENTA<\/a> junto a\u00a0<a href=\"https:\/\/www.extensionmania.com\/tienda\/producto\/mascarilla-especial-extensiones\/\"><span class=\"JsGRdQ\">02.ECLIPSE. <\/span><\/a>\u00a0Si tienes el cabello rubio y quieres matizarlo, puedes alternar\u00a0 01.TORMENTA con 05.EN UNA NUBE \u00a0finalizando siempre con\u00a0<a href=\"https:\/\/www.extensionmania.com\/tienda\/producto\/serum-especial-extensiones\/\"><span class=\"JsGRdQ\">04.OLA DE SOL<\/span><\/a>.<\/p>\n<p><strong><span style=\"color: #9e8b66;\">IMPORTANTE:<\/span><\/strong>\u00a0el cabello mojado gana elasticidad y se rompe con mayor facilidad. Te recomendamos desenredar siempre el cabello en seco de medios a puntas con el cepillo\u00a0<a href=\"https:\/\/www.extensionmania.com\/tienda\/producto\/cepillo-extensiones-profesional-06-vortice-tamano-grande\/\">06.V\u00d3RTICE<\/a> y est\u00e9s d\u00f3nde est\u00e9s con 06.V\u00d3RTICE (tama\u00f1o mini).<\/p>\n<p><strong>Si tienes dudas, escr\u00edbenos a nuestro <a href=\"https:\/\/api.whatsapp.com\/send\/?phone=34638132845&amp;text&amp;type=phone_number&amp;app_absent=0\">whatsapp<\/a> o <a href=\"mailto:info@extensionmania.com\">info@extensionmania.com<\/a> y una estilista especializada te atender\u00e1 personalmente para resolver todas tus dudas.<\/strong><\/p>\n","protected":false},"excerpt":{"rendered":"<p style=\"font-size: 18px;\"><strong>Asegura tus extensiones con confianza absoluta: el clip dise\u00f1ado para todo tipo de cabello est\u00e1 aqu\u00ed para elevar tu estilo y proteger tu belleza.\u00a0<\/strong><\/p>\n<p style=\"font-size: 18px;\">Con una combinaci\u00f3n perfecta de tecnolog\u00eda y comodidad, este clip te brinda la seguridad que necesitas para lucir impecable en todo momento, sin importar la actividad o el peinado que elijas.<\/p>\n","protected":false},"featured_media":384,"comment_status":"open","ping_status":"closed","template":"","meta":[],"product_brand":[],"product_cat":[228,20],"product_tag":[],"class_list":{"0":"post-348","1":"product","2":"type-product","3":"status-publish","4":"has-post-thumbnail","6":"product_cat-accesorios-cuidado-exm","7":"product_cat-cuidado-del-cabello","8":"pa_color-malta","9":"pa_color-mora","10":"pa_color-vainilla","12":"first","13":"instock","14":"taxable","15":"shipping-taxable","16":"purchasable","17":"product-type-variable"},"_links":{"self":[{"href":"https:\/\/www.extensionmania.com\/tienda\/wp-json\/wp\/v2\/product\/348","targetHints":{"allow":["GET"]}}],"collection":[{"href":"https:\/\/www.extensionmania.com\/tienda\/wp-json\/wp\/v2\/product"}],"about":[{"href":"https:\/\/www.extensionmania.com\/tienda\/wp-json\/wp\/v2\/types\/product"}],"replies":[{"embeddable":true,"href":"https:\/\/www.extensionmania.com\/tienda\/wp-json\/wp\/v2\/comments?post=348"}],"version-history":[{"count":0,"href":"https:\/\/www.extensionmania.com\/tienda\/wp-json\/wp\/v2\/product\/348\/revisions"}],"wp:featuredmedia":[{"embeddable":true,"href":"https:\/\/www.extensionmania.com\/tienda\/wp-json\/wp\/v2\/media\/384"}],"wp:attachment":[{"href":"https:\/\/www.extensionmania.com\/tienda\/wp-json\/wp\/v2\/media?parent=348"}],"wp:term":[{"taxonomy":"product_brand","embeddable":true,"href":"https:\/\/www.extensionmania.com\/tienda\/wp-json\/wp\/v2\/product_brand?post=348"},{"taxonomy":"product_cat","embeddable":true,"href":"https:\/\/www.extensionmania.com\/tienda\/wp-json\/wp\/v2\/product_cat?post=348"},{"taxonomy":"product_tag","embeddable":true,"href":"https:\/\/www.extensionmania.com\/tienda\/wp-json\/wp\/v2\/product_tag?post=348"}],"curies":[{"name":"wp","href":"https:\/\/api.w.org\/{rel}","templated":true}]}}