{"id":346,"date":"2022-04-19T11:26:38","date_gmt":"2022-04-19T11:26:38","guid":{"rendered":"https:\/\/www.extensionmania.com\/?post_type=product&#038;p=346"},"modified":"2026-03-01T23:27:44","modified_gmt":"2026-03-01T22:27:44","slug":"plancha-de-pelo-ghd-platinum-black","status":"publish","type":"product","link":"https:\/\/www.extensionmania.com\/tienda\/producto\/plancha-de-pelo-ghd-platinum-black\/","title":{"rendered":"Plancha Ghd Platinum Negra Hydra"},"content":{"rendered":"<div class=\"w-full text-token-text-primary\" dir=\"auto\" data-testid=\"conversation-turn-63\" data-scroll-anchor=\"false\">\n<div class=\"py-2 px-3 text-base md:px-4 m-auto md:px-5 lg:px-1 xl:px-5\">\n<div class=\"mx-auto flex flex-1 gap-3 text-base juice:gap-4 juice:md:gap-6 md:max-w-3xl lg:max-w-[40rem] xl:max-w-[48rem]\">\n<div class=\"relative flex w-full min-w-0 flex-col agent-turn\">\n<div class=\"flex-col gap-1 md:gap-3\">\n<div class=\"flex flex-grow flex-col max-w-full\">\n<div class=\"min-h-[20px] text-message flex flex-col items-start whitespace-pre-wrap break-words [.text-message+&amp;]:mt-5 overflow-x-auto gap-3\" dir=\"auto\" data-message-author-role=\"assistant\" data-message-id=\"2ae2daed-dabe-4a73-9a04-4e0b8f089c0d\">\n<div class=\"markdown prose w-full break-words dark:prose-invert light\">\n<p><strong>Sum\u00e9rgete en la experiencia \u00fanica que ofrece la plancha Ghd Platinum negra.<\/strong><\/p>\n<p>Esta herramienta inteligente redefine los est\u00e1ndares del peinado al anticipar las necesidades individuales de tu cabello, adapt\u00e1ndose de manera constante para garantizar una temperatura \u00f3ptima de 185\u00baC. Gracias a su innovadora tecnolog\u00eda ultra-zone predictiva, cada secci\u00f3n de cabello es reconocida y atendida con precisi\u00f3n, proporcionando resultados excepcionales en una sola pasada. Las placas flotantes, combinadas con un exclusivo eje que asegura su alineaci\u00f3n perfecta, permiten un deslizamiento suave y sin esfuerzo, mientras que su dise\u00f1o pulido ofrece una m\u00e1xima protecci\u00f3n para tu cabello.<\/p>\n<p>Adem\u00e1s, la Ghd Platinum en negro es vers\u00e1til, ideal para crear desde rizos naturales hasta un alisado perfecto. Con caracter\u00edsticas como el voltaje universal y el modo de desconexi\u00f3n autom\u00e1tico, esta plancha de pelo garantiza seguridad y comodidad en todo momento. Descubre la herramienta definitiva para un cabello m\u00e1s fuerte, con una protecci\u00f3n superior del color y un brillo deslumbrante: la plancha Ghd Platinum negra.<\/p>\n<p>Si este modelo no va contigo, puedes ver otras opciones de <a href=\"https:\/\/www.extensionmania.com\/tienda\/categoria-producto\/ghd\/\">styler Ghd.<\/a><\/p>\n<p><strong>Caracter\u00edsticas Clave:<\/strong><\/p>\n<ul>\n<li>Tecnolog\u00eda predictiva ultra-zone para temperatura homog\u00e9nea.<\/li>\n<li>Eje \u00fanico y exclusivo para alineaci\u00f3n perfecta de placas.<\/li>\n<li>Placas flotantes y pulidas con precisi\u00f3n para un deslizamiento sin esfuerzos.<\/li>\n<li>Protector de placas resistente al calor.<\/li>\n<li>Voltaje universal y modo de desconexi\u00f3n autom\u00e1tico.<\/li>\n<li>Temperatura \u00f3ptima de 185\u00baC para protecci\u00f3n m\u00e1xima del cabello.<\/li>\n<li>V\u00e1lido para <a href=\"https:\/\/www.extensionmania.com\/tienda\/\">extensiones de cabello natural.<\/a><\/li>\n<\/ul>\n<p><strong>El Precio Incluye:<\/strong><\/p>\n<ul>\n<li>Plancha de pelo Ghd Platinum+ en negro.<\/li>\n<li>Protector de placas.<\/li>\n<li>Env\u00edo gratis.<\/li>\n<li>Garant\u00eda de 3 a\u00f1os con GHD.<\/li>\n<\/ul>\n<\/div>\n<\/div>\n<\/div>\n<\/div>\n<\/div>\n<\/div>\n<\/div>\n<\/div>\n<div class=\"w-full text-token-text-primary\" dir=\"auto\" data-testid=\"conversation-turn-64\" data-scroll-anchor=\"false\">\n<div class=\"py-2 px-3 text-base md:px-4 m-auto md:px-5 lg:px-1 xl:px-5\">\n<div class=\"mx-auto flex flex-1 gap-3 text-base juice:gap-4 juice:md:gap-6 md:max-w-3xl lg:max-w-[40rem] xl:max-w-[48rem]\">\n<div class=\"relative flex w-full min-w-0 flex-col\">\n<div class=\"flex-col gap-1 md:gap-3\">\n<div class=\"mt-1 flex gap-3 empty:hidden juice:flex-row-reverse\"><\/div>\n<\/div>\n<\/div>\n<\/div>\n<\/div>\n<\/div>\n<div class=\"w-full text-token-text-primary\" dir=\"auto\" data-testid=\"conversation-turn-65\" data-scroll-anchor=\"true\">\n<div class=\"py-2 px-3 text-base md:px-4 m-auto md:px-5 lg:px-1 xl:px-5\">\n<div class=\"mx-auto flex flex-1 gap-3 text-base juice:gap-4 juice:md:gap-6 md:max-w-3xl lg:max-w-[40rem] xl:max-w-[48rem]\">\n<div class=\"relative flex w-full min-w-0 flex-col agent-turn\">\n<div class=\"flex-col gap-1 md:gap-3\"><\/div>\n<\/div>\n<\/div>\n<\/div>\n<\/div>\n","protected":false},"excerpt":{"rendered":"<p>Sum\u00e9rgete en la experiencia \u00fanica que ofrece la plancha de pelo <strong>Ghd Platinum<\/strong> en negro.<\/p>\n<p>Esta herramienta inteligente redefine los est\u00e1ndares del peinado al anticipar las necesidades individuales de tu cabello, adapt\u00e1ndose de manera constante para garantizar una temperatura \u00f3ptima de 185\u00baC. Gracias a su innovadora tecnolog\u00eda ultra-zone predictiva, cada secci\u00f3n de cabello es reconocida y atendida con precisi\u00f3n, proporcionando resultados excepcionales en una sola pasada. Las placas flotantes, combinadas con un exclusivo eje que asegura su alineaci\u00f3n perfecta, permiten un deslizamiento suave y sin esfuerzo, mientras que su dise\u00f1o pulido ofrece una m\u00e1xima protecci\u00f3n para tu cabello.<\/p>\n","protected":false},"featured_media":103,"comment_status":"open","ping_status":"closed","template":"","meta":[],"product_brand":[],"product_cat":[33,222],"product_tag":[],"class_list":{"0":"post-346","1":"product","2":"type-product","3":"status-publish","4":"has-post-thumbnail","6":"product_cat-ghd","7":"product_cat-planchas-ghd","9":"first","10":"instock","11":"taxable","12":"shipping-taxable","13":"purchasable","14":"product-type-simple"},"_links":{"self":[{"href":"https:\/\/www.extensionmania.com\/tienda\/wp-json\/wp\/v2\/product\/346","targetHints":{"allow":["GET"]}}],"collection":[{"href":"https:\/\/www.extensionmania.com\/tienda\/wp-json\/wp\/v2\/product"}],"about":[{"href":"https:\/\/www.extensionmania.com\/tienda\/wp-json\/wp\/v2\/types\/product"}],"replies":[{"embeddable":true,"href":"https:\/\/www.extensionmania.com\/tienda\/wp-json\/wp\/v2\/comments?post=346"}],"version-history":[{"count":0,"href":"https:\/\/www.extensionmania.com\/tienda\/wp-json\/wp\/v2\/product\/346\/revisions"}],"wp:featuredmedia":[{"embeddable":true,"href":"https:\/\/www.extensionmania.com\/tienda\/wp-json\/wp\/v2\/media\/103"}],"wp:attachment":[{"href":"https:\/\/www.extensionmania.com\/tienda\/wp-json\/wp\/v2\/media?parent=346"}],"wp:term":[{"taxonomy":"product_brand","embeddable":true,"href":"https:\/\/www.extensionmania.com\/tienda\/wp-json\/wp\/v2\/product_brand?post=346"},{"taxonomy":"product_cat","embeddable":true,"href":"https:\/\/www.extensionmania.com\/tienda\/wp-json\/wp\/v2\/product_cat?post=346"},{"taxonomy":"product_tag","embeddable":true,"href":"https:\/\/www.extensionmania.com\/tienda\/wp-json\/wp\/v2\/product_tag?post=346"}],"curies":[{"name":"wp","href":"https:\/\/api.w.org\/{rel}","templated":true}]}}