{"id":11816,"date":"2026-04-29T11:09:56","date_gmt":"2026-04-29T09:09:56","guid":{"rendered":"https:\/\/www.extensionmania.com\/tienda\/?post_type=product&#038;p=11816"},"modified":"2026-05-04T10:25:04","modified_gmt":"2026-05-04T08:25:04","slug":"ghd-set-con-neceser-protector-y-coletero-piel","status":"publish","type":"product","link":"https:\/\/www.extensionmania.com\/tienda\/producto\/ghd-set-con-neceser-protector-y-coletero-piel\/","title":{"rendered":"Ghd set con neceser, protector y coletero piel"},"content":{"rendered":"<p data-start=\"124\" data-end=\"473\">El <strong data-start=\"145\" data-end=\"170\">Style Gift Set de ghd<\/strong> es el kit perfecto para mantener tu melena y tus extensiones de cabello natural siempre protegidas, bonitas y listas en cualquier momento. Este set incluye un <strong data-start=\"313\" data-end=\"367\">mini spray protector t\u00e9rmico ghd Bodyguard (50 ml)<\/strong>, un <strong data-start=\"372\" data-end=\"398\">scrunchie efecto cuero<\/strong> y un <strong data-start=\"404\" data-end=\"430\">neceser negro elegante<\/strong>, ideal para llevar contigo a todas partes.<\/p>\n<p data-start=\"475\" data-end=\"715\">Pensado para mujeres que no renuncian a un cabello impecable, incluso fuera de casa, este pack combina cuidado y estilo en un formato pr\u00e1ctico y sofisticado. Perfecto para retoques r\u00e1pidos o para mantener tu rutina capilar all\u00e1 donde vayas.<\/p>\n<p data-start=\"717\" data-end=\"776\">Un imprescindible tanto para viajes como para el d\u00eda a d\u00eda.<\/p>\n<p data-start=\"783\" data-end=\"800\"><strong data-start=\"783\" data-end=\"798\">Modo de uso<\/strong><\/p>\n<ol data-start=\"801\" data-end=\"1142\">\n<li data-section-id=\"vak772\" data-start=\"801\" data-end=\"933\">Aplica el spray protector t\u00e9rmico sobre el cabello seco o ligeramente h\u00famedo, de medios a puntas (clave si llevas extensiones).<\/li>\n<li data-section-id=\"1ozf25v\" data-start=\"934\" data-end=\"982\">Peina con tu herramienta de calor favorita.<\/li>\n<li data-section-id=\"4tqj2r\" data-start=\"983\" data-end=\"1070\">Recoge o estiliza tu cabello con el scrunchie para un acabado c\u00f3modo y con estilo.<\/li>\n<li data-section-id=\"1bl36bc\" data-start=\"1071\" data-end=\"1142\">Guarda tus imprescindibles en el neceser y ll\u00e9valos siempre contigo.<\/li>\n<\/ol>\n<p data-start=\"1149\" data-end=\"1406\"><strong data-start=\"1149\" data-end=\"1162\">Resultado<\/strong><br data-start=\"1162\" data-end=\"1165\" \/>Cabello protegido frente al calor, m\u00e1s suave, brillante y con un acabado profesional en cualquier lugar. El scrunchie a\u00f1ade un toque trendy sin da\u00f1ar el cabello ni las extensiones, mientras que el neceser mantiene todo organizado con estilo.<\/p>\n","protected":false},"excerpt":{"rendered":"<p>El Style Gift Set de ghd es el kit perfecto para mantener tu melena y tus extensiones de cabello natural siempre protegidas, bonitas y listas en cualquier momento. Este set incluye un mini spray protector t\u00e9rmico ghd Bodyguard (50 ml), un scrunchie efecto cuero y un neceser negro elegante, ideal para llevar contigo a todas [&hellip;]<\/p>\n","protected":false},"featured_media":11823,"comment_status":"open","ping_status":"closed","template":"","meta":[],"product_brand":[],"product_cat":[226,33,43],"product_tag":[],"class_list":{"0":"post-11816","1":"product","2":"type-product","3":"status-publish","4":"has-post-thumbnail","6":"product_cat-accesorios-ghd","7":"product_cat-ghd","8":"product_cat-mas-vendidos","10":"first","11":"instock","12":"taxable","13":"shipping-taxable","14":"purchasable","15":"product-type-simple"},"_links":{"self":[{"href":"https:\/\/www.extensionmania.com\/tienda\/wp-json\/wp\/v2\/product\/11816","targetHints":{"allow":["GET"]}}],"collection":[{"href":"https:\/\/www.extensionmania.com\/tienda\/wp-json\/wp\/v2\/product"}],"about":[{"href":"https:\/\/www.extensionmania.com\/tienda\/wp-json\/wp\/v2\/types\/product"}],"replies":[{"embeddable":true,"href":"https:\/\/www.extensionmania.com\/tienda\/wp-json\/wp\/v2\/comments?post=11816"}],"version-history":[{"count":0,"href":"https:\/\/www.extensionmania.com\/tienda\/wp-json\/wp\/v2\/product\/11816\/revisions"}],"wp:featuredmedia":[{"embeddable":true,"href":"https:\/\/www.extensionmania.com\/tienda\/wp-json\/wp\/v2\/media\/11823"}],"wp:attachment":[{"href":"https:\/\/www.extensionmania.com\/tienda\/wp-json\/wp\/v2\/media?parent=11816"}],"wp:term":[{"taxonomy":"product_brand","embeddable":true,"href":"https:\/\/www.extensionmania.com\/tienda\/wp-json\/wp\/v2\/product_brand?post=11816"},{"taxonomy":"product_cat","embeddable":true,"href":"https:\/\/www.extensionmania.com\/tienda\/wp-json\/wp\/v2\/product_cat?post=11816"},{"taxonomy":"product_tag","embeddable":true,"href":"https:\/\/www.extensionmania.com\/tienda\/wp-json\/wp\/v2\/product_tag?post=11816"}],"curies":[{"name":"wp","href":"https:\/\/api.w.org\/{rel}","templated":true}]}}