{"id":11133,"date":"2026-01-30T14:42:05","date_gmt":"2026-01-30T13:42:05","guid":{"rendered":"https:\/\/www.extensionmania.com\/tienda\/?post_type=product&#038;p=11133"},"modified":"2026-03-01T23:27:44","modified_gmt":"2026-03-01T22:27:44","slug":"ghd-styler-chronos-black","status":"publish","type":"product","link":"https:\/\/www.extensionmania.com\/tienda\/producto\/ghd-styler-chronos-black\/","title":{"rendered":"Ghd styler chronos black"},"content":{"rendered":"<section class=\"elementor-section elementor-top-section elementor-element elementor-element-687158d0 elementor-reverse-mobile elementor-section-boxed elementor-section-height-default elementor-section-height-default\" data-id=\"687158d0\" data-element_type=\"section\">\n<div class=\"elementor-container elementor-column-gap-wide\">\n<div class=\"elementor-column elementor-col-100 elementor-top-column elementor-element elementor-element-20efc729\" data-id=\"20efc729\" data-element_type=\"column\">\n<div class=\"elementor-widget-wrap elementor-element-populated\">\n<div class=\"elementor-element elementor-element-269db92 elementor-widget elementor-widget-woocommerce-product-data-tabs\" data-id=\"269db92\" data-element_type=\"widget\" data-widget_type=\"woocommerce-product-data-tabs.default\">\n<div class=\"elementor-widget-container\">\n<div class=\"woocommerce-tabs wc-tabs-wrapper\">\n<div id=\"tab-description\" class=\"woocommerce-Tabs-panel woocommerce-Tabs-panel--description panel entry-content wc-tab\" role=\"tabpanel\" aria-labelledby=\"tab-title-description\">\n<h3 data-start=\"168\" data-end=\"258\">Plancha de Pelo ghd Chronos \u2013 Alisado y peinados de alta definici\u00f3n en una sola pasada<\/h3>\n<p data-start=\"260\" data-end=\"665\">La <strong data-start=\"263\" data-end=\"278\">ghd Chronos<\/strong> es la styler m\u00e1s avanzada y premiada de ghd hasta la fecha. Dise\u00f1ada para ofrecer resultados profesionales de larga duraci\u00f3n, incorpora la innovadora <strong data-start=\"429\" data-end=\"465\">tecnolog\u00eda HD motion-responsive\u2122<\/strong>, que se adapta a tus movimientos para garantizar un peinado ultrarr\u00e1pido, preciso y personalizado desde la primera pasada. Apta para todo tipo de cabello y v\u00e1lida para extensiones de cabello natural.<\/p>\n<p data-start=\"667\" data-end=\"1008\">Gracias a su control inteligente del calor, mantiene de forma constante la <strong data-start=\"742\" data-end=\"773\">temperatura \u00f3ptima de 185\u00baC<\/strong>, logrando peinados que duran hasta <strong data-start=\"809\" data-end=\"821\">24 horas<\/strong>, con mayor protecci\u00f3n frente a la rotura y sin calor extremo. Su dise\u00f1o redondeado y ultraergon\u00f3mico permite crear alisados perfectos, ondas suaves o rizos definidos con total facilidad.<\/p>\n<p data-start=\"1010\" data-end=\"1336\">Las placas cer\u00e1micas de alto rendimiento con acabado ultrabrillante proporcionan un deslizamiento suave y sin tirones, reduciendo el encrespamiento y aportando hasta un <strong data-start=\"1179\" data-end=\"1200\">85% m\u00e1s de brillo<\/strong>. Adem\u00e1s, su nuevo eje redise\u00f1ado mantiene las placas perfectamente alineadas para un control m\u00e1ximo y un acabado impecable en cada uso. V\u00e1lido para\u00a0<a href=\"https:\/\/www.extensionmania.com\/tienda\/\">extensiones de cabello natural.<\/a><\/p>\n<p data-start=\"1338\" data-end=\"1466\">Para una mayor seguridad, la ghd Chronos incorpora <strong data-start=\"1389\" data-end=\"1422\">modo de suspensi\u00f3n autom\u00e1tico<\/strong>, apag\u00e1ndose tras 10 minutos de inactividad.<\/p>\n<p data-start=\"1468\" data-end=\"1494\"><strong data-start=\"1468\" data-end=\"1494\">Caracter\u00edsticas clave:<\/strong><\/p>\n<ul data-start=\"1496\" data-end=\"2228\">\n<li data-start=\"1496\" data-end=\"1582\">\n<p data-start=\"1498\" data-end=\"1582\">Tecnolog\u00eda <strong data-start=\"1509\" data-end=\"1534\">HD motion-responsive\u2122<\/strong> para un peinado personalizado y ultrarr\u00e1pido.<\/p>\n<\/li>\n<li data-start=\"1583\" data-end=\"1653\">\n<p data-start=\"1585\" data-end=\"1653\">Temperatura constante y \u00f3ptima de <strong data-start=\"1619\" data-end=\"1628\">185\u00baC<\/strong>, sin da\u00f1ar el cabello.<\/p>\n<\/li>\n<li data-start=\"1654\" data-end=\"1736\">\n<p data-start=\"1656\" data-end=\"1736\">Placas cer\u00e1micas ultrabrillantes con deslizamiento suave y sin encrespamiento.<\/p>\n<\/li>\n<li data-start=\"1737\" data-end=\"1801\">\n<p data-start=\"1739\" data-end=\"1801\">Hasta <strong data-start=\"1745\" data-end=\"1766\">85% m\u00e1s de brillo<\/strong> y resultados de alta definici\u00f3n.<\/p>\n<\/li>\n<li data-start=\"1802\" data-end=\"1844\">\n<p data-start=\"1804\" data-end=\"1844\">Peinados duraderos hasta <strong data-start=\"1829\" data-end=\"1841\">24 horas<\/strong>.<\/p>\n<\/li>\n<li data-start=\"1845\" data-end=\"1909\">\n<p data-start=\"1847\" data-end=\"1909\">Dise\u00f1o redondeado y ergon\u00f3mico para alisar, ondular o rizar.<\/p>\n<\/li>\n<li data-start=\"1910\" data-end=\"1961\">\n<p data-start=\"1912\" data-end=\"1961\">Calentamiento r\u00e1pido: lista en <strong data-start=\"1943\" data-end=\"1958\">20 segundos<\/strong>.<\/p>\n<\/li>\n<li data-start=\"1962\" data-end=\"2027\">\n<p data-start=\"1964\" data-end=\"2027\">Interfaz moderna con <strong data-start=\"1985\" data-end=\"1999\">anillo LED<\/strong> indicador de temperatura.<\/p>\n<\/li>\n<li data-start=\"2028\" data-end=\"2084\">\n<p data-start=\"2030\" data-end=\"2084\">Nuevo eje redise\u00f1ado para mayor control y precisi\u00f3n.<\/p>\n<\/li>\n<li data-start=\"2085\" data-end=\"2150\">\n<p data-start=\"2087\" data-end=\"2150\">Cable profesional giratorio de <strong data-start=\"2118\" data-end=\"2127\">2,7 m<\/strong> con enchufe europeo.<\/p>\n<\/li>\n<li data-start=\"2151\" data-end=\"2202\">\n<p data-start=\"2153\" data-end=\"2202\"><strong data-start=\"2153\" data-end=\"2183\">Modo suspensi\u00f3n autom\u00e1tico<\/strong> tras 10 minutos.<\/p>\n<\/li>\n<li data-start=\"2203\" data-end=\"2228\">\n<p data-start=\"2205\" data-end=\"2228\"><strong data-start=\"2205\" data-end=\"2227\">3 a\u00f1os de garant\u00eda<\/strong>.<\/p>\n<\/li>\n<\/ul>\n<p data-start=\"2230\" data-end=\"2379\">Con la <strong data-start=\"2237\" data-end=\"2252\">ghd Chronos<\/strong>, consigue resultados de sal\u00f3n en casa con un solo gesto: m\u00e1s brillo, m\u00e1s control y peinados impecables que duran todo el d\u00eda<\/p>\n<\/div>\n<\/div>\n<\/div>\n<\/div>\n<\/div>\n<\/div>\n<\/div>\n<\/section>\n","protected":false},"excerpt":{"rendered":"<h3 data-start=\"101\" data-end=\"178\">Plancha de Pelo ghd Chronos \u2013 Resultados profesionales en una sola pasada<\/h3>\n<p data-start=\"180\" data-end=\"475\">La <strong data-start=\"183\" data-end=\"198\">ghd Chronos<\/strong> es la styler m\u00e1s avanzada de ghd, dise\u00f1ada para lograr peinados de alta definici\u00f3n de forma ultrarr\u00e1pida. Su tecnolog\u00eda <strong data-start=\"319\" data-end=\"344\">HD motion-responsive\u2122<\/strong> se adapta a tus movimientos y mantiene la temperatura \u00f3ptima de <strong data-start=\"409\" data-end=\"418\">185\u00baC<\/strong>, consiguiendo resultados duraderos sin da\u00f1ar el cabello.<\/p>\n<p data-start=\"477\" data-end=\"693\">Gracias a sus placas cer\u00e1micas ultrabrillantes, aporta hasta un <strong data-start=\"541\" data-end=\"562\">85% m\u00e1s de brillo<\/strong>, reduce el encrespamiento y permite alisar, ondular o rizar con facilidad. Apta para todo tipo de cabello y extensiones naturales.<\/p>\n","protected":false},"featured_media":11201,"comment_status":"open","ping_status":"closed","template":"","meta":[],"product_brand":[],"product_cat":[33,222],"product_tag":[],"class_list":{"0":"post-11133","1":"product","2":"type-product","3":"status-publish","4":"has-post-thumbnail","6":"product_cat-ghd","7":"product_cat-planchas-ghd","9":"first","10":"instock","11":"taxable","12":"shipping-taxable","13":"purchasable","14":"product-type-simple"},"_links":{"self":[{"href":"https:\/\/www.extensionmania.com\/tienda\/wp-json\/wp\/v2\/product\/11133","targetHints":{"allow":["GET"]}}],"collection":[{"href":"https:\/\/www.extensionmania.com\/tienda\/wp-json\/wp\/v2\/product"}],"about":[{"href":"https:\/\/www.extensionmania.com\/tienda\/wp-json\/wp\/v2\/types\/product"}],"replies":[{"embeddable":true,"href":"https:\/\/www.extensionmania.com\/tienda\/wp-json\/wp\/v2\/comments?post=11133"}],"version-history":[{"count":0,"href":"https:\/\/www.extensionmania.com\/tienda\/wp-json\/wp\/v2\/product\/11133\/revisions"}],"wp:featuredmedia":[{"embeddable":true,"href":"https:\/\/www.extensionmania.com\/tienda\/wp-json\/wp\/v2\/media\/11201"}],"wp:attachment":[{"href":"https:\/\/www.extensionmania.com\/tienda\/wp-json\/wp\/v2\/media?parent=11133"}],"wp:term":[{"taxonomy":"product_brand","embeddable":true,"href":"https:\/\/www.extensionmania.com\/tienda\/wp-json\/wp\/v2\/product_brand?post=11133"},{"taxonomy":"product_cat","embeddable":true,"href":"https:\/\/www.extensionmania.com\/tienda\/wp-json\/wp\/v2\/product_cat?post=11133"},{"taxonomy":"product_tag","embeddable":true,"href":"https:\/\/www.extensionmania.com\/tienda\/wp-json\/wp\/v2\/product_tag?post=11133"}],"curies":[{"name":"wp","href":"https:\/\/api.w.org\/{rel}","templated":true}]}}