{"id":11092,"date":"2026-01-27T12:54:17","date_gmt":"2026-01-27T11:54:17","guid":{"rendered":"https:\/\/www.extensionmania.com\/tienda\/?post_type=product&#038;p=11092"},"modified":"2026-02-11T14:54:54","modified_gmt":"2026-02-11T13:54:54","slug":"ghd-tenacilla-chronos-curve-grand","status":"publish","type":"product","link":"https:\/\/www.extensionmania.com\/tienda\/producto\/ghd-tenacilla-chronos-curve-grand\/","title":{"rendered":"Ghd tenacilla chronos curve grand"},"content":{"rendered":"<h3 data-start=\"200\" data-end=\"277\">Tenacilla ghd Chronos Curve Grand \u2013 Rizos grandes con volumen y brillo HD<\/h3>\n<p data-start=\"279\" data-end=\"633\">La <strong data-start=\"282\" data-end=\"319\">tenacilla ghd Chronos Curve Grand<\/strong> est\u00e1 dise\u00f1ada para crear <strong data-start=\"345\" data-end=\"387\">rizos grandes, definidos y con volumen<\/strong>, con un acabado brillante y profesional en cuesti\u00f3n de minutos. Su <strong data-start=\"455\" data-end=\"480\">barril ancho de 32 mm<\/strong> permite conseguir ondas glam y rizos voluminosos de forma r\u00e1pida, uniforme y sin esfuerzo, ideales tanto para looks sofisticados como para el d\u00eda a d\u00eda.<\/p>\n<p data-start=\"635\" data-end=\"948\">Gracias a la innovadora <strong data-start=\"659\" data-end=\"690\">tecnolog\u00eda Curl Responsive\u2122<\/strong>, la herramienta se adapta a tu forma de peinar, manteniendo una <strong data-start=\"755\" data-end=\"799\">temperatura constante y \u00f3ptima de 185 \u00b0C<\/strong> en todo el barril. Esto garantiza resultados suaves desde la ra\u00edz hasta las puntas, sin da\u00f1os extremos por calor y con un control total del peinado. V\u00e1lido para <a href=\"https:\/\/www.extensionmania.com\/tienda\/\">extensiones de cabello natural<\/a>.<\/p>\n<p data-start=\"950\" data-end=\"1258\">El <strong data-start=\"953\" data-end=\"1011\">barril de alto rendimiento con revestimiento anodizado<\/strong> ofrece un deslizamiento fluido y preciso, ayudando a reducir el encrespamiento y aportando <strong data-start=\"1103\" data-end=\"1128\">m\u00e1s suavidad y brillo<\/strong> en cada rizo. El resultado: rizos definidos, voluminosos y duraderos que se mantienen intactos incluso horas despu\u00e9s del peinado.<\/p>\n<p data-start=\"1260\" data-end=\"1286\"><strong data-start=\"1260\" data-end=\"1286\">Caracter\u00edsticas clave:<\/strong><\/p>\n<ul data-start=\"1288\" data-end=\"1827\">\n<li data-start=\"1288\" data-end=\"1356\">\n<p data-start=\"1290\" data-end=\"1356\">Barril profesional de <strong data-start=\"1312\" data-end=\"1321\">32 mm<\/strong> para rizos grandes y voluminosos<\/p>\n<\/li>\n<li data-start=\"1357\" data-end=\"1429\">\n<p data-start=\"1359\" data-end=\"1429\"><strong data-start=\"1359\" data-end=\"1390\">Tecnolog\u00eda Curl Responsive\u2122<\/strong> para un calor inteligente y uniforme<\/p>\n<\/li>\n<li data-start=\"1430\" data-end=\"1476\">\n<p data-start=\"1432\" data-end=\"1476\"><strong data-start=\"1432\" data-end=\"1474\">Temperatura \u00f3ptima constante de 185 \u00b0C<\/strong><\/p>\n<\/li>\n<li data-start=\"1477\" data-end=\"1542\">\n<p data-start=\"1479\" data-end=\"1542\">Revestimiento anodizado para mayor control, suavidad y brillo<\/p>\n<\/li>\n<li data-start=\"1543\" data-end=\"1602\">\n<p data-start=\"1545\" data-end=\"1602\">Rizos definidos, sin encrespamiento y de larga duraci\u00f3n<\/p>\n<\/li>\n<li data-start=\"1603\" data-end=\"1654\">\n<p data-start=\"1605\" data-end=\"1654\"><strong data-start=\"1605\" data-end=\"1652\">Punta fr\u00eda y soporte de seguridad integrado<\/strong><\/p>\n<\/li>\n<li data-start=\"1655\" data-end=\"1712\">\n<p data-start=\"1657\" data-end=\"1712\"><strong data-start=\"1657\" data-end=\"1695\">Apagado autom\u00e1tico tras 30 minutos<\/strong> de inactividad<\/p>\n<\/li>\n<li data-start=\"1713\" data-end=\"1757\">\n<p data-start=\"1715\" data-end=\"1757\"><strong data-start=\"1715\" data-end=\"1755\">Cable profesional giratorio de 2,7 m<\/strong><\/p>\n<\/li>\n<li data-start=\"1758\" data-end=\"1802\">\n<p data-start=\"1760\" data-end=\"1802\"><strong data-start=\"1760\" data-end=\"1781\">Voltaje universal<\/strong>, ideal para viajar<\/p>\n<\/li>\n<li data-start=\"1803\" data-end=\"1827\">\n<p data-start=\"1805\" data-end=\"1827\"><strong data-start=\"1805\" data-end=\"1827\">3 a\u00f1os de garant\u00eda<\/strong><\/p>\n<\/li>\n<\/ul>\n<p data-start=\"1829\" data-end=\"1988\">Con la <strong data-start=\"1836\" data-end=\"1863\">ghd Chronos Curve Grand<\/strong>, elevar\u00e1s tus peinados a otro nivel con <strong data-start=\"1904\" data-end=\"1957\">rizos HD, volumen duradero y un acabado impecable<\/strong>, como reci\u00e9n salida del sal\u00f3n.<\/p>\n","protected":false},"excerpt":{"rendered":"<p data-start=\"279\" data-end=\"633\">La <strong data-start=\"282\" data-end=\"319\">tenacilla ghd Chronos Curve Grand<\/strong> est\u00e1 dise\u00f1ada para crear <strong data-start=\"345\" data-end=\"387\">rizos grandes, definidos y con volumen<\/strong>, con un acabado brillante y profesional en cuesti\u00f3n de minutos. Su <strong data-start=\"455\" data-end=\"480\">barril ancho de 32 mm<\/strong> permite conseguir ondas glam y rizos voluminosos de forma r\u00e1pida, uniforme y sin esfuerzo, ideales tanto para looks sofisticados como para el d\u00eda a d\u00eda.<\/p>\n<p data-start=\"635\" data-end=\"948\">\n","protected":false},"featured_media":11098,"comment_status":"open","ping_status":"closed","template":"","meta":[],"product_brand":[],"product_cat":[33,224],"product_tag":[],"class_list":{"0":"post-11092","1":"product","2":"type-product","3":"status-publish","4":"has-post-thumbnail","6":"product_cat-ghd","7":"product_cat-rizadores-ghd","9":"first","10":"instock","11":"taxable","12":"shipping-taxable","13":"purchasable","14":"product-type-simple"},"_links":{"self":[{"href":"https:\/\/www.extensionmania.com\/tienda\/wp-json\/wp\/v2\/product\/11092","targetHints":{"allow":["GET"]}}],"collection":[{"href":"https:\/\/www.extensionmania.com\/tienda\/wp-json\/wp\/v2\/product"}],"about":[{"href":"https:\/\/www.extensionmania.com\/tienda\/wp-json\/wp\/v2\/types\/product"}],"replies":[{"embeddable":true,"href":"https:\/\/www.extensionmania.com\/tienda\/wp-json\/wp\/v2\/comments?post=11092"}],"version-history":[{"count":0,"href":"https:\/\/www.extensionmania.com\/tienda\/wp-json\/wp\/v2\/product\/11092\/revisions"}],"wp:featuredmedia":[{"embeddable":true,"href":"https:\/\/www.extensionmania.com\/tienda\/wp-json\/wp\/v2\/media\/11098"}],"wp:attachment":[{"href":"https:\/\/www.extensionmania.com\/tienda\/wp-json\/wp\/v2\/media?parent=11092"}],"wp:term":[{"taxonomy":"product_brand","embeddable":true,"href":"https:\/\/www.extensionmania.com\/tienda\/wp-json\/wp\/v2\/product_brand?post=11092"},{"taxonomy":"product_cat","embeddable":true,"href":"https:\/\/www.extensionmania.com\/tienda\/wp-json\/wp\/v2\/product_cat?post=11092"},{"taxonomy":"product_tag","embeddable":true,"href":"https:\/\/www.extensionmania.com\/tienda\/wp-json\/wp\/v2\/product_tag?post=11092"}],"curies":[{"name":"wp","href":"https:\/\/api.w.org\/{rel}","templated":true}]}}