{"id":1647,"date":"2022-11-07T13:39:42","date_gmt":"2022-11-07T12:39:42","guid":{"rendered":"https:\/\/www.extensionmania.com\/?page_id=1647"},"modified":"2022-11-07T13:39:42","modified_gmt":"2022-11-07T12:39:42","slug":"terminos-y-condiciones","status":"publish","type":"page","link":"https:\/\/www.extensionmania.com\/tienda\/terminos-y-condiciones\/","title":{"rendered":"T\u00e9rminos y condiciones"},"content":{"rendered":"\n<h1 class=\"wp-block-heading\">T\u00e9rminos y Condiciones de Venta<\/h1>\n\n\n\n<p>Este documento contractual regir\u00e1 las Condiciones de venta (en adelante, \u00abCondiciones\u00bb) a trav\u00e9s del sitio web extensionmania.com, propiedad de EXTENSIONMANIA, S.L., en adelante, EXTENSIONmania, cuyos datos de contacto figuran tambi\u00e9n en el Aviso Legal de esta Web.<\/p>\n\n\n\n<p>Estas Condiciones podr\u00e1n ser modificadas en cualquier momento. Es responsabilidad del Usuario leerlas peri\u00f3dicamente, ya que resultar\u00e1n aplicables aquellas que se encuentren vigentes en el momento de realizaci\u00f3n de pedidos.<\/p>\n\n\n\n<p>Los contratos no estar\u00e1n sujetos a formalidad alguna con excepci\u00f3n de los supuestos expresamente se\u00f1alados en los C\u00f3digos Civil y de Comercio y en esta o en otras leyes especiales.<\/p>\n\n\n\n<p><strong>La aceptaci\u00f3n de este documento conlleva que el Usuario:<\/strong><\/p>\n\n\n\n<ul class=\"wp-block-list\">\n<li>Ha le\u00eddo, entiende y comprende lo aqu\u00ed expuesto.<\/li>\n\n\n\n<li>Es una persona con capacidad suficiente para contratar.<\/li>\n\n\n\n<li>Asume todas las obligaciones aqu\u00ed dispuestas.<\/li>\n<\/ul>\n\n\n\n<p>Estas condiciones tendr\u00e1n un per\u00edodo de validez indefinido y ser\u00e1n aplicables a todas las contrataciones realizadas a trav\u00e9s del sitio web de EXTENSIONmania.<\/p>\n\n\n\n<p><strong>Prestador del servicio<\/strong><\/p>\n\n\n\n<ul class=\"wp-block-list\">\n<li>Denominaci\u00f3n social: EXTENSIONMANIA, S.L.<\/li>\n\n\n\n<li>Nombre comercial: EXTENSIONmania<\/li>\n\n\n\n<li>CIF: B84634468<\/li>\n\n\n\n<li>Domicilio: Paseo de la Estaci\u00f3n 27, 28904 Getafe, Madrid, Espa\u00f1a<\/li>\n\n\n\n<li>Tel\u00e9fono: 914 734 725<\/li>\n\n\n\n<li>e-mail: info@extensionmania.com<\/li>\n\n\n\n<li>Datos registrales: Inscrita en el Registro Mercantil de Madrid, Tomo 22, Libro 0, folio 19, secci\u00f3n 8, Hoja M-403098, Inscripci\u00f3n 1\u00ba<\/li>\n<\/ul>\n\n\n\n<p><strong>Objeto del contrato<\/strong><\/p>\n\n\n\n<p>El presente contrato tiene por objeto regular la relaci\u00f3n contractual de compraventa nacida entre el EXTENSIONmania y el Usuario en el momento en que este acepta durante el proceso de contrataci\u00f3n en l\u00ednea la casilla correspondiente.<\/p>\n\n\n\n<p>La relaci\u00f3n contractual de compraventa conlleva la entrega, a cambio de un precio determinado y p\u00fablicamente expuesto a trav\u00e9s del sitio web, de un producto o servicio concreto.<\/p>\n\n\n\n<p><strong>Procedimiento de contrataci\u00f3n<\/strong><\/p>\n\n\n\n<p>El Usuario, para poder acceder a los productos que ofrece EXTENSIONmania, deber\u00e1 ser mayor de edad y darse de alta a trav\u00e9s del sitio web mediante la creaci\u00f3n de una cuenta de usuario. Por ello, el Usuario deber\u00e1 proporcionar de manera libre y voluntaria los datos personales que se le requerir\u00e1n, los cuales se tratar\u00e1n de conformidad con lo dispuesto en el Reglamento General (UE) 2016\/679, de protecci\u00f3n de datos (GDPR), y en la Ley Org\u00e1nica 3\/2018, de protecci\u00f3n de datos y garant\u00eda de los derechos digitales (LOPDGDD), y detallada en el Aviso legal y en la Pol\u00edtica de privacidad.<\/p>\n\n\n\n<p>El Usuario seleccionar\u00e1 un nombre de usuario y una contrase\u00f1a, comprometi\u00e9ndose a hacer un uso diligente de los mismos y a no ponerlos a disposici\u00f3n de terceros, as\u00ed como a comunicar a EXTENSIONmania la p\u00e9rdida o robo de los mismos o el posible acceso por un tercero no autorizado, de manera que este proceda al bloqueo inmediato.<\/p>\n\n\n\n<p>Una vez ha sido creada la cuenta de usuario, se informa de que conforme a lo que exige el art\u00edculo 27, de la Ley 34\/2002, de Servicios de la Sociedad de la Informaci\u00f3n y del Comercio Electr\u00f3nico (LSSICE), el procedimiento de contrataci\u00f3n seguir\u00e1 los siguientes pasos:<\/p>\n\n\n\n<ul class=\"wp-block-list\">\n<li>Cl\u00e1usulas generales de contrataci\u00f3n.<\/li>\n\n\n\n<li>Env\u00edo de pedidos.<\/li>\n\n\n\n<li>Derecho de desistimiento.<\/li>\n\n\n\n<li>Reclamaciones.<\/li>\n\n\n\n<li>Fuerza mayor.<\/li>\n\n\n\n<li>Competencia.<\/li>\n\n\n\n<li>Generalidades de la oferta.<\/li>\n\n\n\n<li>Precio y plazo de validez de la oferta.<\/li>\n\n\n\n<li>Gastos de transporte.<\/li>\n\n\n\n<li>Forma de pago, gastos y descuentos.<\/li>\n\n\n\n<li>Proceso de compra.<\/li>\n\n\n\n<li>Garant\u00edas aplicables.<\/li>\n\n\n\n<li>Garant\u00edas y devoluciones.<\/li>\n\n\n\n<li>Ley aplicable y jurisdicci\u00f3n.<\/li>\n<\/ul>\n\n\n\n<p><strong>1. CL\u00c1USULAS GENERALES DE CONTRATACI\u00d3N<\/strong><\/p>\n\n\n\n<p>Salvo estipulaci\u00f3n particular por escrito, la realizaci\u00f3n de un pedido a EXTENSIONmania supondr\u00e1 la aceptaci\u00f3n por parte del Usuario de estas condiciones legales.<\/p>\n\n\n\n<p><strong>2. ENV\u00cdO DE PEDIDOS<\/strong><\/p>\n\n\n\n<p>EXTENSIONmania no enviar\u00e1 ning\u00fan pedido o activar\u00e1 ning\u00fan servicio hasta que haya comprobado que se ha realizado el pago.<\/p>\n\n\n\n<p>Los env\u00edos de mercanc\u00edas se har\u00e1n mediante la agencia de transporte GLS.<\/p>\n\n\n\n<p>El plazo de entrega suele estar comprendido entre 24 y 72 horas, seg\u00fan la poblaci\u00f3n de destino y la forma de pago elegida. Se entiende este t\u00e9rmino siempre que se haya confirmado la disponibilidad de la mercanc\u00eda y comprobado el pago completo del pedido.<\/p>\n\n\n\n<p>EXTENSIONmania no asumir\u00e1 ninguna responsabilidad cuando la entrega del producto o servicio no llegue a realizarse, por ser los datos facilitados por el Usuario, falsos, inexactos o incompletos.<\/p>\n\n\n\n<p>La entrega se considerar\u00e1 realizada en el momento en que el transportista haya puesto los productos a disposici\u00f3n del Usuario y este, o el delegado de este, haya firmado el documento de recepci\u00f3n de la entrega.<\/p>\n\n\n\n<p>Corresponde al Usuario verificar los productos a la recepci\u00f3n y exponer todas las salvedades y reclamaciones que puedan estar justificadas en el documento de recepci\u00f3n de la entrega.<\/p>\n\n\n\n<p><strong>3. DERECHO DE DESISTIMIENTO<\/strong><\/p>\n\n\n\n<p>El Usuario tiene los mismos derechos y plazos para proceder a realizar la devoluci\u00f3n y\/o reclamar los posibles vicios o defectos que presente el producto o servicio.<\/p>\n\n\n\n<p>El Usuario dispone de un plazo de catorce d\u00edas naturales, contados a partir de la fecha de recepci\u00f3n del producto, para la devoluci\u00f3n del mismo (art\u00edculo 71, de la Ley 3\/2014). Salvo que la devoluci\u00f3n se realice por defectos en el producto, los gastos relativos al env\u00edo ser\u00e1n asumidos por parte del Usuario. El producto deber\u00e1 devolverse en su embalaje original y en perfecto estado y, en caso de prestaci\u00f3n de un servicio, desde el mismo d\u00eda de activaci\u00f3n y\/o descarga del mismo.<\/p>\n\n\n\n<p>El derecho de desistimiento no podr\u00e1 aplicarse en los siguientes casos:<\/p>\n\n\n\n<ul class=\"wp-block-list\">\n<li>Si el producto no se presenta en perfectas condiciones.<\/li>\n\n\n\n<li>Si los embalajes del producto no son los originales o estos no se encuentran en perfecto estado. El embalaje original deber\u00e1 proteger el producto de manera que se reciba en perfectas condiciones, quedando prohibido el uso de precintos y cintas adhesivas aplicados directamente sobre el mismo.<\/li>\n\n\n\n<li>Cuando el producto est\u00e9 abierto sin poderse demostrar que no se haya usado.<\/li>\n\n\n\n<li>Cuando sean productos personalizados o aquellos que, por razones de higiene u otras excepciones legalmente previstas en el art\u00edculo 103, de la Ley 3\/2014.<\/li>\n<\/ul>\n\n\n\n<p>Para la devoluci\u00f3n de cualquier producto el Usuario podr\u00e1 hacerlo a trav\u00e9s de nuestra empresa de mensajer\u00eda, con un coste de 5 euros, pero para ello tendr\u00e1 que contactar previamente con nuestro departamento de atenci\u00f3n al cliente en info@extensionmania.com. Tambi\u00e9n lo podr\u00e1 hacer devolvi\u00e9ndolo por su propia cuenta.<\/p>\n\n\n\n<p><strong>4. RECLAMACIONES<\/strong><\/p>\n\n\n\n<p>Cualquier reclamaci\u00f3n que el usuario considere oportuna ser\u00e1 atendida en la menor brevedad posible, pudi\u00e9ndose realizar en las siguientes direcciones de contacto:<\/p>\n\n\n\n<p>Postal: P\u00ba de la Estaci\u00f3n, 27, 28904 Getafe (Madrid)<\/p>\n\n\n\n<p>Tel\u00e9fono: 914 734 725<\/p>\n\n\n\n<p>Mail: info@extensionmania.com<\/p>\n\n\n\n<p><strong>5. FUERZA MAYOR<\/strong><\/p>\n\n\n\n<p>Las partes no incurrir\u00e1n en responsabilidad ante cualquier falta debida a causa mayor. El cumplimiento de la obligaci\u00f3n se demorar\u00e1 hasta el cese del caso de fuerza mayor.<\/p>\n\n\n\n<p><strong>6. COMPETENCIA<\/strong><\/p>\n\n\n\n<p>El Usuario no podr\u00e1 ceder, transferir o transmitir los derechos, responsabilidades y obligaciones contratados en la venta.<\/p>\n\n\n\n<p>Si alguna estipulaci\u00f3n de estas condiciones fuera considerada nula o de imposible cumplimiento, la validez, legalidad y cumplimiento del resto no se ver\u00e1n afectados de ninguna manera, ni sufrir\u00e1n modificaci\u00f3n de ning\u00fan modo.<\/p>\n\n\n\n<p><strong>7. GENERALIDADES DE LA OFERTA<\/strong><\/p>\n\n\n\n<p>Todas las ventas y entregas efectuadas por EXTENSIONmania se entender\u00e1n sometidas a las presentes Condiciones.<\/p>\n\n\n\n<p>Ninguna modificaci\u00f3n, alteraci\u00f3n o pacto contrario a la Propuesta Comercial de EXTENSIONmania o a lo aqu\u00ed estipulado, tendr\u00e1 efecto, salvo pacto expreso por escrito firmado por EXTENSIONmania, en este caso, estos pactos particulares prevalecer\u00e1n.<\/p>\n\n\n\n<p>Dados los continuos avances t\u00e9cnicos y mejoras de los productos, EXTENSIONmania se reserva la facultad de modificar sus especificaciones respecto de la informaci\u00f3n facilitada en su publicidad, hasta que no afecte el valor de los productos ofrecidos. Estas modificaciones tendr\u00e1n asimismo validez en caso de que, por cualquier causa, se viera afectada la posibilidad de suministro de los productos ofrecidos.<\/p>\n\n\n\n<p><strong>8. PRECIO Y PLAZO DE VALIDEZ DE LA OFERTA<\/strong><\/p>\n\n\n\n<p>Los precios que se indican respecto de cada producto incluyen el Impuesto sobre el Valor A\u00f1adido (IVA) u otros impuestos que pudieran ser aplicables.<\/p>\n\n\n\n<p>Los precios aplicables a cada producto son los publicados en el sitio web. El usuario asume que la valoraci\u00f3n econ\u00f3mica de algunos de los productos podr\u00e1 variar en tiempo real.<\/p>\n\n\n\n<p>Antes de realizar la compra podr\u00e1 comprobar en l\u00ednea todos los detalles del presupuesto: art\u00edculos, cantidades, precio, disponibilidad, gastos de transporte, cargos, descuentos, impuestos y el total de la compra. Los precios pueden cambiar diariamente mientras no se realice el pedido.<\/p>\n\n\n\n<p>Todo pago realizado a EXTENSIONmania conlleva la emisi\u00f3n de una factura a nombre del usuario registrado o de la raz\u00f3n social que este haya informado en el momento de realizar el pedido. Esta factura se enviar\u00e1 junto con el producto adquirido, as\u00ed como en PDF a la direcci\u00f3n de correo electr\u00f3nico proporcionada por el usuario.<\/p>\n\n\n\n<p>Para cualquier informaci\u00f3n sobre el pedido, el usuario podr\u00e1 contactar v\u00eda correo electr\u00f3nico a la direcci\u00f3n info@extensionmania.com.<\/p>\n\n\n\n<p><strong>9. GASTOS DE ENV\u00cdO<\/strong><\/p>\n\n\n\n<p>Los precios no incluyen gastos de env\u00edo a pen\u00ednsula en compras inferiores a 20 euros, pagando un recargo de 3 euros, en este caso. El env\u00edo a Baleares tiene un coste de 18,15\u20ac y al resto de Europa tiene un coste de 25,50\u20ac. No se realizan env\u00edos a Canarias, Ceuta, Melilla y Andorra. Otras nacionalidades contactar con info@extensionmania.com.<\/p>\n\n\n\n<p><strong>10. FORMAS DE PAGO<\/strong><\/p>\n\n\n\n<p><strong>Pago con tarjeta de cr\u00e9dito: <\/strong>El Usuario que seleccione este m\u00e9todo de pago durante el proceso de compra ser\u00e1 directamente redirigido a la p\u00e1gina web de la entidad bancaria con la que colabora EXTENSIONmania. Los datos relativos a la tarjeta de cr\u00e9dito del Usuario introducidos en la p\u00e1gina web de la entidad bancaria son enviados directamente a dicha entidad mediante un protocolo seguro (HTTPS), sin que EXTENSIONmania pueda tener almacenado ni trate dichos datos.<\/p>\n\n\n\n<p>El importe de los Productos adquiridos por el Usuario ser\u00e1 cargado en la tarjeta de cr\u00e9dito que \u00e9ste hubiese indicado en el momento en que \u00e9ste seleccione la opci\u00f3n \u00abPagar\u00bb en la p\u00e1gina web de la entidad bancaria correspondiente.<\/p>\n\n\n\n<p>Por motivos de seguridad, EXTENSIONmania se reserva el derecho a rechazar y\/o cancelar cualquier operaci\u00f3n de compra cuyo pago se hubiera realizado mediante el sistema de tarjeta de cr\u00e9dito. En este caso, EXTENSIONmania comunicar\u00e1 este hecho al Usuario y le reintegrar\u00e1 el importe total de la compra en la tarjeta de cr\u00e9dito utilizada por el Usuario en el proceso de compra, en un plazo m\u00e1ximo de 15 d\u00edas a contar desde el momento en que el Usuario efect\u00fao el pago. Asimismo, EXTENSIONmania podr\u00e1 indicar al Usuario un sistema alternativo de pago mediante el cual \u00e9ste pueda adquirir los Productos.<\/p>\n\n\n\n<p><strong>Pago Contrareembolso (Disponible \u00fanicamente en la Pen\u00ednsula Ib\u00e9rica)<\/strong><\/p>\n\n\n\n<p>El Usuario podr\u00e1 adquirir los Productos mediante el m\u00e9todo de pago de contra reembolso. No obstante, este m\u00e9todo s\u00f3lo estar\u00e1 disponible en aquellos territorios en los que as\u00ed se indique. Asimismo, el Usuario que seleccione esta modalidad de pago abonar\u00e1 un recargo en concepto de gesti\u00f3n por el mayor de los siguientes importes 5\u20ac.<\/p>\n\n\n\n<p><strong>Pago por PayPal<\/strong><\/p>\n\n\n\n<p>El Usuario que seleccione este m\u00e9todo de pago ser\u00e1 redirigido directamente a la p\u00e1gina web de PayPal, en la cual deber\u00e1 rellenar un formulario con la informaci\u00f3n requerida para poder efectuar el pago de la compra de los Productos. Toda informaci\u00f3n introducida por el Usuario en la p\u00e1gina web de PayPal es directamente facilitada a dicha entidad de cr\u00e9dito, sin ser objeto de tratamiento en ning\u00fan caso por parte de EXTENSIONmania.<\/p>\n\n\n\n<p>La validaci\u00f3n y\/o aceptaci\u00f3n del pago del pedido se realiza en el sistema inform\u00e1tico y encriptado de PayPal.<\/p>\n\n\n\n<p><strong>Pago en cuotas Apl\u00e1zame<\/strong><\/p>\n\n\n\n<p>Apl\u00e1zame ofrece al Usuario la posibilidad de pagar el pedido hasta 15 d\u00edas m\u00e1s tarde o financiar las compras de forma inmediata. Para su contrataci\u00f3n el Usuario debe seleccionar esta opci\u00f3n al finalizar su compra. En caso de elegir la opci\u00f3n de Apl\u00e1zame el Usuario debe elegir pagar en 15 d\u00edas o pagar a plazos. Si el Usuario elige pagar a plazos debe introducir un n\u00famero de cuotas (m\u00e1ximo 10 meses). Complete un breve formulario con sus datos personales y si su solicitud es aprobada, introduzca su m\u00e9todo de pago. La primera cuota se cargar\u00e1 en ese momento de manera autom\u00e1tica.<\/p>\n\n\n\n<p>Si deseas calcular tu cuota, encontrar\u00e1s un simulador en la p\u00e1gina de detalle del producto.<\/p>\n\n\n\n<p>Para m\u00e1s informaci\u00f3n: https:\/\/aplazame.com\/pagar-despues\/<\/p>\n\n\n\n<p><strong>Medidas de seguridad<\/strong><\/p>\n\n\n\n<p>El sitio web utiliza t\u00e9cnicas de seguridad de la informaci\u00f3n generalmente aceptadas en la industria, tales como firewalls, procedimientos de control de acceso y mecanismos criptogr\u00e1ficos, todo ello con el objeto de evitar el acceso no autorizado a los datos. Para lograr estos fines, el usuario\/cliente acepta que el prestador obtenga datos para efecto de la correspondiente autenticaci\u00f3n de los controles de acceso.<\/p>\n\n\n\n<p>EXTENSIONmania se compromete a no permitir ninguna transacci\u00f3n que sea considerada ilegal por las marcas de tarjetas de cr\u00e9dito o el banco adquiriente, que pueda o tenga el potencial de da\u00f1ar la buena voluntad de los mismos o influir de manera negativa en ellos.<\/p>\n\n\n\n<p>Las siguientes actividades est\u00e1n prohibidas en virtud de los programas de las marcas de tarjetas: la venta u oferta de un producto o servicio que no cumpla con todas las leyes aplicables al comprador, banco emisor, comerciante o titular de la tarjeta.<\/p>\n\n\n\n<p><strong>11. PROCESO DE COMPRA<\/strong><\/p>\n\n\n\n<p><strong>Cesta<\/strong> Cualquier producto de nuestro cat\u00e1logo se puede a\u00f1adir a la cesta. En esta, solo se observar\u00e1n los art\u00edculos, la cantidad, el precio y el importe total. Una vez guardada la cesta se proceder\u00e1 a calcular los impuestos, cargos y descuentos seg\u00fan los datos de pago y de env\u00edo introducidos.<\/p>\n\n\n\n<p>Las cestas no tienen ninguna vinculaci\u00f3n administrativa, solo es un apartado donde se puede simular un presupuesto sin ning\u00fan compromiso por ambas partes.<\/p>\n\n\n\n<p>Desde la cesta se puede hacer un pedido siguiendo los pasos siguientes para su correcta formalizaci\u00f3n:<\/p>\n\n\n\n<p>1. &#8211; Comprobaci\u00f3n de los datos de facturaci\u00f3n.<\/p>\n\n\n\n<p>2. &#8211; Comprobaci\u00f3n de la direcci\u00f3n de env\u00edo.<\/p>\n\n\n\n<p>3. &#8211; Selecci\u00f3n de la forma de pago.<\/p>\n\n\n\n<p>4. &#8211; Realizar el pedido (comprar).<\/p>\n\n\n\n<p>Una vez procesado el pedido, el sistema env\u00eda instant\u00e1neamente un correo electr\u00f3nico al departamento de gesti\u00f3n de EXTENSIONmania y otro al correo del Usuario confirmando la realizaci\u00f3n del pedido. Pedidos (solicitudes de compra) En un m\u00e1ximo de 24 horas, en d\u00edas laborables, se enviar\u00e1 un correo electr\u00f3nico al Usuario confirmando el estado del pedido y la fecha de env\u00edo y\/o entrega aproximada.<\/p>\n\n\n\n<p><strong>12. GARANT\u00cdAS APLICABLES<\/strong><\/p>\n\n\n\n<p>Los productos tienen una garant\u00eda de 45 d\u00edas desde la primera compra. La garant\u00edas solo incluye el cambio en caso de defecto fabricaci\u00f3n. Se excluye el mal uso, tinte, corte, decoloraci\u00f3n y\/o permanente.<\/p>\n\n\n\n<p>Al tratarse de un art\u00edculo natural est\u00e1 sujeto a variaciones y puede haber cambios en el color y la textura en las diferentes series.<\/p>\n\n\n\n<p>No nos hacemos responsables de los trabajos t\u00e9cnicos realizados fuera de nuestros salones.<\/p>\n\n\n\n<p>La duraci\u00f3n del cabello adquirido depender\u00e1 del cuidado y manejo diario que se realice. Por lo que, cuanto m\u00e1s sigas nuestros consejos de cuidado, m\u00e1s posibilidades tendr\u00e1s de alargar la vida de las extensiones.<\/p>\n\n\n\n<p><strong>13. SUSTITUCI\u00d3N<\/strong><\/p>\n\n\n\n<p>La garant\u00eda de los productos ofrecidos responder\u00e1 a los siguientes art\u00edculos basados en la Ley 23\/2003, de 10 de julio, de Garant\u00edas de venta de bienes de consumo:<\/p>\n\n\n\n<p>I) Responsabilidad de <strong>EXTENSIONmania<\/strong> y derechos del Usuario<\/p>\n\n\n\n<p>EXTENSIONmania responder\u00e1 ante el Usuario de cualquier falta de conformidad que exista en el momento de la entrega del producto. EXTENSIONmania reconoce al Usuario el derecho a la sustituci\u00f3n o a la resoluci\u00f3n del contrato. De conformidad con el art\u00edculo 6 del C\u00f3digo Civil, cualquier renuncia previa de los derechos del Usuario o actos realizados en fraude ser\u00e1n nulos.<\/p>\n\n\n\n<p>II) Sustituci\u00f3n de los productos<\/p>\n\n\n\n<ul class=\"wp-block-list\">\n<li>Si el producto no es conforme con el contrato, el Usuario podr\u00e1 optar entre exigir la reparaci\u00f3n o la sustituci\u00f3n del mismo, salvo que una de estas opciones resulte imposible o desproporcionada. Desde el momento en que el Usuario comunique a EXTENSIONmania la opci\u00f3n elegida, ambas partes deber\u00e1n atenerse. Esta decisi\u00f3n del Usuario se entiende sin perjuicio de lo dispuesto en el art\u00edculo IV siguiente para los supuestos en que la reparaci\u00f3n o la sustituci\u00f3n no logren poner el producto en conformidad con el contrato.<\/li>\n\n\n\n<li>Se considerar\u00e1 desproporcionada toda forma de saneamiento que imponga a EXTENSIONmania costes que, en comparaci\u00f3n con la otra forma de saneamiento, no sean razonables, teniendo en cuenta el valor que tendr\u00eda el producto si no hubiera falta de conformidad, la relevancia de la falta de conformidad y si la forma de saneamiento alternativa se pudiese realizar sin inconvenientes mayores para el Usuario.<\/li>\n<\/ul>\n\n\n\n<p>III) Plazos<\/p>\n\n\n\n<ul class=\"wp-block-list\">\n<li>La fecha v\u00e1lida para la garant\u00eda ser\u00e1 la que conste en el ticket de compra o factura.<\/li>\n\n\n\n<li>La acci\u00f3n para reclamar el cumplimiento de lo previsto en los art\u00edculos anteriores prescribe 45 d\u00edas desde la entrega del producto.<\/li>\n\n\n\n<li>El Usuario deber\u00e1 informar a EXTENSIONmania de la falta de conformidad en el plazo de 45 d\u00edas desde que tuvo conocimiento de ella. Salvo prueba en contrario, se entender\u00e1 que la comunicaci\u00f3n del Usuario ha tenido lugar dentro del plazo establecido.<\/li>\n<\/ul>\n\n\n\n<p><strong>14. LEY APLICABLE Y JURISDICCI\u00d3N<\/strong><\/p>\n\n\n\n<p>Estas condiciones se regir\u00e1n o interpretar\u00e1n conforme a la legislaci\u00f3n espa\u00f1ola en aquello que no est\u00e9 expresamente establecido. EXTENSIONmania y el Usuario acuerdan someter a los juzgados y tribunales del domicilio del Usuario cualquier controversia que pudiera suscitarse de la prestaci\u00f3n de los productos o servicios objeto de estas Condiciones.<\/p>\n\n\n\n<p>En caso de que el Usuario tenga su domicilio fuera de Espa\u00f1a, EXTENSIONmania y el Usuario renuncian expresamente a cualquier otro foro, someti\u00e9ndose a los Juzgados y Tribunales de Getafe (Madrid).<\/p>\n","protected":false},"excerpt":{"rendered":"<p>T\u00e9rminos y Condiciones de Venta Este documento contractual regir\u00e1 las Condiciones de venta (en adelante, \u00abCondiciones\u00bb) a trav\u00e9s del sitio web extensionmania.com, propiedad de EXTENSIONMANIA, S.L., en adelante, EXTENSIONmania, cuyos datos de contacto figuran tambi\u00e9n en el Aviso Legal de esta Web. Estas Condiciones podr\u00e1n ser modificadas en cualquier momento. Es responsabilidad del Usuario leerlas [&hellip;]<\/p>\n","protected":false},"author":1,"featured_media":0,"parent":0,"menu_order":0,"comment_status":"closed","ping_status":"closed","template":"","meta":{"footnotes":""},"class_list":["post-1647","page","type-page","status-publish","hentry"],"_links":{"self":[{"href":"https:\/\/www.extensionmania.com\/tienda\/wp-json\/wp\/v2\/pages\/1647","targetHints":{"allow":["GET"]}}],"collection":[{"href":"https:\/\/www.extensionmania.com\/tienda\/wp-json\/wp\/v2\/pages"}],"about":[{"href":"https:\/\/www.extensionmania.com\/tienda\/wp-json\/wp\/v2\/types\/page"}],"author":[{"embeddable":true,"href":"https:\/\/www.extensionmania.com\/tienda\/wp-json\/wp\/v2\/users\/1"}],"replies":[{"embeddable":true,"href":"https:\/\/www.extensionmania.com\/tienda\/wp-json\/wp\/v2\/comments?post=1647"}],"version-history":[{"count":0,"href":"https:\/\/www.extensionmania.com\/tienda\/wp-json\/wp\/v2\/pages\/1647\/revisions"}],"wp:attachment":[{"href":"https:\/\/www.extensionmania.com\/tienda\/wp-json\/wp\/v2\/media?parent=1647"}],"curies":[{"name":"wp","href":"https:\/\/api.w.org\/{rel}","templated":true}]}}