{"id":1154,"date":"2022-05-09T17:29:42","date_gmt":"2022-05-09T16:29:42","guid":{"rendered":"https:\/\/www.extensionmania.com\/?page_id=1154"},"modified":"2026-01-22T09:26:27","modified_gmt":"2026-01-22T08:26:27","slug":"envio-y-devoluciones","status":"publish","type":"page","link":"https:\/\/www.extensionmania.com\/tienda\/envio-y-devoluciones\/","title":{"rendered":"Env\u00edo y Devoluciones"},"content":{"rendered":"\t\t<div data-elementor-type=\"wp-page\" data-elementor-id=\"1154\" class=\"elementor elementor-1154\" data-elementor-post-type=\"page\">\n\t\t\t\t\t\t<section class=\"elementor-section elementor-top-section elementor-element elementor-element-e521b55 elementor-section-boxed elementor-section-height-default elementor-section-height-default\" data-id=\"e521b55\" data-element_type=\"section\" data-e-type=\"section\">\n\t\t\t\t\t\t<div class=\"elementor-container elementor-column-gap-default\">\n\t\t\t\t\t<div class=\"elementor-column elementor-col-100 elementor-top-column elementor-element elementor-element-efbef26\" data-id=\"efbef26\" data-element_type=\"column\" data-e-type=\"column\">\n\t\t\t<div class=\"elementor-widget-wrap elementor-element-populated\">\n\t\t\t\t\t\t<div class=\"elementor-element elementor-element-ad3c8f4 elementor-widget elementor-widget-heading\" data-id=\"ad3c8f4\" data-element_type=\"widget\" data-e-type=\"widget\" data-widget_type=\"heading.default\">\n\t\t\t\t<div class=\"elementor-widget-container\">\n\t\t\t\t\t<h1 class=\"elementor-heading-title elementor-size-default\">Env\u00edos y devoluciones<\/h1>\t\t\t\t<\/div>\n\t\t\t\t<\/div>\n\t\t\t\t\t<\/div>\n\t\t<\/div>\n\t\t\t\t\t<\/div>\n\t\t<\/section>\n\t\t\t\t<section class=\"elementor-section elementor-top-section elementor-element elementor-element-0b4797e elementor-section-boxed elementor-section-height-default elementor-section-height-default\" data-id=\"0b4797e\" data-element_type=\"section\" data-e-type=\"section\">\n\t\t\t\t\t\t<div class=\"elementor-container elementor-column-gap-default\">\n\t\t\t\t\t<div class=\"elementor-column elementor-col-100 elementor-top-column elementor-element elementor-element-e761628\" data-id=\"e761628\" data-element_type=\"column\" data-e-type=\"column\">\n\t\t\t<div class=\"elementor-widget-wrap elementor-element-populated\">\n\t\t\t\t\t\t<div class=\"elementor-element elementor-element-733130f elementor-position-inline-start elementor-view-default elementor-mobile-position-block-start elementor-widget elementor-widget-icon-box\" data-id=\"733130f\" data-element_type=\"widget\" data-e-type=\"widget\" data-widget_type=\"icon-box.default\">\n\t\t\t\t<div class=\"elementor-widget-container\">\n\t\t\t\t\t\t\t<div class=\"elementor-icon-box-wrapper\">\n\n\t\t\t\t\t\t<div class=\"elementor-icon-box-icon\">\n\t\t\t\t<span  class=\"elementor-icon\">\n\t\t\t\t<i aria-hidden=\"true\" class=\"fas fa-truck\"><\/i>\t\t\t\t<\/span>\n\t\t\t<\/div>\n\t\t\t\n\t\t\t\t\t\t<div class=\"elementor-icon-box-content\">\n\n\t\t\t\t\t\t\t\t\t<h2 class=\"elementor-icon-box-title\">\n\t\t\t\t\t\t<span  >\n\t\t\t\t\t\t\tENV\u00cdO\t\t\t\t\t\t<\/span>\n\t\t\t\t\t<\/h2>\n\t\t\t\t\n\t\t\t\t\n\t\t\t<\/div>\n\t\t\t\n\t\t<\/div>\n\t\t\t\t\t\t<\/div>\n\t\t\t\t<\/div>\n\t\t\t\t<div class=\"elementor-element elementor-element-855f1cd elementor-widget elementor-widget-text-editor\" data-id=\"855f1cd\" data-element_type=\"widget\" data-e-type=\"widget\" data-widget_type=\"text-editor.default\">\n\t\t\t\t<div class=\"elementor-widget-container\">\n\t\t\t\t\t\t\t\t\t<p><span style=\"color: #000000;\"><strong>Entrega a pen\u00ednsula de 24h a 72h<\/strong> para pedidos realizados <strong>antes de las 14h<\/strong>\u00a0de lunes a jueves laborables.<\/span><\/p>\t\t\t\t\t\t\t\t<\/div>\n\t\t\t\t<\/div>\n\t\t\t\t<div class=\"elementor-element elementor-element-cc06840 elementor-widget-divider--view-line elementor-widget elementor-widget-divider\" data-id=\"cc06840\" data-element_type=\"widget\" data-e-type=\"widget\" data-widget_type=\"divider.default\">\n\t\t\t\t<div class=\"elementor-widget-container\">\n\t\t\t\t\t\t\t<div class=\"elementor-divider\">\n\t\t\t<span class=\"elementor-divider-separator\">\n\t\t\t\t\t\t<\/span>\n\t\t<\/div>\n\t\t\t\t\t\t<\/div>\n\t\t\t\t<\/div>\n\t\t\t\t<div class=\"elementor-element elementor-element-f8ca47c elementor-position-inline-start elementor-view-default elementor-mobile-position-block-start elementor-widget elementor-widget-icon-box\" data-id=\"f8ca47c\" data-element_type=\"widget\" data-e-type=\"widget\" data-widget_type=\"icon-box.default\">\n\t\t\t\t<div class=\"elementor-widget-container\">\n\t\t\t\t\t\t\t<div class=\"elementor-icon-box-wrapper\">\n\n\t\t\t\t\t\t<div class=\"elementor-icon-box-icon\">\n\t\t\t\t<span  class=\"elementor-icon\">\n\t\t\t\t<i aria-hidden=\"true\" class=\"fas fa-coins\"><\/i>\t\t\t\t<\/span>\n\t\t\t<\/div>\n\t\t\t\n\t\t\t\t\t\t<div class=\"elementor-icon-box-content\">\n\n\t\t\t\t\t\t\t\t\t<h2 class=\"elementor-icon-box-title\">\n\t\t\t\t\t\t<span  >\n\t\t\t\t\t\t\tGASTOS\t\t\t\t\t\t<\/span>\n\t\t\t\t\t<\/h2>\n\t\t\t\t\n\t\t\t\t\n\t\t\t<\/div>\n\t\t\t\n\t\t<\/div>\n\t\t\t\t\t\t<\/div>\n\t\t\t\t<\/div>\n\t\t\t\t<div class=\"elementor-element elementor-element-27178cd elementor-widget elementor-widget-text-editor\" data-id=\"27178cd\" data-element_type=\"widget\" data-e-type=\"widget\" data-widget_type=\"text-editor.default\">\n\t\t\t\t<div class=\"elementor-widget-container\">\n\t\t\t\t\t\t\t\t\t<p><span style=\"color: #000000;\"><strong>Espa\u00f1a pen\u00ednsula, Portugal y Gibraltar<\/strong>, <strong>env\u00edo gratuito por compras superiores a 50\u20ac.<\/strong> Si el importe de la compra es <strong>menor a 50\u20ac<\/strong> el precio del env\u00edo es de <strong>10,90\u20ac.<\/strong><\/span><\/p><p><span style=\"font-family: var(--tb-text-primary-font); color: #000000;\">El env\u00edo a <strong>Islas Baleares<\/strong> tiene un coste de<strong> 10,90\u20ac.<\/strong><\/span><\/p><p><strong><span style=\"color: #000000;\">Env\u00edos a Europa<\/span><\/strong><\/p><ul><li><strong><span style=\"color: #000000;\">Zona 1 \u2013 Coste fijo: 36,37 \u20ac<\/span><\/strong><br \/><span style=\"color: #000000;\">Incluye: Alemania, Austria, B\u00e9lgica, Dinamarca, Francia, Luxemburgo, Italia, Pa\u00edses Bajos, Polonia, Rep\u00fablica Checa, Reino Unido y Suiza*.<\/span><\/li><li><strong><span style=\"color: #000000;\">Zona 2 \u2013 Coste fijo: 51,24 \u20ac<\/span><\/strong><br \/><span style=\"color: #000000;\">Incluye: Finlandia, Bulgaria, Eslovenia, Estonia, Grecia, Hungr\u00eda, Irlanda, Letonia, Lituania, Eslovaquia, Noruega*, Rumania y Suecia.<\/span><\/li><\/ul><p><span style=\"color: #000000;\">*En los pa\u00edses marcados con asterisco se requiere documento de identidad para poder realizar el env\u00edo.<\/span><\/p><p><span style=\"color: #000000;\"><strong>Los plazos de entrega dependen del tipo de env\u00edo seleccionado<\/strong>. Para env\u00edos est\u00e1ndar son de 2 a 3 d\u00edas laborables y para env\u00edos express son de 1 a 2 d\u00edas laborables. Para otros destino y\/o pa\u00edses los plazos se ampl\u00edan a 3 o 4 d\u00edas.<\/span><\/p><p><strong><span style=\"color: #000000;\">No se realizan env\u00edos a Canarias, Ceuta, Melilla y Andorra.<\/span><\/strong><\/p><p><span style=\"color: #000000;\">Otros destinos consultar por v\u00eda email <span style=\"color: #9e8b66;\"><a style=\"color: #9e8b66;\" href=\"mailto:almacen@extensionmania.com\">info@extensionmania.com<\/a><\/span> o en el <span style=\"color: #9e8b66;\"><a style=\"color: #9e8b66;\" href=\"tel:+34638132845\">638 132 845<\/a>.<\/span><\/span><\/p>\t\t\t\t\t\t\t\t<\/div>\n\t\t\t\t<\/div>\n\t\t\t\t<div class=\"elementor-element elementor-element-0863116 elementor-widget-divider--view-line elementor-widget elementor-widget-divider\" data-id=\"0863116\" data-element_type=\"widget\" data-e-type=\"widget\" data-widget_type=\"divider.default\">\n\t\t\t\t<div class=\"elementor-widget-container\">\n\t\t\t\t\t\t\t<div class=\"elementor-divider\">\n\t\t\t<span class=\"elementor-divider-separator\">\n\t\t\t\t\t\t<\/span>\n\t\t<\/div>\n\t\t\t\t\t\t<\/div>\n\t\t\t\t<\/div>\n\t\t\t\t<div class=\"elementor-element elementor-element-056c4e7 elementor-position-inline-start elementor-view-default elementor-mobile-position-block-start elementor-widget elementor-widget-icon-box\" data-id=\"056c4e7\" data-element_type=\"widget\" data-e-type=\"widget\" data-widget_type=\"icon-box.default\">\n\t\t\t\t<div class=\"elementor-widget-container\">\n\t\t\t\t\t\t\t<div class=\"elementor-icon-box-wrapper\">\n\n\t\t\t\t\t\t<div class=\"elementor-icon-box-icon\">\n\t\t\t\t<span  class=\"elementor-icon\">\n\t\t\t\t<i aria-hidden=\"true\" class=\"fas fa-exchange-alt\"><\/i>\t\t\t\t<\/span>\n\t\t\t<\/div>\n\t\t\t\n\t\t\t\t\t\t<div class=\"elementor-icon-box-content\">\n\n\t\t\t\t\t\t\t\t\t<h2 class=\"elementor-icon-box-title\">\n\t\t\t\t\t\t<span  >\n\t\t\t\t\t\t\tDEVOLUCIONES\t\t\t\t\t\t<\/span>\n\t\t\t\t\t<\/h2>\n\t\t\t\t\n\t\t\t\t\n\t\t\t<\/div>\n\t\t\t\n\t\t<\/div>\n\t\t\t\t\t\t<\/div>\n\t\t\t\t<\/div>\n\t\t\t\t<div class=\"elementor-element elementor-element-35477fe elementor-widget elementor-widget-text-editor\" data-id=\"35477fe\" data-element_type=\"widget\" data-e-type=\"widget\" data-widget_type=\"text-editor.default\">\n\t\t\t\t<div class=\"elementor-widget-container\">\n\t\t\t\t\t\t\t\t\t<p><span style=\"color: #000000;\">El plazo para poder hacer un <strong>cambio o devoluci\u00f3n es de 14 d\u00edas a partir de la fecha de entrega<\/strong>. Los <strong>gastos de devoluci\u00f3n<\/strong> as\u00ed como los riesgos vinculados a la devoluci\u00f3n del art\u00edculo <strong>ser\u00e1n a cargo del remitente<\/strong>, quien debe enviarlos de forma segura y con las garant\u00edas necesarias para que la mercanc\u00eda devuelta llegue en perfecto estado de conservaci\u00f3n.<\/span><\/p><p><span style=\"color: #000000;\">Te ofrecemos la <strong>posibilidad de recogida a domicilio<\/strong> con nuestros servicio de mensajer\u00eda <strong>a partir de 8\u20ac<\/strong> (seg\u00fan destino). Notif\u00edcalo llamando al<\/span> <a href=\"tel:+34638132845\">638 132 845<\/a>.<\/p><p><span style=\"color: #000000;\">Si el motivo de la devoluci\u00f3n del producto no se debe a que lleg\u00f3 da\u00f1ado, era defectuoso o era incorrecto, no te reembolsaremos los gastos de env\u00edo ni ning\u00fan otro servicio relacionado con tu pedido; \u00fanicamente te reembolsaremos el importe del producto.<\/span><\/p><p><span style=\"color: #000000;\">No existe la posibilidad de hacer devoluciones online en los salones.<\/span><\/p><p><span style=\"color: #000000;\">M\u00e1s informaci\u00f3n en este<\/span> <a href=\"https:\/\/www.extensionmania.com\/tienda\/guia-de-compra\/\">enlace<\/a>.<\/p>\t\t\t\t\t\t\t\t<\/div>\n\t\t\t\t<\/div>\n\t\t\t\t\t<\/div>\n\t\t<\/div>\n\t\t\t\t\t<\/div>\n\t\t<\/section>\n\t\t\t\t<\/div>\n\t\t","protected":false},"excerpt":{"rendered":"<p>Env\u00edos y devoluciones ENV\u00cdO Entrega a pen\u00ednsula de 24h a 72h para pedidos realizados antes de las 14h\u00a0de lunes a jueves laborables. GASTOS Espa\u00f1a pen\u00ednsula, Portugal y Gibraltar, env\u00edo gratuito por compras superiores a 50\u20ac. Si el importe de la compra es menor a 50\u20ac el precio del env\u00edo es de 10,90\u20ac. El env\u00edo a [&hellip;]<\/p>\n","protected":false},"author":1,"featured_media":0,"parent":0,"menu_order":0,"comment_status":"closed","ping_status":"closed","template":"elementor_header_footer","meta":{"footnotes":""},"class_list":["post-1154","page","type-page","status-publish","hentry"],"_links":{"self":[{"href":"https:\/\/www.extensionmania.com\/tienda\/wp-json\/wp\/v2\/pages\/1154","targetHints":{"allow":["GET"]}}],"collection":[{"href":"https:\/\/www.extensionmania.com\/tienda\/wp-json\/wp\/v2\/pages"}],"about":[{"href":"https:\/\/www.extensionmania.com\/tienda\/wp-json\/wp\/v2\/types\/page"}],"author":[{"embeddable":true,"href":"https:\/\/www.extensionmania.com\/tienda\/wp-json\/wp\/v2\/users\/1"}],"replies":[{"embeddable":true,"href":"https:\/\/www.extensionmania.com\/tienda\/wp-json\/wp\/v2\/comments?post=1154"}],"version-history":[{"count":0,"href":"https:\/\/www.extensionmania.com\/tienda\/wp-json\/wp\/v2\/pages\/1154\/revisions"}],"wp:attachment":[{"href":"https:\/\/www.extensionmania.com\/tienda\/wp-json\/wp\/v2\/media?parent=1154"}],"curies":[{"name":"wp","href":"https:\/\/api.w.org\/{rel}","templated":true}]}}